{"id":6659,"date":"2024-10-22T12:19:30","date_gmt":"2024-10-22T12:19:30","guid":{"rendered":"https:\/\/asdenar.com.tr\/?post_type=product&#038;p=6659"},"modified":"2025-11-27T15:05:43","modified_gmt":"2025-11-27T15:05:43","slug":"kimyasal-hortum","status":"publish","type":"product","link":"https:\/\/asdenar.com.tr\/tr\/urun\/kimyasal\/","title":{"rendered":"Kimyasal Hortumlar\u0131"},"content":{"rendered":"<h2>Kimyasal Hortumlar\u0131<\/h2>\n<p>Asdenar, \u00e7ok \u00e7e\u015fitli asit ve kimyasallar\u0131 g\u00fcvenli ve g\u00fcvenilir bir \u015fekilde i\u015flemek \u00fczere tasarlanm\u0131\u015f kapsaml\u0131 bir kimyasal hortum yelpazesi geli\u015ftirmi\u015ftir. Kimyasal diren\u00e7li hortum \u00e7\u00f6z\u00fcmlerimiz yaln\u0131zca en iyi son teknoloji malzemelerden \u00fcretilmi\u015ftir ve say\u0131s\u0131z zorlu end\u00fcstriyel uygulaman\u0131n taleplerine dayanabilir. Kimyasal diren\u00e7li, esnek borular\u0131m\u0131z \u00e7ok \u00e7e\u015fitli a\u015f\u0131nd\u0131r\u0131c\u0131 ortamlar\u0131 ve a\u015f\u0131r\u0131 bas\u0131n\u00e7 ve s\u0131cakl\u0131klar\u0131 i\u015flemede etkilidir ve bu da onlar\u0131 agresif ortamlarla \u00e7al\u0131\u015fan uygulamalarda kullan\u0131m i\u00e7in bir numaral\u0131 tercih haline getirir.<\/p>\n<ul>\n<li id=\"menu-item-24742\" class=\"menu-item menu-item-type-post_type menu-item-object-page menu-item-24742\">CHEM D\/10 EPDM<\/li>\n<li class=\"menu-item menu-item-type-post_type menu-item-object-page menu-item-24742\">CHEM SD\/10 EPDM<\/li>\n<li class=\"menu-item menu-item-type-post_type menu-item-object-page menu-item-24742\">CHEM SD\/10 CORRUGATED<\/li>\n<li class=\"menu-item menu-item-type-post_type menu-item-object-page menu-item-24742\">CHEM SD\/16 EN 12115<\/li>\n<li class=\"menu-item menu-item-type-post_type menu-item-object-page menu-item-24742\">CHEM SD\/250 UHMW-PE<\/li>\n<li class=\"menu-item menu-item-type-post_type menu-item-object-page menu-item-24742\">CHEM SD\/300 UHMW-PE<\/li>\n<\/ul>\n","protected":false},"excerpt":{"rendered":"<h2>Kimyasal Hortumlar\u0131<\/h2>\n<p>Asdenar, \u00e7ok \u00e7e\u015fitli asit ve kimyasallar\u0131 g\u00fcvenli ve g\u00fcvenilir bir \u015fekilde i\u015flemek \u00fczere tasarlanm\u0131\u015f kapsaml\u0131 bir kimyasal hortum yelpazesi geli\u015ftirmi\u015ftir. Kimyasal diren\u00e7li hortum \u00e7\u00f6z\u00fcmlerimiz yaln\u0131zca en iyi son teknoloji malzemelerden \u00fcretilmi\u015ftir ve say\u0131s\u0131z zorlu end\u00fcstriyel uygulaman\u0131n taleplerine dayanabilir. Kimyasal diren\u00e7li, esnek borular\u0131m\u0131z \u00e7ok \u00e7e\u015fitli a\u015f\u0131nd\u0131r\u0131c\u0131 ortamlar\u0131 ve a\u015f\u0131r\u0131 bas\u0131n\u00e7 ve s\u0131cakl\u0131klar\u0131 i\u015flemede etkilidir ve bu da onlar\u0131 agresif ortamlarla \u00e7al\u0131\u015fan uygulamalarda kullan\u0131m i\u00e7in bir numaral\u0131 tercih haline getirir.<\/p>\n<ul>\n<li id=\"menu-item-24742\" class=\"menu-item menu-item-type-post_type menu-item-object-page menu-item-24742\">CHEM D\/10 EPDM<\/li>\n<li class=\"menu-item menu-item-type-post_type menu-item-object-page menu-item-24742\">CHEM SD\/10 EPDM<\/li>\n<li class=\"menu-item menu-item-type-post_type menu-item-object-page menu-item-24742\">CHEM SD\/10 CORRUGATED<\/li>\n<li class=\"menu-item menu-item-type-post_type menu-item-object-page menu-item-24742\">CHEM SD\/16 EN 12115<\/li>\n<li class=\"menu-item menu-item-type-post_type menu-item-object-page menu-item-24742\">CHEM SD\/250 UHMW-PE<\/li>\n<li class=\"menu-item menu-item-type-post_type menu-item-object-page menu-item-24742\">CHEM SD\/300 UHMW-PE<\/li>\n<\/ul>\n<p>Asdenar Kimyasal hortumlar\u0131 fiyatlar\u0131 ve\u00a0 Kimyasal hortumlar\u0131 ile ilgili daha fazla bilgi almak i\u00e7in <strong><a href=\"https:\/\/asdenar.com.tr\/iletisim\/\">bize ula\u015f\u0131n!<\/a><\/strong><\/p>\n","protected":false},"featured_media":6652,"template":"","meta":{"inline_featured_image":false,"_monsterinsights_skip_tracking":false,"_monsterinsights_sitenote_active":false,"_monsterinsights_sitenote_note":"","_monsterinsights_sitenote_category":0},"product_brand":[],"product_cat":[115],"product_tag":[157,155],"class_list":{"0":"post-6659","1":"product","2":"type-product","3":"status-publish","4":"has-post-thumbnail","6":"product_cat-industrial-hoses","7":"product_tag-chemical","8":"product_tag-industrial-rubber-hoses","10":"first","11":"instock","12":"shipping-taxable","13":"product-type-external"},"aioseo_notices":[],"_links":{"self":[{"href":"https:\/\/asdenar.com.tr\/tr\/wp-json\/wp\/v2\/product\/6659","targetHints":{"allow":["GET"]}}],"collection":[{"href":"https:\/\/asdenar.com.tr\/tr\/wp-json\/wp\/v2\/product"}],"about":[{"href":"https:\/\/asdenar.com.tr\/tr\/wp-json\/wp\/v2\/types\/product"}],"wp:featuredmedia":[{"embeddable":true,"href":"https:\/\/asdenar.com.tr\/tr\/wp-json\/wp\/v2\/media\/6652"}],"wp:attachment":[{"href":"https:\/\/asdenar.com.tr\/tr\/wp-json\/wp\/v2\/media?parent=6659"}],"wp:term":[{"taxonomy":"product_brand","embeddable":true,"href":"https:\/\/asdenar.com.tr\/tr\/wp-json\/wp\/v2\/product_brand?post=6659"},{"taxonomy":"product_cat","embeddable":true,"href":"https:\/\/asdenar.com.tr\/tr\/wp-json\/wp\/v2\/product_cat?post=6659"},{"taxonomy":"product_tag","embeddable":true,"href":"https:\/\/asdenar.com.tr\/tr\/wp-json\/wp\/v2\/product_tag?post=6659"}],"curies":[{"name":"wp","href":"https:\/\/api.w.org\/{rel}","templated":true}]}}