{"id":6658,"date":"2024-10-22T12:11:16","date_gmt":"2024-10-22T12:11:16","guid":{"rendered":"https:\/\/asdenar.com.tr\/?post_type=product&#038;p=6658"},"modified":"2025-11-27T15:05:54","modified_gmt":"2025-11-27T15:05:54","slug":"malzeme-transfer-hortumlari","status":"publish","type":"product","link":"https:\/\/asdenar.com.tr\/tr\/urun\/malzeme-transfer-hortumlari\/","title":{"rendered":"Malzeme Transfer Hortumlar\u0131"},"content":{"rendered":"<h2>Malzeme Transfer Hortumlar\u0131<\/h2>\n<p>Asdenar&#8217;\u0131n \u00fcst\u00fcn transfer hortumlar\u0131, kum, \u00e7imento, beton veya kuru iri malzemeler gibi daha agresif malzemeler olsun, bir yerden bir yere ve bir noktadan di\u011ferine medyay\u0131 ta\u015f\u0131r ve kurulumu kolay bir dizi yap\u0131land\u0131rma i\u00e7erir. Bu \u00fcr\u00fcnler, geni\u015f aral\u0131ktaki \u00e7al\u0131\u015fma s\u0131cakl\u0131klar\u0131 i\u00e7in uygundur ve \u00fcr\u00fcnlerimiz \u00e7e\u015fitli uygulama t\u00fcrlerinde kullan\u0131ma uygun oldu\u011fundan, g\u00fcn\u00fcm\u00fcz\u00fcn bir\u00e7ok b\u00fcy\u00fck end\u00fcstriyel pazar\u0131n\u0131 destekler.<\/p>\n<ul>\n<li id=\"menu-item-24757\" class=\"menu-item menu-item-type-post_type menu-item-object-page menu-item-24757\">SAND 12<\/li>\n<li id=\"menu-item-24758\" class=\"menu-item menu-item-type-post_type menu-item-object-page menu-item-24758\">SAND 2PLY<\/li>\n<li id=\"menu-item-24759\" class=\"menu-item menu-item-type-post_type menu-item-object-page menu-item-24759\">SAND 4PLY<\/li>\n<li id=\"menu-item-24760\" class=\"menu-item menu-item-type-post_type menu-item-object-page menu-item-24760\">SAND 4PLY HD<\/li>\n<li id=\"menu-item-24750\" class=\"menu-item menu-item-type-post_type menu-item-object-page menu-item-24750\">ABRASILO<\/li>\n<li id=\"menu-item-24755\" class=\"menu-item menu-item-type-post_type menu-item-object-page menu-item-24755\">DRY CEMENT D\/5<\/li>\n<li id=\"menu-item-24751\" class=\"menu-item menu-item-type-post_type menu-item-object-page menu-item-24751\">CEMENT D\/10<\/li>\n<li id=\"menu-item-24752\" class=\"menu-item menu-item-type-post_type menu-item-object-page menu-item-24752\">CEMENT SD\/10<\/li>\n<li id=\"menu-item-24753\" class=\"menu-item menu-item-type-post_type menu-item-object-page menu-item-24753\">CEMENT SD\/10 CORRUGATED<\/li>\n<li id=\"menu-item-24756\" class=\"menu-item menu-item-type-post_type menu-item-object-page menu-item-24756\">PLASTER 40<\/li>\n<li id=\"menu-item-24754\" class=\"menu-item menu-item-type-post_type menu-item-object-page menu-item-24754\">CRETE 85<\/li>\n<li id=\"menu-item-24990\" class=\"menu-item menu-item-type-post_type menu-item-object-page menu-item-24990\">CRETE 100<\/li>\n<li id=\"menu-item-24992\" class=\"menu-item menu-item-type-post_type menu-item-object-page menu-item-24992\">VIBRA D\/10<\/li>\n<li id=\"menu-item-24991\" class=\"menu-item menu-item-type-post_type menu-item-object-page menu-item-24991\">DRY BULK SD\/5 CORRUGATED<\/li>\n<li id=\"menu-item-25266\" class=\"menu-item menu-item-type-post_type menu-item-object-page menu-item-25266\">BULK FLEX SD\/10 CHANNELED<\/li>\n<li id=\"menu-item-25145\" class=\"menu-item menu-item-type-post_type menu-item-object-page menu-item-25145\">SEWER VAC SD\/10 CORRUGATED<\/li>\n<\/ul>\n","protected":false},"excerpt":{"rendered":"<h2>Malzeme Transfer Hortumlar\u0131<\/h2>\n<p>Asdenar&#8217;\u0131n \u00fcst\u00fcn transfer hortumlar\u0131, kum, \u00e7imento, beton veya kuru iri malzemeler gibi daha agresif malzemeler olsun, bir yerden bir yere ve bir noktadan di\u011ferine medyay\u0131 ta\u015f\u0131r ve kurulumu kolay bir dizi yap\u0131land\u0131rma i\u00e7erir. Bu \u00fcr\u00fcnler, geni\u015f aral\u0131ktaki \u00e7al\u0131\u015fma s\u0131cakl\u0131klar\u0131 i\u00e7in uygundur ve \u00fcr\u00fcnlerimiz \u00e7e\u015fitli uygulama t\u00fcrlerinde kullan\u0131ma uygun oldu\u011fundan, g\u00fcn\u00fcm\u00fcz\u00fcn bir\u00e7ok b\u00fcy\u00fck end\u00fcstriyel pazar\u0131n\u0131 destekler.<\/p>\n<ul>\n<li id=\"menu-item-24757\" class=\"menu-item menu-item-type-post_type menu-item-object-page menu-item-24757\">SAND 12<\/li>\n<li id=\"menu-item-24758\" class=\"menu-item menu-item-type-post_type menu-item-object-page menu-item-24758\">SAND 2PLY<\/li>\n<li id=\"menu-item-24759\" class=\"menu-item menu-item-type-post_type menu-item-object-page menu-item-24759\">SAND 4PLY<\/li>\n<li id=\"menu-item-24760\" class=\"menu-item menu-item-type-post_type menu-item-object-page menu-item-24760\">SAND 4PLY HD<\/li>\n<li id=\"menu-item-24750\" class=\"menu-item menu-item-type-post_type menu-item-object-page menu-item-24750\">ABRASILO<\/li>\n<li id=\"menu-item-24755\" class=\"menu-item menu-item-type-post_type menu-item-object-page menu-item-24755\">DRY CEMENT D\/5<\/li>\n<li id=\"menu-item-24751\" class=\"menu-item menu-item-type-post_type menu-item-object-page menu-item-24751\">CEMENT D\/10<\/li>\n<li id=\"menu-item-24752\" class=\"menu-item menu-item-type-post_type menu-item-object-page menu-item-24752\">CEMENT SD\/10<\/li>\n<li id=\"menu-item-24753\" class=\"menu-item menu-item-type-post_type menu-item-object-page menu-item-24753\">CEMENT SD\/10 CORRUGATED<\/li>\n<li id=\"menu-item-24756\" class=\"menu-item menu-item-type-post_type menu-item-object-page menu-item-24756\">PLASTER 40<\/li>\n<li id=\"menu-item-24754\" class=\"menu-item menu-item-type-post_type menu-item-object-page menu-item-24754\">CRETE 85<\/li>\n<li id=\"menu-item-24990\" class=\"menu-item menu-item-type-post_type menu-item-object-page menu-item-24990\">CRETE 100<\/li>\n<li id=\"menu-item-24992\" class=\"menu-item menu-item-type-post_type menu-item-object-page menu-item-24992\">VIBRA D\/10<\/li>\n<li id=\"menu-item-24991\" class=\"menu-item menu-item-type-post_type menu-item-object-page menu-item-24991\">DRY BULK SD\/5 CORRUGATED<\/li>\n<li id=\"menu-item-25266\" class=\"menu-item menu-item-type-post_type menu-item-object-page menu-item-25266\">BULK FLEX SD\/10 CHANNELED<\/li>\n<li id=\"menu-item-25145\" class=\"menu-item menu-item-type-post_type menu-item-object-page menu-item-25145\">SEWER VAC SD\/10 CORRUGATED<\/li>\n<\/ul>\n<p>Asdenar Malzeme Transfer hortumlar\u0131 fiyatlar\u0131 ve Malzeme Transfer hortumlar\u0131 ile ilgili daha fazla bilgi almak i\u00e7in <strong><a href=\"https:\/\/asdenar.com.tr\/iletisim\/\">bize ula\u015f\u0131n!<\/a><\/strong><\/p>\n","protected":false},"featured_media":6652,"template":"","meta":{"inline_featured_image":false,"_monsterinsights_skip_tracking":false,"_monsterinsights_sitenote_active":false,"_monsterinsights_sitenote_note":"","_monsterinsights_sitenote_category":0},"product_brand":[],"product_cat":[115],"product_tag":[155,163,158],"class_list":{"0":"post-6658","1":"product","2":"type-product","3":"status-publish","4":"has-post-thumbnail","6":"product_cat-industrial-hoses","7":"product_tag-industrial-rubber-hoses","8":"product_tag-material-transfer-hoses","9":"product_tag-transfer","11":"first","12":"instock","13":"shipping-taxable","14":"product-type-external"},"aioseo_notices":[],"_links":{"self":[{"href":"https:\/\/asdenar.com.tr\/tr\/wp-json\/wp\/v2\/product\/6658","targetHints":{"allow":["GET"]}}],"collection":[{"href":"https:\/\/asdenar.com.tr\/tr\/wp-json\/wp\/v2\/product"}],"about":[{"href":"https:\/\/asdenar.com.tr\/tr\/wp-json\/wp\/v2\/types\/product"}],"wp:featuredmedia":[{"embeddable":true,"href":"https:\/\/asdenar.com.tr\/tr\/wp-json\/wp\/v2\/media\/6652"}],"wp:attachment":[{"href":"https:\/\/asdenar.com.tr\/tr\/wp-json\/wp\/v2\/media?parent=6658"}],"wp:term":[{"taxonomy":"product_brand","embeddable":true,"href":"https:\/\/asdenar.com.tr\/tr\/wp-json\/wp\/v2\/product_brand?post=6658"},{"taxonomy":"product_cat","embeddable":true,"href":"https:\/\/asdenar.com.tr\/tr\/wp-json\/wp\/v2\/product_cat?post=6658"},{"taxonomy":"product_tag","embeddable":true,"href":"https:\/\/asdenar.com.tr\/tr\/wp-json\/wp\/v2\/product_tag?post=6658"}],"curies":[{"name":"wp","href":"https:\/\/api.w.org\/{rel}","templated":true}]}}