{"id":6657,"date":"2024-10-22T12:06:26","date_gmt":"2024-10-22T12:06:26","guid":{"rendered":"https:\/\/asdenar.com.tr\/?post_type=product&#038;p=6657"},"modified":"2025-11-27T15:06:11","modified_gmt":"2025-11-27T15:06:11","slug":"oil-hoses","status":"publish","type":"product","link":"https:\/\/asdenar.com.tr\/tr\/urun\/oil-hoses\/","title":{"rendered":"Akaryak\u0131t Hortumlar\u0131"},"content":{"rendered":"<h2>Akaryak\u0131t Hortumlar\u0131<\/h2>\n<p>Asdenar end\u00fcstriyel akaryak\u0131t hortumlar\u0131 \u00e7e\u015fitli bas\u0131n\u00e7, boyut ve s\u0131cakl\u0131k \u00f6zellikleriyle mevcuttur. Bu serideki hortumlar\u0131n \u00e7o\u011fu a\u015f\u0131nmaya ve hava ko\u015fullar\u0131na dayan\u0131kl\u0131d\u0131r ve y\u00fcksek ve d\u00fc\u015f\u00fck s\u0131cakl\u0131klarda \u00e7al\u0131\u015fabilir, bu da onlar\u0131 zorlu \u00e7al\u0131\u015fma ortamlar\u0131 i\u00e7in uygun hale getirir. T\u00fcm ya\u011f hortumlar\u0131m\u0131z REACH, RoHS, EN ve MSHA gibi s\u0131k\u0131 end\u00fcstri standartlar\u0131na uygundur ve \u00e7ok \u00e7e\u015fitli pazarlar i\u00e7in uygulamalarda m\u00fckemmel hizmet sunar.<\/p>\n<ul>\n<li id=\"menu-item-24742\" class=\"menu-item menu-item-type-post_type menu-item-object-page menu-item-24742\">OIL D\/10<\/li>\n<li id=\"menu-item-24743\" class=\"menu-item menu-item-type-post_type menu-item-object-page menu-item-24743\">OIL D\/20<\/li>\n<li id=\"menu-item-24744\" class=\"menu-item menu-item-type-post_type menu-item-object-page menu-item-24744\">OIL SD\/16 EN12115<\/li>\n<li id=\"menu-item-24746\" class=\"menu-item menu-item-type-post_type menu-item-object-page menu-item-24746\">OIL SD\/10 CORRUGATED<\/li>\n<li id=\"menu-item-24747\" class=\"menu-item menu-item-type-post_type menu-item-object-page menu-item-24747\">OIL SD\/20 CORRUGATED<\/li>\n<li id=\"menu-item-24745\" class=\"menu-item menu-item-type-post_type menu-item-object-page menu-item-24745\">OIL SD\/10 CHANNELED<\/li>\n<li id=\"menu-item-24748\" class=\"menu-item menu-item-type-post_type menu-item-object-page menu-item-24748\">R4<\/li>\n<li id=\"menu-item-25014\" class=\"menu-item menu-item-type-post_type menu-item-object-page menu-item-25014\">LPG EN1762 TYPE D<\/li>\n<li id=\"menu-item-25013\" class=\"menu-item menu-item-type-post_type menu-item-object-page menu-item-25013\">OIL EN1360 TYPE 1<\/li>\n<\/ul>\n","protected":false},"excerpt":{"rendered":"<h2>Akaryak\u0131t Hortumlar\u0131<\/h2>\n<p>Asdenar end\u00fcstriyel akaryak\u0131t hortumlar\u0131 \u00e7e\u015fitli bas\u0131n\u00e7, boyut ve s\u0131cakl\u0131k \u00f6zellikleriyle mevcuttur. Bu serideki hortumlar\u0131n \u00e7o\u011fu a\u015f\u0131nmaya ve hava ko\u015fullar\u0131na dayan\u0131kl\u0131d\u0131r ve y\u00fcksek ve d\u00fc\u015f\u00fck s\u0131cakl\u0131klarda \u00e7al\u0131\u015fabilir, bu da onlar\u0131 zorlu \u00e7al\u0131\u015fma ortamlar\u0131 i\u00e7in uygun hale getirir. T\u00fcm ya\u011f hortumlar\u0131m\u0131z REACH, RoHS, EN ve MSHA gibi s\u0131k\u0131 end\u00fcstri standartlar\u0131na uygundur ve \u00e7ok \u00e7e\u015fitli pazarlar i\u00e7in uygulamalarda m\u00fckemmel hizmet sunar.<\/p>\n<ul>\n<li id=\"menu-item-24742\" class=\"menu-item menu-item-type-post_type menu-item-object-page menu-item-24742\">OIL D\/10<\/li>\n<li id=\"menu-item-24743\" class=\"menu-item menu-item-type-post_type menu-item-object-page menu-item-24743\">OIL D\/20<\/li>\n<li id=\"menu-item-24744\" class=\"menu-item menu-item-type-post_type menu-item-object-page menu-item-24744\">OIL SD\/16 EN12115<\/li>\n<li id=\"menu-item-24746\" class=\"menu-item menu-item-type-post_type menu-item-object-page menu-item-24746\">OIL SD\/10 CORRUGATED<\/li>\n<li id=\"menu-item-24747\" class=\"menu-item menu-item-type-post_type menu-item-object-page menu-item-24747\">OIL SD\/20 CORRUGATED<\/li>\n<li id=\"menu-item-24745\" class=\"menu-item menu-item-type-post_type menu-item-object-page menu-item-24745\">OIL SD\/10 CHANNELED<\/li>\n<li id=\"menu-item-24748\" class=\"menu-item menu-item-type-post_type menu-item-object-page menu-item-24748\">R4<\/li>\n<li id=\"menu-item-25014\" class=\"menu-item menu-item-type-post_type menu-item-object-page menu-item-25014\">LPG EN1762 TYPE D<\/li>\n<li id=\"menu-item-25013\" class=\"menu-item menu-item-type-post_type menu-item-object-page menu-item-25013\">OIL EN1360 TYPE 1<\/li>\n<\/ul>\n<p>Asdenar akaryak\u0131t hortumlar\u0131 fiyatlar\u0131 ve\u00a0 akaryak\u0131t hortumlar\u0131 ile ilgili daha fazla bilgi almak i\u00e7in <strong><a href=\"https:\/\/asdenar.com.tr\/iletisim\/\">bize ula\u015f\u0131n!<\/a><\/strong><\/p>\n","protected":false},"featured_media":6652,"template":"","meta":{"inline_featured_image":false,"_monsterinsights_skip_tracking":false,"_monsterinsights_sitenote_active":false,"_monsterinsights_sitenote_note":"","_monsterinsights_sitenote_category":0},"product_brand":[],"product_cat":[115],"product_tag":[155,159],"class_list":{"0":"post-6657","1":"product","2":"type-product","3":"status-publish","4":"has-post-thumbnail","6":"product_cat-industrial-hoses","7":"product_tag-industrial-rubber-hoses","8":"product_tag-oil","10":"first","11":"instock","12":"shipping-taxable","13":"product-type-external"},"aioseo_notices":[],"_links":{"self":[{"href":"https:\/\/asdenar.com.tr\/tr\/wp-json\/wp\/v2\/product\/6657","targetHints":{"allow":["GET"]}}],"collection":[{"href":"https:\/\/asdenar.com.tr\/tr\/wp-json\/wp\/v2\/product"}],"about":[{"href":"https:\/\/asdenar.com.tr\/tr\/wp-json\/wp\/v2\/types\/product"}],"wp:featuredmedia":[{"embeddable":true,"href":"https:\/\/asdenar.com.tr\/tr\/wp-json\/wp\/v2\/media\/6652"}],"wp:attachment":[{"href":"https:\/\/asdenar.com.tr\/tr\/wp-json\/wp\/v2\/media?parent=6657"}],"wp:term":[{"taxonomy":"product_brand","embeddable":true,"href":"https:\/\/asdenar.com.tr\/tr\/wp-json\/wp\/v2\/product_brand?post=6657"},{"taxonomy":"product_cat","embeddable":true,"href":"https:\/\/asdenar.com.tr\/tr\/wp-json\/wp\/v2\/product_cat?post=6657"},{"taxonomy":"product_tag","embeddable":true,"href":"https:\/\/asdenar.com.tr\/tr\/wp-json\/wp\/v2\/product_tag?post=6657"}],"curies":[{"name":"wp","href":"https:\/\/api.w.org\/{rel}","templated":true}]}}