{"id":6655,"date":"2024-10-22T12:02:15","date_gmt":"2024-10-22T12:02:15","guid":{"rendered":"https:\/\/asdenar.com.tr\/?post_type=product&#038;p=6655"},"modified":"2025-11-27T15:06:24","modified_gmt":"2025-11-27T15:06:24","slug":"hot-steam-hoses","status":"publish","type":"product","link":"https:\/\/asdenar.com.tr\/tr\/urun\/hot-steam-hoses\/","title":{"rendered":"S\u0131cak Ak\u0131\u015fkan Hortumlar\u0131"},"content":{"rendered":"<h2>S\u0131cak Ak\u0131\u015fkan Hortumlar\u0131<\/h2>\n<p>Asdenar s\u0131cak ak\u0131\u015fkan ve buhar hortumlar\u0131, \u00e7ok \u00e7e\u015fitli uygulamalarda m\u00fckemmel bir hizmet sunar. Buhar hortumlar\u0131m\u0131z kolayca ta\u015f\u0131n\u0131r ve kurulumu basittir. Ayr\u0131ca son derece dayan\u0131kl\u0131d\u0131rlar ve ezilme direncine sahiptirler, bu da uzun bir hizmet \u00f6mr\u00fcn\u00fc garanti eder. Bu a\u015f\u0131nmaya dayan\u0131kl\u0131 hortumlar, hem s\u0131cakl\u0131ktaki hem de hava ko\u015fullar\u0131ndaki dalgalanmalara dayanma kapasitesine sahiptir ve her yerde \u00fcst\u00fcn performans sa\u011flar. T\u00fcm buhar hortumlar\u0131m\u0131z end\u00fcstri standartlar\u0131n\u0131 kar\u015f\u0131lar ve bir\u00e7ok b\u00fcy\u00fck end\u00fcstriyel pazarda kullan\u0131ma uygundur.<\/p>\n<ul>\n<li id=\"menu-item-24738\" class=\"menu-item menu-item-type-post_type menu-item-object-page menu-item-24738\">HOT WATER CHANNELED<\/li>\n<li id=\"menu-item-24740\" class=\"menu-item menu-item-type-post_type menu-item-object-page menu-item-24740\">WTR EPDM SD\/10<\/li>\n<li id=\"menu-item-24739\" class=\"menu-item menu-item-type-post_type menu-item-object-page menu-item-24739\">STEAM 170C<\/li>\n<\/ul>\n","protected":false},"excerpt":{"rendered":"<h2>S\u0131cak Ak\u0131\u015fkan Hortumlar\u0131<\/h2>\n<p>Asdenar s\u0131cak ak\u0131\u015fkan ve buhar hortumlar\u0131, \u00e7ok \u00e7e\u015fitli uygulamalarda m\u00fckemmel bir hizmet sunar. Buhar hortumlar\u0131m\u0131z kolayca ta\u015f\u0131n\u0131r ve kurulumu basittir. Ayr\u0131ca son derece dayan\u0131kl\u0131d\u0131rlar ve ezilme direncine sahiptirler, bu da uzun bir hizmet \u00f6mr\u00fcn\u00fc garanti eder. Bu a\u015f\u0131nmaya dayan\u0131kl\u0131 hortumlar, hem s\u0131cakl\u0131ktaki hem de hava ko\u015fullar\u0131ndaki dalgalanmalara dayanma kapasitesine sahiptir ve her yerde \u00fcst\u00fcn performans sa\u011flar. T\u00fcm buhar hortumlar\u0131m\u0131z end\u00fcstri standartlar\u0131n\u0131 kar\u015f\u0131lar ve bir\u00e7ok b\u00fcy\u00fck end\u00fcstriyel pazarda kullan\u0131ma uygundur.<\/p>\n<ul>\n<li id=\"menu-item-24738\" class=\"menu-item menu-item-type-post_type menu-item-object-page menu-item-24738\">HOT WATER CHANNELED<\/li>\n<li id=\"menu-item-24740\" class=\"menu-item menu-item-type-post_type menu-item-object-page menu-item-24740\">WTR EPDM SD\/10<\/li>\n<li id=\"menu-item-24739\" class=\"menu-item menu-item-type-post_type menu-item-object-page menu-item-24739\">STEAM 170C<\/li>\n<\/ul>\n<p>Asdenar s\u0131cak ak\u0131\u015fkan ve buhar hortumlar\u0131 fiyatlar\u0131 ve\u00a0 s\u0131cak ak\u0131\u015fkan ve buhar hortumlar\u0131 ile ilgili daha fazla bilgi almak i\u00e7in <strong><a href=\"https:\/\/asdenar.com.tr\/iletisim\/\">bize ula\u015f\u0131n!<\/a><\/strong><\/p>\n","protected":false},"featured_media":6652,"template":"","meta":{"inline_featured_image":false,"_monsterinsights_skip_tracking":false,"_monsterinsights_sitenote_active":false,"_monsterinsights_sitenote_note":"","_monsterinsights_sitenote_category":0},"product_brand":[],"product_cat":[115],"product_tag":[155,160],"class_list":{"0":"post-6655","1":"product","2":"type-product","3":"status-publish","4":"has-post-thumbnail","6":"product_cat-industrial-hoses","7":"product_tag-industrial-rubber-hoses","8":"product_tag-steam","10":"first","11":"instock","12":"shipping-taxable","13":"product-type-external"},"aioseo_notices":[],"_links":{"self":[{"href":"https:\/\/asdenar.com.tr\/tr\/wp-json\/wp\/v2\/product\/6655","targetHints":{"allow":["GET"]}}],"collection":[{"href":"https:\/\/asdenar.com.tr\/tr\/wp-json\/wp\/v2\/product"}],"about":[{"href":"https:\/\/asdenar.com.tr\/tr\/wp-json\/wp\/v2\/types\/product"}],"wp:featuredmedia":[{"embeddable":true,"href":"https:\/\/asdenar.com.tr\/tr\/wp-json\/wp\/v2\/media\/6652"}],"wp:attachment":[{"href":"https:\/\/asdenar.com.tr\/tr\/wp-json\/wp\/v2\/media?parent=6655"}],"wp:term":[{"taxonomy":"product_brand","embeddable":true,"href":"https:\/\/asdenar.com.tr\/tr\/wp-json\/wp\/v2\/product_brand?post=6655"},{"taxonomy":"product_cat","embeddable":true,"href":"https:\/\/asdenar.com.tr\/tr\/wp-json\/wp\/v2\/product_cat?post=6655"},{"taxonomy":"product_tag","embeddable":true,"href":"https:\/\/asdenar.com.tr\/tr\/wp-json\/wp\/v2\/product_tag?post=6655"}],"curies":[{"name":"wp","href":"https:\/\/api.w.org\/{rel}","templated":true}]}}