{"id":6654,"date":"2024-10-22T11:57:52","date_gmt":"2024-10-22T11:57:52","guid":{"rendered":"https:\/\/asdenar.com.tr\/?post_type=product&#038;p=6654"},"modified":"2025-11-27T15:06:39","modified_gmt":"2025-11-27T15:06:39","slug":"air-hoses","status":"publish","type":"product","link":"https:\/\/asdenar.com.tr\/tr\/urun\/air-hoses\/","title":{"rendered":"Hava Hortumlar\u0131"},"content":{"rendered":"<h2>Hava Hortumlar\u0131<\/h2>\n<p>Asdenar hava hortumlar\u0131, \u00e7ok \u00e7e\u015fitli pazarlar i\u00e7in sa\u011flam bir hizmet sunar. Bir\u00e7ok renk, bas\u0131n\u00e7 ve boyutta \u00e7e\u015fitli yap\u0131lar sunuyoruz. Hem hidrolik hem de pn\u00f6matik hava hortumu se\u00e7enekleri i\u00e7eren hava hortumlar\u0131m\u0131z, \u00e7e\u015fitli end\u00fcstriyel uygulamalar i\u00e7inde hava transferi i\u00e7in tasarlanm\u0131\u015ft\u0131r. Ayr\u0131ca, y\u00fcksek ve d\u00fc\u015f\u00fck \u00e7al\u0131\u015fma s\u0131cakl\u0131klar\u0131 ve bas\u0131n\u00e7lar\u0131yla \u00e7al\u0131\u015fma kapasitesine sahiptirler. Bu, onlar\u0131 en a\u015f\u0131r\u0131 ortamlarda kullan\u0131ma uygun hale getirir.<\/p>\n<ul>\n<li>AIR\/10<\/li>\n<li>AIR\/20<\/li>\n<li>AIR\/25<\/li>\n<li>AIR DUST<\/li>\n<li>HAB SD\/10<\/li>\n<li>YELLOW AIR 300<\/li>\n<li>YELLOW AIR 400<\/li>\n<\/ul>\n","protected":false},"excerpt":{"rendered":"<h2>Hava Hortumlar\u0131<\/h2>\n<p>Asdenar hava hortumlar\u0131, \u00e7ok \u00e7e\u015fitli pazarlar i\u00e7in sa\u011flam bir hizmet sunar. Bir\u00e7ok renk, bas\u0131n\u00e7 ve boyutta \u00e7e\u015fitli yap\u0131lar sunuyoruz. Hem hidrolik hem de pn\u00f6matik hava hortumu se\u00e7enekleri i\u00e7eren hava hortumlar\u0131m\u0131z, \u00e7e\u015fitli end\u00fcstriyel uygulamalar i\u00e7inde hava transferi i\u00e7in tasarlanm\u0131\u015ft\u0131r. Ayr\u0131ca, y\u00fcksek ve d\u00fc\u015f\u00fck \u00e7al\u0131\u015fma s\u0131cakl\u0131klar\u0131 ve bas\u0131n\u00e7lar\u0131yla \u00e7al\u0131\u015fma kapasitesine sahiptirler. Bu, onlar\u0131 en a\u015f\u0131r\u0131 ortamlarda kullan\u0131ma uygun hale getirir.<\/p>\n<ul>\n<li>AIR\/10<\/li>\n<li>AIR\/20<\/li>\n<li>AIR\/25<\/li>\n<li>AIR DUST<\/li>\n<li>HAB SD\/10<\/li>\n<li>YELLOW AIR 300<\/li>\n<li>YELLOW AIR 400<\/li>\n<\/ul>\n<p>End\u00fcstriyel Hava hortumu fiyatlar\u0131 ve end\u00fcstriyel hava hortumu ile ilgili daha fazla bilgi almak i\u00e7in <strong><a href=\"https:\/\/asdenar.com.tr\/iletisim\/\">bize ula\u015f\u0131n!<\/a><\/strong><\/p>\n","protected":false},"featured_media":6652,"template":"","meta":{"inline_featured_image":false,"_monsterinsights_skip_tracking":false,"_monsterinsights_sitenote_active":false,"_monsterinsights_sitenote_note":"","_monsterinsights_sitenote_category":0},"product_brand":[],"product_cat":[115],"product_tag":[161,155],"class_list":{"0":"post-6654","1":"product","2":"type-product","3":"status-publish","4":"has-post-thumbnail","6":"product_cat-industrial-hoses","7":"product_tag-air","8":"product_tag-industrial-rubber-hoses","10":"first","11":"instock","12":"shipping-taxable","13":"product-type-external"},"aioseo_notices":[],"_links":{"self":[{"href":"https:\/\/asdenar.com.tr\/tr\/wp-json\/wp\/v2\/product\/6654","targetHints":{"allow":["GET"]}}],"collection":[{"href":"https:\/\/asdenar.com.tr\/tr\/wp-json\/wp\/v2\/product"}],"about":[{"href":"https:\/\/asdenar.com.tr\/tr\/wp-json\/wp\/v2\/types\/product"}],"wp:featuredmedia":[{"embeddable":true,"href":"https:\/\/asdenar.com.tr\/tr\/wp-json\/wp\/v2\/media\/6652"}],"wp:attachment":[{"href":"https:\/\/asdenar.com.tr\/tr\/wp-json\/wp\/v2\/media?parent=6654"}],"wp:term":[{"taxonomy":"product_brand","embeddable":true,"href":"https:\/\/asdenar.com.tr\/tr\/wp-json\/wp\/v2\/product_brand?post=6654"},{"taxonomy":"product_cat","embeddable":true,"href":"https:\/\/asdenar.com.tr\/tr\/wp-json\/wp\/v2\/product_cat?post=6654"},{"taxonomy":"product_tag","embeddable":true,"href":"https:\/\/asdenar.com.tr\/tr\/wp-json\/wp\/v2\/product_tag?post=6654"}],"curies":[{"name":"wp","href":"https:\/\/api.w.org\/{rel}","templated":true}]}}