{"id":6653,"date":"2024-10-22T11:47:38","date_gmt":"2024-10-22T11:47:38","guid":{"rendered":"https:\/\/asdenar.com.tr\/?post_type=product&#038;p=6653"},"modified":"2025-11-27T15:06:51","modified_gmt":"2025-11-27T15:06:51","slug":"water-rubber-hoses","status":"publish","type":"product","link":"https:\/\/asdenar.com.tr\/tr\/urun\/water-rubber-hoses\/","title":{"rendered":"Su Hortumlar\u0131"},"content":{"rendered":"<h2>Su Hortumlar\u0131<\/h2>\n<p>Asdenar olarak end\u00fcstriyel su hortumu serisi, \u00e7ok \u00e7e\u015fitli uygulamalar\u0131n taleplerine uyacak \u015fekilde birden fazla bas\u0131n\u00e7 ve boyut sunar. Ayr\u0131ca zorlu ortamlarda sa\u011flam hizmet i\u00e7in hava ve a\u015f\u0131nmaya dayan\u0131kl\u0131 hortum se\u00e7enekleri de sunuyoruz. Seride ayr\u0131ca \u00e7ok y\u00f6nl\u00fc kullan\u0131m i\u00e7in \u00e7ok ama\u00e7l\u0131 transfer hortumlar\u0131 da yer almaktad\u0131r. Serimizde hemen hemen her i\u015flev i\u00e7in uygun hortumlar bulunmaktad\u0131r ve uygulaman\u0131z\u0131n ihtiya\u00e7lar\u0131na uygun, kurulumu kolay \u00e7ok \u00e7e\u015fitli yap\u0131land\u0131rmalar sunuyoruz.<\/p>\n<ul>\n<li>WTR LFD\/5<\/li>\n<li>WTR LFD\/10<\/li>\n<li>WTR LFD\/20<\/li>\n<li>WTR LFD\/20 EPDM<\/li>\n<li>WTR D\/7<\/li>\n<li>WTR D\/10<\/li>\n<li>WTR SD\/10<\/li>\n<li>WTR SD\/20<\/li>\n<li>WTR SDC\/5<\/li>\n<li>WTR SDC\/10<\/li>\n<\/ul>\n","protected":false},"excerpt":{"rendered":"<h2>Su Hortumlar\u0131<\/h2>\n<p>Asdenar olarak end\u00fcstriyel su hortumu serisi, \u00e7ok \u00e7e\u015fitli uygulamalar\u0131n taleplerine uyacak \u015fekilde birden fazla bas\u0131n\u00e7 ve boyut sunar. Ayr\u0131ca zorlu ortamlarda sa\u011flam hizmet i\u00e7in hava ve a\u015f\u0131nmaya dayan\u0131kl\u0131 hortum se\u00e7enekleri de sunuyoruz. Seride ayr\u0131ca \u00e7ok y\u00f6nl\u00fc kullan\u0131m i\u00e7in \u00e7ok ama\u00e7l\u0131 transfer hortumlar\u0131 da yer almaktad\u0131r. Serimizde hemen hemen her i\u015flev i\u00e7in uygun hortumlar bulunmaktad\u0131r ve uygulaman\u0131z\u0131n ihtiya\u00e7lar\u0131na uygun, kurulumu kolay \u00e7ok \u00e7e\u015fitli yap\u0131land\u0131rmalar sunuyoruz.<\/p>\n<ul>\n<li>WTR LFD\/5<\/li>\n<li>WTR LFD\/10<\/li>\n<li>WTR LFD\/20<\/li>\n<li>WTR LFD\/20 EPDM<\/li>\n<li>WTR D\/7<\/li>\n<li>WTR D\/10<\/li>\n<li>WTR SD\/10<\/li>\n<li>WTR SD\/20<\/li>\n<li>WTR SDC\/5<\/li>\n<li>WTR SDC\/10<\/li>\n<\/ul>\n<p>End\u00fcstriyel su hortumu fiyatlar\u0131 ve end\u00fcstriyel su hortumu ile ilgili daha fazla bilgi almak i\u00e7in <strong><a href=\"https:\/\/asdenar.com.tr\/iletisim\/\">bize ula\u015f\u0131n!<\/a><\/strong><\/p>\n","protected":false},"featured_media":6652,"template":"","meta":{"inline_featured_image":false,"_monsterinsights_skip_tracking":false,"_monsterinsights_sitenote_active":false,"_monsterinsights_sitenote_note":"","_monsterinsights_sitenote_category":0},"product_brand":[],"product_cat":[115],"product_tag":[155,162],"class_list":{"0":"post-6653","1":"product","2":"type-product","3":"status-publish","4":"has-post-thumbnail","6":"product_cat-industrial-hoses","7":"product_tag-industrial-rubber-hoses","8":"product_tag-water","10":"first","11":"instock","12":"shipping-taxable","13":"product-type-external"},"aioseo_notices":[],"_links":{"self":[{"href":"https:\/\/asdenar.com.tr\/tr\/wp-json\/wp\/v2\/product\/6653","targetHints":{"allow":["GET"]}}],"collection":[{"href":"https:\/\/asdenar.com.tr\/tr\/wp-json\/wp\/v2\/product"}],"about":[{"href":"https:\/\/asdenar.com.tr\/tr\/wp-json\/wp\/v2\/types\/product"}],"wp:featuredmedia":[{"embeddable":true,"href":"https:\/\/asdenar.com.tr\/tr\/wp-json\/wp\/v2\/media\/6652"}],"wp:attachment":[{"href":"https:\/\/asdenar.com.tr\/tr\/wp-json\/wp\/v2\/media?parent=6653"}],"wp:term":[{"taxonomy":"product_brand","embeddable":true,"href":"https:\/\/asdenar.com.tr\/tr\/wp-json\/wp\/v2\/product_brand?post=6653"},{"taxonomy":"product_cat","embeddable":true,"href":"https:\/\/asdenar.com.tr\/tr\/wp-json\/wp\/v2\/product_cat?post=6653"},{"taxonomy":"product_tag","embeddable":true,"href":"https:\/\/asdenar.com.tr\/tr\/wp-json\/wp\/v2\/product_tag?post=6653"}],"curies":[{"name":"wp","href":"https:\/\/api.w.org\/{rel}","templated":true}]}}