{"id":6514,"date":"2024-07-18T12:46:00","date_gmt":"2024-07-18T12:46:00","guid":{"rendered":"https:\/\/asdenar.com.tr\/?post_type=product&#038;p=6514"},"modified":"2024-07-25T16:14:11","modified_gmt":"2024-07-25T16:14:11","slug":"asenkron-motorlar","status":"publish","type":"product","link":"https:\/\/asdenar.com.tr\/tr\/urun\/asenkron-motorlar\/","title":{"rendered":"Asenkron Motorlar"},"content":{"rendered":"<h2>Asenkron Elektrik Motorlar\u0131<\/h2>\n<h3><strong>Asenkron Motor \u00c7e\u015fitleri<\/strong><\/h3>\n<ul>\n<li>Trifaze Elektrik Motorlar\u0131<\/li>\n<li>Monofaze\u00a0Elektrik Motorlar\u0131<\/li>\n<li>S\u00fct Sa\u011fma Motorlar\u0131<\/li>\n<li>F\u0131r\u0131n Motorlar\u0131<\/li>\n<li>Duman Tahliye Motorlar\u0131<\/li>\n<li>\u00c7ift Devirli\u00a0Elektrik Motorlar\u0131<\/li>\n<li>Santrifuj\u00a0Elektrik Motorlar\u0131<\/li>\n<li>\u00d6zel \u00dcretim\u00a0Elektrik Motorlar\u0131<\/li>\n<li>Enerji Verimli\u00a0Elektrik Motorlar\u0131<\/li>\n<li>UL Sertifikal\u0131\u00a0Elektrik Motorlar\u0131<\/li>\n<li>Frenli Elektrik Motorlar\u0131<\/li>\n<\/ul>\n","protected":false},"excerpt":{"rendered":"<h2>Asenkron Motorlar<\/h2>\n<h3><strong>Asenkron Motor \u00c7e\u015fitleri<\/strong><\/h3>\n<p>&nbsp;<\/p>\n<ul>\n<li>Trifaze Elektrik Motorlar\u0131<\/li>\n<li>Monofaze\u00a0Elektrik Motorlar\u0131<\/li>\n<li>S\u00fct Sa\u011fma Motorlar\u0131<\/li>\n<li>F\u0131r\u0131n Motorlar\u0131<\/li>\n<li>Duman Tahliye Motorlar\u0131<\/li>\n<li>\u00c7ift Devirli\u00a0Elektrik Motorlar\u0131<\/li>\n<li>Santrifuj\u00a0Elektrik Motorlar\u0131<\/li>\n<li>\u00d6zel \u00dcretim\u00a0Elektrik Motorlar\u0131<\/li>\n<li>Enerji Verimli\u00a0Elektrik Motorlar\u0131<\/li>\n<li>UL Sertifikal\u0131\u00a0Elektrik Motorlar\u0131<\/li>\n<li>Frenli\u00a0Elektrik Motorlar\u0131<\/li>\n<\/ul>\n<p>Asenkron motor \u00e7e\u015fitleri, asenkron motor \u00f6l\u00e7\u00fcleri, sat\u0131\u015f\u0131n\u0131 yapt\u0131\u011f\u0131m\u0131z asenkron motor markalar\u0131 ve t\u00fcm di\u011fer \u00fcr\u00fcnler ile ilgili bilgi almak i\u00e7in katalo\u011fumuzu inceleyebilirsiniz.<\/p>\n<p>Asenkron motor fiyatlar\u0131 ve asenkron motorlar ile ilgili daha fazla bilgi almak i\u00e7in <strong><a href=\"https:\/\/asdenar.com.tr\/iletisim\/\">bize ula\u015f\u0131n!<\/a><\/strong><\/p>\n","protected":false},"featured_media":6603,"template":"","meta":{"inline_featured_image":false,"_monsterinsights_skip_tracking":false,"_monsterinsights_sitenote_active":false,"_monsterinsights_sitenote_note":"","_monsterinsights_sitenote_category":0},"product_brand":[],"product_cat":[91],"product_tag":[152],"class_list":{"0":"post-6514","1":"product","2":"type-product","3":"status-publish","4":"has-post-thumbnail","6":"product_cat-elektrik-motor","7":"product_tag-asenkron-motorlar","9":"first","10":"instock","11":"shipping-taxable","12":"product-type-external"},"aioseo_notices":[],"_links":{"self":[{"href":"https:\/\/asdenar.com.tr\/tr\/wp-json\/wp\/v2\/product\/6514","targetHints":{"allow":["GET"]}}],"collection":[{"href":"https:\/\/asdenar.com.tr\/tr\/wp-json\/wp\/v2\/product"}],"about":[{"href":"https:\/\/asdenar.com.tr\/tr\/wp-json\/wp\/v2\/types\/product"}],"wp:featuredmedia":[{"embeddable":true,"href":"https:\/\/asdenar.com.tr\/tr\/wp-json\/wp\/v2\/media\/6603"}],"wp:attachment":[{"href":"https:\/\/asdenar.com.tr\/tr\/wp-json\/wp\/v2\/media?parent=6514"}],"wp:term":[{"taxonomy":"product_brand","embeddable":true,"href":"https:\/\/asdenar.com.tr\/tr\/wp-json\/wp\/v2\/product_brand?post=6514"},{"taxonomy":"product_cat","embeddable":true,"href":"https:\/\/asdenar.com.tr\/tr\/wp-json\/wp\/v2\/product_cat?post=6514"},{"taxonomy":"product_tag","embeddable":true,"href":"https:\/\/asdenar.com.tr\/tr\/wp-json\/wp\/v2\/product_tag?post=6514"}],"curies":[{"name":"wp","href":"https:\/\/api.w.org\/{rel}","templated":true}]}}