{"id":6513,"date":"2024-07-18T12:44:28","date_gmt":"2024-07-18T12:44:28","guid":{"rendered":"https:\/\/asdenar.com.tr\/?post_type=product&#038;p=6513"},"modified":"2024-07-25T16:15:56","modified_gmt":"2024-07-25T16:15:56","slug":"otomotiv-rulman-setleri","status":"publish","type":"product","link":"https:\/\/asdenar.com.tr\/tr\/urun\/otomotiv-rulman-setleri\/","title":{"rendered":"Otomotiv Rulman Setleri"},"content":{"rendered":"<h2>Otomotiv Rulman Setleri<\/h2>\n<h3><strong>Otomotiv Rulman Setleri<\/strong><\/h3>\n<ul>\n<li>Diferansiyel Kitler<\/li>\n<li>Teker Rulmanlar\u0131<\/li>\n<\/ul>\n<p>&nbsp;<\/p>\n<p>&nbsp;<\/p>\n","protected":false},"excerpt":{"rendered":"<h2>Otomotiv Rulman Setleri<\/h2>\n<h3><strong>Otomotiv Rulman Setleri<\/strong><\/h3>\n<ul>\n<li>Diferansiyel Kitler<\/li>\n<li>Teker Rulmanlar\u0131<\/li>\n<\/ul>\n<p>Otomotiv rulman setleri \u00e7e\u015fitleri, sat\u0131\u015f\u0131n\u0131 yapt\u0131\u011f\u0131m\u0131z otomotiv rulman seti markalar\u0131 ve t\u00fcm di\u011fer \u00fcr\u00fcnler ile ilgili bilgi almak i\u00e7in katalo\u011fumuzu inceleyebilirsiniz.<\/p>\n<p>Otomotiv rulman setleri fiyatlar\u0131 ve otomotiv rulman setleri ile ilgili daha fazla bilgi almak i\u00e7in <strong><a href=\"https:\/\/asdenar.com.tr\/iletisim\/\">bize ula\u015f\u0131n!<\/a><\/strong><\/p>\n","protected":false},"featured_media":6605,"template":"","meta":{"inline_featured_image":false,"_monsterinsights_skip_tracking":false,"_monsterinsights_sitenote_active":false,"_monsterinsights_sitenote_note":"","_monsterinsights_sitenote_category":0},"product_brand":[],"product_cat":[90],"product_tag":[151],"class_list":{"0":"post-6513","1":"product","2":"type-product","3":"status-publish","4":"has-post-thumbnail","6":"product_cat-otomotiv-yedek-parca","7":"product_tag-otomotiv-rulman-setleri","9":"first","10":"instock","11":"shipping-taxable","12":"product-type-external"},"aioseo_notices":[],"_links":{"self":[{"href":"https:\/\/asdenar.com.tr\/tr\/wp-json\/wp\/v2\/product\/6513","targetHints":{"allow":["GET"]}}],"collection":[{"href":"https:\/\/asdenar.com.tr\/tr\/wp-json\/wp\/v2\/product"}],"about":[{"href":"https:\/\/asdenar.com.tr\/tr\/wp-json\/wp\/v2\/types\/product"}],"wp:featuredmedia":[{"embeddable":true,"href":"https:\/\/asdenar.com.tr\/tr\/wp-json\/wp\/v2\/media\/6605"}],"wp:attachment":[{"href":"https:\/\/asdenar.com.tr\/tr\/wp-json\/wp\/v2\/media?parent=6513"}],"wp:term":[{"taxonomy":"product_brand","embeddable":true,"href":"https:\/\/asdenar.com.tr\/tr\/wp-json\/wp\/v2\/product_brand?post=6513"},{"taxonomy":"product_cat","embeddable":true,"href":"https:\/\/asdenar.com.tr\/tr\/wp-json\/wp\/v2\/product_cat?post=6513"},{"taxonomy":"product_tag","embeddable":true,"href":"https:\/\/asdenar.com.tr\/tr\/wp-json\/wp\/v2\/product_tag?post=6513"}],"curies":[{"name":"wp","href":"https:\/\/api.w.org\/{rel}","templated":true}]}}