{"id":6506,"date":"2024-07-18T11:01:41","date_gmt":"2024-07-18T11:01:41","guid":{"rendered":"https:\/\/asdenar.com.tr\/?post_type=product&#038;p=6506"},"modified":"2024-07-18T11:03:07","modified_gmt":"2024-07-18T11:03:07","slug":"hassas-rayli-kizaklar","status":"publish","type":"product","link":"https:\/\/asdenar.com.tr\/tr\/urun\/hassas-rayli-kizaklar\/","title":{"rendered":"Hassas Rayl\u0131 K\u0131zaklar"},"content":{"rendered":"<h2>Hassas Rayl\u0131 K\u0131zaklar<\/h2>\n<h3><strong>Hassas Rayl\u0131 K\u0131zak \u00c7e\u015fitleri<\/strong><\/h3>\n<ul>\n<li>LWRB Serisi Bilyal\u0131 K\u0131rlang\u0131\u00e7 K\u0131zaklar<\/li>\n<li>LWR ve LWRE Serisi Makaral\u0131 K\u0131rlang\u0131\u00e7 K\u0131zaklar<\/li>\n<li>LWRM ve LWM\/V Serisi \u0130\u011fne Makaral\u0131 K\u0131rlang\u0131\u00e7 K\u0131zaklar<\/li>\n<li>LWRPM\/V Kaygan Kaplamal\u0131 K\u0131rlang\u0131\u00e7 K\u0131zaklar<\/li>\n<\/ul>\n<p>&nbsp;<\/p>\n","protected":false},"excerpt":{"rendered":"<h2>Hassas Rayl\u0131 K\u0131zaklar<\/h2>\n<h3><strong>Hassas Rayl\u0131 K\u0131zak \u00c7e\u015fitleri<\/strong><\/h3>\n<ul>\n<li>LWRB Serisi Bilyal\u0131 K\u0131rlang\u0131\u00e7 K\u0131zaklar<\/li>\n<li>LWR ve LWRE Serisi Makaral\u0131 K\u0131rlang\u0131\u00e7 K\u0131zaklar<\/li>\n<li>LWRM ve LWM\/V Serisi \u0130\u011fne Makaral\u0131 K\u0131rlang\u0131\u00e7 K\u0131zaklar<\/li>\n<li>LWRPM\/V Kaygan Kaplamal\u0131 K\u0131rlang\u0131\u00e7 K\u0131zaklar<\/li>\n<\/ul>\n<p>Hassas rayl\u0131 k\u0131zak \u00e7e\u015fitleri, hassas rayl\u0131 k\u0131zak \u00f6l\u00e7\u00fcleri, sat\u0131\u015f\u0131n\u0131 yapt\u0131\u011f\u0131m\u0131z hassas rayl\u0131 k\u0131zak markalar\u0131 ve t\u00fcm di\u011fer \u00fcr\u00fcnler ile ilgili bilgi almak i\u00e7in katalo\u011fumuzu inceleyebilirsiniz.<\/p>\n<p>Hassas rayl\u0131 k\u0131zak fiyatlar\u0131 ve hassas rayl\u0131 k\u0131zaklar ile ilgili daha fazla bilgi almak i\u00e7in <strong><a href=\"https:\/\/asdenar.com.tr\/iletisim\/\">bize ula\u015f\u0131n!<\/a><\/strong><\/p>\n","protected":false},"featured_media":6267,"template":"","meta":{"inline_featured_image":false,"_monsterinsights_skip_tracking":false,"_monsterinsights_sitenote_active":false,"_monsterinsights_sitenote_note":"","_monsterinsights_sitenote_category":0},"product_brand":[],"product_cat":[66],"product_tag":[144],"class_list":{"0":"post-6506","1":"product","2":"type-product","3":"status-publish","4":"has-post-thumbnail","6":"product_cat-lineer-hareket","7":"product_tag-hassas-rayli-kizaklar","9":"first","10":"instock","11":"shipping-taxable","12":"product-type-external"},"aioseo_notices":[],"_links":{"self":[{"href":"https:\/\/asdenar.com.tr\/tr\/wp-json\/wp\/v2\/product\/6506","targetHints":{"allow":["GET"]}}],"collection":[{"href":"https:\/\/asdenar.com.tr\/tr\/wp-json\/wp\/v2\/product"}],"about":[{"href":"https:\/\/asdenar.com.tr\/tr\/wp-json\/wp\/v2\/types\/product"}],"wp:featuredmedia":[{"embeddable":true,"href":"https:\/\/asdenar.com.tr\/tr\/wp-json\/wp\/v2\/media\/6267"}],"wp:attachment":[{"href":"https:\/\/asdenar.com.tr\/tr\/wp-json\/wp\/v2\/media?parent=6506"}],"wp:term":[{"taxonomy":"product_brand","embeddable":true,"href":"https:\/\/asdenar.com.tr\/tr\/wp-json\/wp\/v2\/product_brand?post=6506"},{"taxonomy":"product_cat","embeddable":true,"href":"https:\/\/asdenar.com.tr\/tr\/wp-json\/wp\/v2\/product_cat?post=6506"},{"taxonomy":"product_tag","embeddable":true,"href":"https:\/\/asdenar.com.tr\/tr\/wp-json\/wp\/v2\/product_tag?post=6506"}],"curies":[{"name":"wp","href":"https:\/\/api.w.org\/{rel}","templated":true}]}}