{"id":6505,"date":"2024-07-18T10:57:33","date_gmt":"2024-07-18T10:57:33","guid":{"rendered":"https:\/\/asdenar.com.tr\/?post_type=product&#038;p=6505"},"modified":"2024-07-24T16:31:10","modified_gmt":"2024-07-24T16:31:10","slug":"vidali-mil-ve-somunlar","status":"publish","type":"product","link":"https:\/\/asdenar.com.tr\/tr\/urun\/vidali-mil-ve-somunlar\/","title":{"rendered":"Vidal\u0131 Mil ve Somunlar"},"content":{"rendered":"<h2>Vidal\u0131 Mil ve Somunlar<\/h2>\n<h3><strong>Vidal\u0131 Mil ve Somun \u00c7e\u015fitleri<\/strong><\/h3>\n<ul>\n<li>Ovalanm\u0131\u015f Bilyal\u0131 Vidal\u0131 Miller<\/li>\n<li>Ta\u015flanm\u0131\u015f Bilyal\u0131 Vidal\u0131 Miller<\/li>\n<li>Minyat\u00fcr Vidal\u0131 Miller<\/li>\n<li>Vidal\u0131 Mil Somunlar\u0131<\/li>\n<\/ul>\n","protected":false},"excerpt":{"rendered":"<h2>Vidal\u0131 Mil ve Somunlar<\/h2>\n<h3><strong>Vidal\u0131 Mil ve Somun \u00c7e\u015fitleri<\/strong><\/h3>\n<ul>\n<li>Ovalanm\u0131\u015f Bilyal\u0131 Vidal\u0131 Miller<\/li>\n<li>Ta\u015flanm\u0131\u015f Bilyal\u0131 Vidal\u0131 Miller<\/li>\n<li>Minyat\u00fcr Vidal\u0131 Miller<\/li>\n<li>Vidal\u0131 Mil Somunlar\u0131<\/li>\n<\/ul>\n<p>Vidal\u0131 mil ve somun \u00e7e\u015fitleri, vidal\u0131 mil ve somun \u00f6l\u00e7\u00fcleri, sat\u0131\u015f\u0131n\u0131 yapt\u0131\u011f\u0131m\u0131z vidal\u0131 mil ve somun markalar\u0131 ve t\u00fcm di\u011fer \u00fcr\u00fcnler ile ilgili bilgi almak i\u00e7in katalo\u011fumuzu inceleyebilirsiniz.<\/p>\n<p>Vidal\u0131 mil ve somun fiyatlar\u0131 ve vidal\u0131 mil ve somunlar ile ilgili daha fazla bilgi almak i\u00e7in <strong><a href=\"https:\/\/asdenar.com.tr\/iletisim\/\">bize ula\u015f\u0131n!<\/a><\/strong><\/p>\n","protected":false},"featured_media":6585,"template":"","meta":{"inline_featured_image":false,"_monsterinsights_skip_tracking":false,"_monsterinsights_sitenote_active":false,"_monsterinsights_sitenote_note":"","_monsterinsights_sitenote_category":0},"product_brand":[],"product_cat":[66],"product_tag":[143],"class_list":{"0":"post-6505","1":"product","2":"type-product","3":"status-publish","4":"has-post-thumbnail","6":"product_cat-lineer-hareket","7":"product_tag-vidali-mil-ve-somunlar","9":"first","10":"instock","11":"shipping-taxable","12":"product-type-external"},"aioseo_notices":[],"_links":{"self":[{"href":"https:\/\/asdenar.com.tr\/tr\/wp-json\/wp\/v2\/product\/6505","targetHints":{"allow":["GET"]}}],"collection":[{"href":"https:\/\/asdenar.com.tr\/tr\/wp-json\/wp\/v2\/product"}],"about":[{"href":"https:\/\/asdenar.com.tr\/tr\/wp-json\/wp\/v2\/types\/product"}],"wp:featuredmedia":[{"embeddable":true,"href":"https:\/\/asdenar.com.tr\/tr\/wp-json\/wp\/v2\/media\/6585"}],"wp:attachment":[{"href":"https:\/\/asdenar.com.tr\/tr\/wp-json\/wp\/v2\/media?parent=6505"}],"wp:term":[{"taxonomy":"product_brand","embeddable":true,"href":"https:\/\/asdenar.com.tr\/tr\/wp-json\/wp\/v2\/product_brand?post=6505"},{"taxonomy":"product_cat","embeddable":true,"href":"https:\/\/asdenar.com.tr\/tr\/wp-json\/wp\/v2\/product_cat?post=6505"},{"taxonomy":"product_tag","embeddable":true,"href":"https:\/\/asdenar.com.tr\/tr\/wp-json\/wp\/v2\/product_tag?post=6505"}],"curies":[{"name":"wp","href":"https:\/\/api.w.org\/{rel}","templated":true}]}}