{"id":6501,"date":"2024-07-18T10:15:27","date_gmt":"2024-07-18T10:15:27","guid":{"rendered":"https:\/\/asdenar.com.tr\/?post_type=product&#038;p=6501"},"modified":"2024-07-25T16:22:33","modified_gmt":"2024-07-25T16:22:33","slug":"agir-hizmet-reduktorleri","status":"publish","type":"product","link":"https:\/\/asdenar.com.tr\/tr\/urun\/agir-hizmet-reduktorleri\/","title":{"rendered":"A\u011f\u0131r Hizmet Red\u00fckt\u00f6rleri"},"content":{"rendered":"<h2>A\u011f\u0131r Hizmet Red\u00fckt\u00f6rleri<\/h2>\n<h3><strong>A\u011f\u0131r Hizmet Red\u00fckt\u00f6r\u00fc \u00c7e\u015fitleri<\/strong><\/h3>\n<ul>\n<li>Yat\u0131k Tip Red\u00fckt\u00f6rler<\/li>\n<li>Ekstruder Red\u00fckt\u00f6rleri<\/li>\n<li>Planet Red\u00fckt\u00f6rler<\/li>\n<li>Y\u00fcksek H\u0131z Red\u00fckt\u00f6rler<\/li>\n<li>T\u00fcrbin ve Kompres\u00f6r Uygulamalar\u0131<\/li>\n<li>Roller Press Uygulamalar\u0131<\/li>\n<li>F\u0131r\u0131n Tahrik Red\u00fckt\u00f6rleri<\/li>\n<li>De\u011firmen Tahrik Red\u00fckt\u00f6rleri<\/li>\n<li>Turbo H\u0131zland\u0131r\u0131c\u0131lar<\/li>\n<li>Hidroelektrik Santralleri \u0130\u00e7in H\u0131zland\u0131r\u0131c\u0131lar<\/li>\n<li>\u00d6zel Proje &amp; \u0130malat<\/li>\n<\/ul>\n","protected":false},"excerpt":{"rendered":"<div id=\"kategoriler\" class=\"urunler-detay-content\">\n<div class=\"content\">\n<div class=\"liste\">\n<h3><strong>A\u011f\u0131r Hizmet Red\u00fckt\u00f6r\u00fc \u00c7e\u015fitleri<\/strong><\/h3>\n<ul>\n<li>Yat\u0131k Tip Red\u00fckt\u00f6rler<\/li>\n<li>Ekstruder Red\u00fckt\u00f6rleri<\/li>\n<li>Planet Red\u00fckt\u00f6rler<\/li>\n<li>Y\u00fcksek H\u0131z Red\u00fckt\u00f6rler<\/li>\n<li>T\u00fcrbin ve Kompres\u00f6r Uygulamalar\u0131<\/li>\n<li>Roller Press Uygulamalar\u0131<\/li>\n<li>F\u0131r\u0131n Tahrik Red\u00fckt\u00f6rleri<\/li>\n<li>De\u011firmen Tahrik Red\u00fckt\u00f6rleri<\/li>\n<li>Turbo H\u0131zland\u0131r\u0131c\u0131lar<\/li>\n<li>Hidroelektrik Santralleri \u0130\u00e7in H\u0131zland\u0131r\u0131c\u0131lar<\/li>\n<li>\u00d6zel Proje &amp; \u0130malat<\/li>\n<\/ul>\n<p>A\u011f\u0131r hizmet red\u00fckt\u00f6r\u00fc \u00e7e\u015fitleri, a\u011f\u0131r hizmet red\u00fckt\u00f6r\u00fc \u00f6l\u00e7\u00fcleri, sat\u0131\u015f\u0131n\u0131 yapt\u0131\u011f\u0131m\u0131z a\u011f\u0131r hizmet red\u00fckt\u00f6r\u00fc markalar\u0131 olan <strong>LUFKIN, Comelor, Allen Gears<\/strong> ve t\u00fcm di\u011fer \u00fcr\u00fcnler ile ilgili bilgi almak i\u00e7in katalo\u011fumuzu inceleyebilirsiniz.<\/p>\n<p>A\u011f\u0131r hizmet red\u00fckt\u00f6r\u00fc fiyatlar\u0131 ve a\u011f\u0131r hizmet red\u00fckt\u00f6r\u00fcleri ile ilgili daha fazla bilgi almak i\u00e7in <a href=\"https:\/\/asdenar.com.tr\/iletisim\/\">bize ula\u015f\u0131n<\/a>!<\/p>\n<\/div>\n<\/div>\n<\/div>\n","protected":false},"featured_media":6611,"template":"","meta":{"inline_featured_image":false,"_monsterinsights_skip_tracking":false,"_monsterinsights_sitenote_active":false,"_monsterinsights_sitenote_note":"","_monsterinsights_sitenote_category":0},"product_brand":[],"product_cat":[92],"product_tag":[138],"class_list":{"0":"post-6501","1":"product","2":"type-product","3":"status-publish","4":"has-post-thumbnail","6":"product_cat-gear-boxes","7":"product_tag-agir-hizmet-reduktorleri","9":"first","10":"instock","11":"shipping-taxable","12":"product-type-external"},"aioseo_notices":[],"_links":{"self":[{"href":"https:\/\/asdenar.com.tr\/tr\/wp-json\/wp\/v2\/product\/6501","targetHints":{"allow":["GET"]}}],"collection":[{"href":"https:\/\/asdenar.com.tr\/tr\/wp-json\/wp\/v2\/product"}],"about":[{"href":"https:\/\/asdenar.com.tr\/tr\/wp-json\/wp\/v2\/types\/product"}],"wp:featuredmedia":[{"embeddable":true,"href":"https:\/\/asdenar.com.tr\/tr\/wp-json\/wp\/v2\/media\/6611"}],"wp:attachment":[{"href":"https:\/\/asdenar.com.tr\/tr\/wp-json\/wp\/v2\/media?parent=6501"}],"wp:term":[{"taxonomy":"product_brand","embeddable":true,"href":"https:\/\/asdenar.com.tr\/tr\/wp-json\/wp\/v2\/product_brand?post=6501"},{"taxonomy":"product_cat","embeddable":true,"href":"https:\/\/asdenar.com.tr\/tr\/wp-json\/wp\/v2\/product_cat?post=6501"},{"taxonomy":"product_tag","embeddable":true,"href":"https:\/\/asdenar.com.tr\/tr\/wp-json\/wp\/v2\/product_tag?post=6501"}],"curies":[{"name":"wp","href":"https:\/\/api.w.org\/{rel}","templated":true}]}}