{"id":6498,"date":"2024-07-18T09:58:50","date_gmt":"2024-07-18T09:58:50","guid":{"rendered":"https:\/\/asdenar.com.tr\/?post_type=product&#038;p=6498"},"modified":"2024-07-25T16:23:54","modified_gmt":"2024-07-25T16:23:54","slug":"motorlu-reduktorler","status":"publish","type":"product","link":"https:\/\/asdenar.com.tr\/tr\/urun\/motorlu-reduktorler\/","title":{"rendered":"Motorlu Red\u00fckt\u00f6rler"},"content":{"rendered":"<h2>Motorlu Red\u00fckt\u00f6rler<\/h2>\n<h3><strong>Motorlu Red\u00fckt\u00f6r \u00c7e\u015fitleri<\/strong><\/h3>\n<ul>\n<li>Ayak Flan\u015f Ba\u011flant\u0131l\u0131 Red\u00fckt\u00f6rler<\/li>\n<li>Paralel \u015earf Montajl\u0131 Red\u00fckt\u00f6rler<\/li>\n<li>Helisel Konik Di\u015fli Red\u00fckt\u00f6rler<\/li>\n<li>Helisel Sonsuz Di\u015fli Red\u00fckt\u00f6rler<\/li>\n<li>Vin\u00e7 Kald\u0131rma Red\u00fckt\u00f6rleri<\/li>\n<li>Sikloid Red\u00fckt\u00f6rler<\/li>\n<\/ul>\n<p>&nbsp;<\/p>\n<p>&nbsp;<\/p>\n<p>&nbsp;<\/p>\n","protected":false},"excerpt":{"rendered":"<div id=\"kategoriler\" class=\"urunler-detay-content\">\n<div class=\"content\">\n<div class=\"liste\">\n<h3><strong>Motorlu Red\u00fckt\u00f6r \u00c7e\u015fitleri<\/strong><\/h3>\n<p>&nbsp;<\/p>\n<ul>\n<li>Ayak Flan\u015f Ba\u011flant\u0131l\u0131 Red\u00fckt\u00f6rler<\/li>\n<li>Paralel \u015earf Montajl\u0131 Red\u00fckt\u00f6rler<\/li>\n<li>Helisel Konik Di\u015fli Red\u00fckt\u00f6rler<\/li>\n<li>Helisel Sonsuz Di\u015fli Red\u00fckt\u00f6rler<\/li>\n<li>Vin\u00e7 Kald\u0131rma Red\u00fckt\u00f6rleri<\/li>\n<li>Sikloid Red\u00fckt\u00f6rler<\/li>\n<\/ul>\n<p>Motorlu red\u00fckt\u00f6r \u00e7e\u015fitleri, motorlu red\u00fckt\u00f6r \u00f6l\u00e7\u00fcleri, sat\u0131\u015f\u0131n\u0131 yapt\u0131\u011f\u0131m\u0131z motorlu red\u00fckt\u00f6r markalar\u0131 ve t\u00fcm di\u011fer \u00fcr\u00fcnler ile ilgili bilgi almak i\u00e7in <strong>katalo\u011fumuzu<\/strong> inceleyebilirsiniz.<\/p>\n<p>Motorlu red\u00fckt\u00f6r fiyatlar\u0131 ve motorlu red\u00fckt\u00f6rler ile ilgili daha fazla bilgi almak i\u00e7in <a href=\"https:\/\/asdenar.com.tr\/iletisim\/\">bize ula\u015f\u0131n<\/a>!<\/p>\n<\/div>\n<\/div>\n<\/div>\n","protected":false},"featured_media":6614,"template":"","meta":{"inline_featured_image":false,"_monsterinsights_skip_tracking":false,"_monsterinsights_sitenote_active":false,"_monsterinsights_sitenote_note":"","_monsterinsights_sitenote_category":0},"product_brand":[],"product_cat":[92],"product_tag":[135],"class_list":{"0":"post-6498","1":"product","2":"type-product","3":"status-publish","4":"has-post-thumbnail","6":"product_cat-gear-boxes","7":"product_tag-motorlu-reduktorler","9":"first","10":"instock","11":"shipping-taxable","12":"product-type-external"},"aioseo_notices":[],"_links":{"self":[{"href":"https:\/\/asdenar.com.tr\/tr\/wp-json\/wp\/v2\/product\/6498","targetHints":{"allow":["GET"]}}],"collection":[{"href":"https:\/\/asdenar.com.tr\/tr\/wp-json\/wp\/v2\/product"}],"about":[{"href":"https:\/\/asdenar.com.tr\/tr\/wp-json\/wp\/v2\/types\/product"}],"wp:featuredmedia":[{"embeddable":true,"href":"https:\/\/asdenar.com.tr\/tr\/wp-json\/wp\/v2\/media\/6614"}],"wp:attachment":[{"href":"https:\/\/asdenar.com.tr\/tr\/wp-json\/wp\/v2\/media?parent=6498"}],"wp:term":[{"taxonomy":"product_brand","embeddable":true,"href":"https:\/\/asdenar.com.tr\/tr\/wp-json\/wp\/v2\/product_brand?post=6498"},{"taxonomy":"product_cat","embeddable":true,"href":"https:\/\/asdenar.com.tr\/tr\/wp-json\/wp\/v2\/product_cat?post=6498"},{"taxonomy":"product_tag","embeddable":true,"href":"https:\/\/asdenar.com.tr\/tr\/wp-json\/wp\/v2\/product_tag?post=6498"}],"curies":[{"name":"wp","href":"https:\/\/api.w.org\/{rel}","templated":true}]}}