{"id":6495,"date":"2024-07-17T15:51:18","date_gmt":"2024-07-17T15:51:18","guid":{"rendered":"https:\/\/asdenar.com.tr\/?post_type=product&#038;p=6495"},"modified":"2024-07-24T16:20:49","modified_gmt":"2024-07-24T16:20:49","slug":"hassas-u-mafsallar","status":"publish","type":"product","link":"https:\/\/asdenar.com.tr\/tr\/urun\/hassas-u-mafsallar\/","title":{"rendered":"Hassas U Mafsallar"},"content":{"rendered":"<h2>Hassas U Mafsallar<\/h2>\n<h3><strong>Hassas U Masfal \u00c7e\u015fitleri<\/strong><\/h3>\n<ul>\n<li>G Serisi Hassas U Mafsallar<\/li>\n<li>GD Serisi Hassas U Mafsallar<\/li>\n<\/ul>\n<p>&nbsp;<\/p>\n","protected":false},"excerpt":{"rendered":"<div id=\"kategoriler\" class=\"urunler-detay-content\">\n<div class=\"content\">\n<div class=\"liste\">\n<h3><strong>Hassas U Masfal \u00c7e\u015fitleri<\/strong><\/h3>\n<ul>\n<li>G Serisi Hassas U Mafsallar<\/li>\n<li>GD Serisi Hassas U Mafsallar<\/li>\n<\/ul>\n<p>Hassas U masfal \u00e7e\u015fitleri, hassas U masfal \u00f6l\u00e7\u00fcleri, sat\u0131\u015f\u0131n\u0131 yapt\u0131\u011f\u0131m\u0131z hassas U masfal markalar\u0131 ve t\u00fcm di\u011fer \u00fcr\u00fcnler ile ilgili bilgi almak i\u00e7in katalo\u011fumuzu inceleyebilirsiniz.<\/p>\n<p>Hassas U masfal fiyatlar\u0131 ve hassas U masfallar ile ilgili daha fazla bilgi almak i\u00e7in <a href=\"https:\/\/asdenar.com.tr\/iletisim\/\">bize ula\u015f\u0131n<\/a>!<\/p>\n<\/div>\n<\/div>\n<\/div>\n","protected":false},"featured_media":6596,"template":"","meta":{"inline_featured_image":false,"_monsterinsights_skip_tracking":false,"_monsterinsights_sitenote_active":false,"_monsterinsights_sitenote_note":"","_monsterinsights_sitenote_category":0},"product_brand":[],"product_cat":[18],"product_tag":[133],"class_list":{"0":"post-6495","1":"product","2":"type-product","3":"status-publish","4":"has-post-thumbnail","6":"product_cat-guc-aktarim","7":"product_tag-hassas-u-mafsallar","9":"first","10":"instock","11":"shipping-taxable","12":"product-type-external"},"aioseo_notices":[],"_links":{"self":[{"href":"https:\/\/asdenar.com.tr\/tr\/wp-json\/wp\/v2\/product\/6495","targetHints":{"allow":["GET"]}}],"collection":[{"href":"https:\/\/asdenar.com.tr\/tr\/wp-json\/wp\/v2\/product"}],"about":[{"href":"https:\/\/asdenar.com.tr\/tr\/wp-json\/wp\/v2\/types\/product"}],"wp:featuredmedia":[{"embeddable":true,"href":"https:\/\/asdenar.com.tr\/tr\/wp-json\/wp\/v2\/media\/6596"}],"wp:attachment":[{"href":"https:\/\/asdenar.com.tr\/tr\/wp-json\/wp\/v2\/media?parent=6495"}],"wp:term":[{"taxonomy":"product_brand","embeddable":true,"href":"https:\/\/asdenar.com.tr\/tr\/wp-json\/wp\/v2\/product_brand?post=6495"},{"taxonomy":"product_cat","embeddable":true,"href":"https:\/\/asdenar.com.tr\/tr\/wp-json\/wp\/v2\/product_cat?post=6495"},{"taxonomy":"product_tag","embeddable":true,"href":"https:\/\/asdenar.com.tr\/tr\/wp-json\/wp\/v2\/product_tag?post=6495"}],"curies":[{"name":"wp","href":"https:\/\/api.w.org\/{rel}","templated":true}]}}