{"id":6494,"date":"2024-07-17T15:44:24","date_gmt":"2024-07-17T15:44:24","guid":{"rendered":"https:\/\/asdenar.com.tr\/?post_type=product&#038;p=6494"},"modified":"2024-07-24T16:25:38","modified_gmt":"2024-07-24T16:25:38","slug":"kayislar","status":"publish","type":"product","link":"https:\/\/asdenar.com.tr\/tr\/urun\/kayislar\/","title":{"rendered":"Kay\u0131\u015flar"},"content":{"rendered":"<h2>Kay\u0131\u015flar<\/h2>\n<h3><strong>Kay\u0131\u015f \u00c7e\u015fitleri<\/strong><\/h3>\n<ul>\n<li>V Kay\u0131\u015flar\n<ul>\n<li>Normal, Dar Kesitli, Di\u015fli, Bantl\u0131 V Kay\u0131\u015flar<\/li>\n<\/ul>\n<\/li>\n<li>Triger Zaman Kay\u0131\u015flar\u0131\n<ul>\n<li>Trapez Di\u015fli Triger Zaman Kay\u0131\u015flar\u0131:\u00a0MXL, XL, L, H,\u00a0XH, XXH<\/li>\n<li>Yuvarlak Di\u015fli Triger Zaman Kay\u0131\u015flar\u0131: 2M, 3M, 5M, 8M, 14M, 20M<\/li>\n<li>\u00c7elik Telli Triger Zaman Kay\u0131\u015flar\u0131: T5, T10<\/li>\n<\/ul>\n<\/li>\n<li>Poly V Kay\u0131\u015flar\n<ul>\n<li>PH, PJ, PK, PL, PM<\/li>\n<\/ul>\n<\/li>\n<li>Konvey\u00f6r Bant Kay\u0131\u015flar\u0131<\/li>\n<\/ul>\n","protected":false},"excerpt":{"rendered":"<div id=\"kategoriler\" class=\"urunler-detay-content\">\n<div class=\"content\">\n<div class=\"liste\">\n<h3><strong>Kay\u0131\u015f \u00c7e\u015fitleri<\/strong><\/h3>\n<ul>\n<li>V Kay\u0131\u015flar\n<ul>\n<li>Normal, Dar Kesitli, Di\u015fli, Bantl\u0131 V Kay\u0131\u015flar<\/li>\n<\/ul>\n<\/li>\n<li>Triger Zaman Kay\u0131\u015flar\u0131\n<ul>\n<li>Trapez Di\u015fli Triger Zaman Kay\u0131\u015flar\u0131:\u00a0MXL, XL, L, H,\u00a0XH, XXH<\/li>\n<li>Yuvarlak Di\u015fli Triger Zaman Kay\u0131\u015flar\u0131: 2M, 3M, 5M, 8M, 14M, 20M<\/li>\n<li>\u00c7elik Telli Triger Zaman Kay\u0131\u015flar\u0131: T5, T10<\/li>\n<\/ul>\n<\/li>\n<li>Poly V Kay\u0131\u015flar\n<ul>\n<li>PH, PJ, PK, PL, PM<\/li>\n<\/ul>\n<\/li>\n<li>Konvey\u00f6r Bant Kay\u0131\u015flar\u0131<\/li>\n<\/ul>\n<p>Kay\u0131\u015f \u00e7e\u015fitleri, \u00f6l\u00e7\u00fcleri, sat\u0131\u015f\u0131n\u0131 yapt\u0131\u011f\u0131m\u0131z kay\u0131\u015f markalar\u0131 ve t\u00fcm di\u011fer \u00fcr\u00fcnler ile ilgili bilgi almak i\u00e7in katalo\u011fumuzu inceleyebilirsiniz. <strong><a href=\"http:\/\/unluteknik.com\/urun-katalog\/Unlu_Teknik_Katalog.pdf\">\u00dcr\u00fcn Katalogu<\/a><\/strong><\/p>\n<p>Kay\u0131\u015f fiyatlar\u0131 ve kay\u0131\u015flar ile ilgili daha fazla bilgi almak i\u00e7in <a href=\"https:\/\/asdenar.com.tr\/iletisim\/\">bize ula\u015f\u0131n<\/a>!<\/p>\n<\/div>\n<\/div>\n<\/div>\n","protected":false},"featured_media":6588,"template":"","meta":{"inline_featured_image":false,"_monsterinsights_skip_tracking":false,"_monsterinsights_sitenote_active":false,"_monsterinsights_sitenote_note":"","_monsterinsights_sitenote_category":0},"product_brand":[],"product_cat":[18],"product_tag":[132],"class_list":{"0":"post-6494","1":"product","2":"type-product","3":"status-publish","4":"has-post-thumbnail","6":"product_cat-guc-aktarim","7":"product_tag-kayislar","9":"first","10":"instock","11":"shipping-taxable","12":"product-type-external"},"aioseo_notices":[],"_links":{"self":[{"href":"https:\/\/asdenar.com.tr\/tr\/wp-json\/wp\/v2\/product\/6494","targetHints":{"allow":["GET"]}}],"collection":[{"href":"https:\/\/asdenar.com.tr\/tr\/wp-json\/wp\/v2\/product"}],"about":[{"href":"https:\/\/asdenar.com.tr\/tr\/wp-json\/wp\/v2\/types\/product"}],"wp:featuredmedia":[{"embeddable":true,"href":"https:\/\/asdenar.com.tr\/tr\/wp-json\/wp\/v2\/media\/6588"}],"wp:attachment":[{"href":"https:\/\/asdenar.com.tr\/tr\/wp-json\/wp\/v2\/media?parent=6494"}],"wp:term":[{"taxonomy":"product_brand","embeddable":true,"href":"https:\/\/asdenar.com.tr\/tr\/wp-json\/wp\/v2\/product_brand?post=6494"},{"taxonomy":"product_cat","embeddable":true,"href":"https:\/\/asdenar.com.tr\/tr\/wp-json\/wp\/v2\/product_cat?post=6494"},{"taxonomy":"product_tag","embeddable":true,"href":"https:\/\/asdenar.com.tr\/tr\/wp-json\/wp\/v2\/product_tag?post=6494"}],"curies":[{"name":"wp","href":"https:\/\/api.w.org\/{rel}","templated":true}]}}