{"id":6490,"date":"2024-07-17T15:28:14","date_gmt":"2024-07-17T15:28:14","guid":{"rendered":"https:\/\/asdenar.com.tr\/?post_type=product&#038;p=6490"},"modified":"2024-07-24T16:24:43","modified_gmt":"2024-07-24T16:24:43","slug":"zincirler","status":"publish","type":"product","link":"https:\/\/asdenar.com.tr\/tr\/urun\/zincirler\/","title":{"rendered":"Zincirler"},"content":{"rendered":"<h3><strong>Zincir \u00c7e\u015fitleri<\/strong><\/h3>\n<ul>\n<li>Standart Makaral\u0131 Zincirler<\/li>\n<li>D\u00fcz Formlu Makaral\u0131 Zincirler<\/li>\n<li>Pim \u00c7\u0131k\u0131nt\u0131l\u0131 Makaral\u0131 Zincirler<\/li>\n<li>Uzun Baklal\u0131 Makaral\u0131 Zincirler<\/li>\n<li>Yana Yaylanan Zincirler<\/li>\n<li>U K\u00f6pr\u00fcl\u00fc Zincirler<\/li>\n<li>D\u0131\u015ftan Makaral\u0131 Zincirler<\/li>\n<li>Pim Makaral\u0131 Zincirler<\/li>\n<li>Fleyer (Yaprak) Zincirler<\/li>\n<li>Sabit Bur\u00e7lu Zincirler<\/li>\n<li>Gall Zincirleri<\/li>\n<li>Api Zincirleri<\/li>\n<li>Sessiz Zincirler<\/li>\n<li>Zirai Zincirler<\/li>\n<li>Konvey\u00f6r Zincirleri<\/li>\n<li>Paslanmaz Zincirler<\/li>\n<li>Kavrama (Gripper) Zincirleri<\/li>\n<li>\u00d6zel Zincirler<\/li>\n<\/ul>\n","protected":false},"excerpt":{"rendered":"<div class=\"urun-detay-title\">\n<h2>Zincirler<\/h2>\n<\/div>\n<div id=\"kategoriler\" class=\"urunler-detay-content\">\n<div class=\"content\">\n<div class=\"liste\">\n<h3><strong>Zincir \u00c7e\u015fitleri<\/strong><\/h3>\n<ul>\n<li>Standart Makaral\u0131 Zincirler<\/li>\n<li>D\u00fcz Formlu Makaral\u0131 Zincirler<\/li>\n<li>Pim \u00c7\u0131k\u0131nt\u0131l\u0131 Makaral\u0131 Zincirler<\/li>\n<li>Uzun Baklal\u0131 Makaral\u0131 Zincirler<\/li>\n<li>Yana Yaylanan Zincirler<\/li>\n<li>U K\u00f6pr\u00fcl\u00fc Zincirler<\/li>\n<li>D\u0131\u015ftan Makaral\u0131 Zincirler<\/li>\n<li>Pim Makaral\u0131 Zincirler<\/li>\n<li>Fleyer (Yaprak) Zincirler<\/li>\n<li>Sabit Bur\u00e7lu Zincirler<\/li>\n<li>Gall Zincirleri<\/li>\n<li>Api Zincirleri<\/li>\n<li>Sessiz Zincirler<\/li>\n<li>Zirai Zincirler<\/li>\n<li>Konvey\u00f6r Zincirleri<\/li>\n<li>Paslanmaz Zincirler<\/li>\n<li>Kavrama (Gripper) Zincirleri<\/li>\n<li>\u00d6zel Zincirler<\/li>\n<\/ul>\n<p>Zincir \u00e7e\u015fitleri, zincir \u00f6l\u00e7\u00fcleri, sat\u0131\u015f\u0131n\u0131 yapt\u0131\u011f\u0131m\u0131z zincir markalar\u0131 ve t\u00fcm di\u011fer \u00fcr\u00fcnler ile ilgili bilgi almak i\u00e7in <a href=\"https:\/\/unluteknik.com\/teknik-katalog-banka\/urun-kataloglari\/zincir-katalogu\"><strong>katalo\u011fumuzu<\/strong><\/a> inceleyebilirsiniz.<\/p>\n<p>Zincir fiyatlar\u0131 ve zincirler ile ilgili daha fazla bilgi almak i\u00e7in <a href=\"https:\/\/asdenar.com.tr\/iletisim\/\">bize ula\u015f\u0131n<\/a>!<\/p>\n<\/div>\n<\/div>\n<\/div>\n","protected":false},"featured_media":6589,"template":"","meta":{"inline_featured_image":false,"_monsterinsights_skip_tracking":false,"_monsterinsights_sitenote_active":false,"_monsterinsights_sitenote_note":"","_monsterinsights_sitenote_category":0},"product_brand":[],"product_cat":[18],"product_tag":[128],"class_list":{"0":"post-6490","1":"product","2":"type-product","3":"status-publish","4":"has-post-thumbnail","6":"product_cat-guc-aktarim","7":"product_tag-zincirler","9":"first","10":"instock","11":"shipping-taxable","12":"product-type-external"},"aioseo_notices":[],"_links":{"self":[{"href":"https:\/\/asdenar.com.tr\/tr\/wp-json\/wp\/v2\/product\/6490","targetHints":{"allow":["GET"]}}],"collection":[{"href":"https:\/\/asdenar.com.tr\/tr\/wp-json\/wp\/v2\/product"}],"about":[{"href":"https:\/\/asdenar.com.tr\/tr\/wp-json\/wp\/v2\/types\/product"}],"wp:featuredmedia":[{"embeddable":true,"href":"https:\/\/asdenar.com.tr\/tr\/wp-json\/wp\/v2\/media\/6589"}],"wp:attachment":[{"href":"https:\/\/asdenar.com.tr\/tr\/wp-json\/wp\/v2\/media?parent=6490"}],"wp:term":[{"taxonomy":"product_brand","embeddable":true,"href":"https:\/\/asdenar.com.tr\/tr\/wp-json\/wp\/v2\/product_brand?post=6490"},{"taxonomy":"product_cat","embeddable":true,"href":"https:\/\/asdenar.com.tr\/tr\/wp-json\/wp\/v2\/product_cat?post=6490"},{"taxonomy":"product_tag","embeddable":true,"href":"https:\/\/asdenar.com.tr\/tr\/wp-json\/wp\/v2\/product_tag?post=6490"}],"curies":[{"name":"wp","href":"https:\/\/api.w.org\/{rel}","templated":true}]}}