{"id":6486,"date":"2024-07-12T14:27:03","date_gmt":"2024-07-12T14:27:03","guid":{"rendered":"https:\/\/asdenar.com.tr\/?post_type=product&#038;p=6486"},"modified":"2024-07-24T16:18:31","modified_gmt":"2024-07-24T16:18:31","slug":"hassas-fener-mili-rulmanlari","status":"publish","type":"product","link":"https:\/\/asdenar.com.tr\/tr\/urun\/hassas-fener-mili-rulmanlari\/","title":{"rendered":"Hassas Fener Mili Rulmanlar\u0131"},"content":{"rendered":"<h3><strong>Hassas Fener Mili Rulman \u00c7e\u015fitleri<\/strong><\/h3>\n<ul>\n<li>718xx Serisi (\u0130nce) Hassas Fener Mili Rulmanlar\u0131<\/li>\n<li>719xx Serisi Hassas Fener Mili Rulmanlar\u0131<\/li>\n<li>70xx Serisi Hassas Fener Mili Rulmanlar\u0131<\/li>\n<li>72xx Serisi Hassas Fener Mili Rulmanlar\u0131<\/li>\n<li>BTW (Eski 2344xx) Serisi Hassas Fener Mili Rulmanlar\u0131<\/li>\n<li>BTM Serisi Hassas Fener Mili Rulmanlar\u0131<\/li>\n<li>BSA\/BSD (TAC) Vidal\u0131 Mil Yataklama Serisi Hassas Fener Mili Rulmanlar\u0131<\/li>\n<li>NN 30xx Serisi Hassas Fener Mili Rulmanlar\u0131<\/li>\n<li>N 10xx Serisi Hassas Fener Mili Rulmanlar\u0131<\/li>\n<li>NRT Eksenel Serisi Hassas Fener Mili Rulmanlar\u0131<\/li>\n<\/ul>\n","protected":false},"excerpt":{"rendered":"<h3><strong>Hassas Fener Mili Rulman \u00c7e\u015fitleri<\/strong><\/h3>\n<ul>\n<li>718xx Serisi (\u0130nce) Hassas Fener Mili Rulmanlar\u0131<\/li>\n<li>719xx Serisi Hassas Fener Mili Rulmanlar\u0131<\/li>\n<li>70xx Serisi Hassas Fener Mili Rulmanlar\u0131<\/li>\n<li>72xx Serisi Hassas Fener Mili Rulmanlar\u0131<\/li>\n<li>BTW (Eski 2344xx) Serisi Hassas Fener Mili Rulmanlar\u0131<\/li>\n<li>BTM Serisi Hassas Fener Mili Rulmanlar\u0131<\/li>\n<li>BSA\/BSD (TAC) Vidal\u0131 Mil Yataklama Serisi Hassas Fener Mili Rulmanlar\u0131<\/li>\n<li>NN 30xx Serisi Hassas Fener Mili Rulmanlar\u0131<\/li>\n<li>N 10xx Serisi Hassas Fener Mili Rulmanlar\u0131<\/li>\n<li>NRT Eksenel Serisi Hassas Fener Mili Rulmanlar\u0131<\/li>\n<\/ul>\n<p>Rulman fiyatlar\u0131 ve rulmanlar ile ilgili daha fazla bilgi almak i\u00e7in bize ula\u015f\u0131n!<\/p>\n","protected":false},"featured_media":6599,"template":"","meta":{"inline_featured_image":false,"_monsterinsights_skip_tracking":false,"_monsterinsights_sitenote_active":false,"_monsterinsights_sitenote_note":"","_monsterinsights_sitenote_category":0},"product_brand":[],"product_cat":[48],"product_tag":[126,127],"class_list":{"0":"post-6486","1":"product","2":"type-product","3":"status-publish","4":"has-post-thumbnail","6":"product_cat-bearings","7":"product_tag-hassas-fener-mili-rulmanlari","8":"product_tag-high-precision-spindle-bearings","10":"first","11":"instock","12":"shipping-taxable","13":"product-type-external"},"aioseo_notices":[],"_links":{"self":[{"href":"https:\/\/asdenar.com.tr\/tr\/wp-json\/wp\/v2\/product\/6486","targetHints":{"allow":["GET"]}}],"collection":[{"href":"https:\/\/asdenar.com.tr\/tr\/wp-json\/wp\/v2\/product"}],"about":[{"href":"https:\/\/asdenar.com.tr\/tr\/wp-json\/wp\/v2\/types\/product"}],"wp:featuredmedia":[{"embeddable":true,"href":"https:\/\/asdenar.com.tr\/tr\/wp-json\/wp\/v2\/media\/6599"}],"wp:attachment":[{"href":"https:\/\/asdenar.com.tr\/tr\/wp-json\/wp\/v2\/media?parent=6486"}],"wp:term":[{"taxonomy":"product_brand","embeddable":true,"href":"https:\/\/asdenar.com.tr\/tr\/wp-json\/wp\/v2\/product_brand?post=6486"},{"taxonomy":"product_cat","embeddable":true,"href":"https:\/\/asdenar.com.tr\/tr\/wp-json\/wp\/v2\/product_cat?post=6486"},{"taxonomy":"product_tag","embeddable":true,"href":"https:\/\/asdenar.com.tr\/tr\/wp-json\/wp\/v2\/product_tag?post=6486"}],"curies":[{"name":"wp","href":"https:\/\/api.w.org\/{rel}","templated":true}]}}