{"id":6484,"date":"2024-07-12T14:14:12","date_gmt":"2024-07-12T14:14:12","guid":{"rendered":"https:\/\/asdenar.com.tr\/?post_type=product&#038;p=6484"},"modified":"2024-07-24T16:09:15","modified_gmt":"2024-07-24T16:09:15","slug":"slewing-rulmanlari","status":"publish","type":"product","link":"https:\/\/asdenar.com.tr\/tr\/urun\/slewing-rulmanlari\/","title":{"rendered":"Slewing Rulmanlar\u0131"},"content":{"rendered":"<h2>Slewing Rulmanlar\u0131<\/h2>\n<h3>Slewing Rulmanlar\u0131 \u00c7e\u015fitleri<\/h3>\n<ul>\n<li><strong>Tek s\u0131ra d\u00f6rt nokta temasl\u0131 bilyal\u0131 slewing rulmanlar\u0131<\/strong><\/li>\n<\/ul>\n<p>1. Hafif y\u00fck serisi<\/p>\n<p>2.\u00a0Orta y\u00fck serisi<\/p>\n<p>3. \u00d6zel imalat d\u00f6rt nokta temasl\u0131 slewing rulmanlar\u0131<\/p>\n<ul>\n<li><strong>Tek s\u0131ra \u00e7apraz makaral\u0131 slewing rulmanlar\u0131<\/strong><\/li>\n<\/ul>\n<p>1. Orta y\u00fck serisi<\/p>\n<p>2. \u00d6zel imalat \u00e7apraz makaral\u0131 slewing rulmanlar\u0131<\/p>\n<ul>\n<li><strong>\u00c7ift S\u0131ra Bilyal\u0131 Slewing Rulmanlar\u0131<\/strong><\/li>\n<\/ul>\n<ul>\n<li><strong>\u00c7ift S\u0131ra Silindirik Makaral\u0131 Slewing Rulmanlar\u0131<\/strong><\/li>\n<\/ul>\n<ul>\n<li><strong>\u00dc\u00e7 S\u0131ral\u0131 Makaral\u0131 Slewing Rulmanlar\u0131<\/strong><\/li>\n<\/ul>\n<ul>\n<li><strong>Kombine silindirik makara\/bilya slewing rulmanlar\u0131<\/strong><\/li>\n<\/ul>\n<ul>\n<li><strong>Wire race slewing rulmanlar\u0131<\/strong><\/li>\n<\/ul>\n","protected":false},"excerpt":{"rendered":"<h3>Slewing Rulmanlar\u0131 \u00c7e\u015fitleri<\/h3>\n<ul>\n<li><strong>Tek s\u0131ra d\u00f6rt nokta temasl\u0131 bilyal\u0131 slewing rulmanlar\u0131<\/strong><\/li>\n<\/ul>\n<p>1. Hafif y\u00fck serisi<\/p>\n<ul>\n<li>D\u0131\u015ftan di\u015fli<\/li>\n<li>\u0130\u00e7ten Di\u015fli<\/li>\n<li>Di\u015fsiz\/ d\u00fcz<\/li>\n<\/ul>\n<p>2.\u00a0Orta y\u00fck serisi<\/p>\n<ul>\n<li>D\u0131\u015ftan di\u015fli<\/li>\n<li>\u0130\u00e7ten Di\u015fli<\/li>\n<li>Di\u015fsiz\/ d\u00fcz<\/li>\n<\/ul>\n<p>3. \u00d6zel imalat d\u00f6rt nokta temasl\u0131 slewing rulmanlar\u0131<\/p>\n<ul>\n<li><strong>Tek s\u0131ra \u00e7apraz makaral\u0131 slewing rulmanlar\u0131<\/strong><\/li>\n<\/ul>\n<p>1. Orta y\u00fck serisi<\/p>\n<ul>\n<li>D\u0131\u015ftan di\u015fli<\/li>\n<li>\u0130\u00e7ten Di\u015fli<\/li>\n<li>Di\u015fsiz\/ d\u00fcz<\/li>\n<\/ul>\n<p>2. \u00d6zel imalat \u00e7apraz makaral\u0131 slewing rulmanlar\u0131<\/p>\n<ul>\n<li><strong>\u00c7ift S\u0131ra Bilyal\u0131 Slewing Rulmanlar\u0131<\/strong><\/li>\n<\/ul>\n<ul>\n<li>D\u0131\u015ftan di\u015fli<\/li>\n<li>\u0130\u00e7ten Di\u015fli<\/li>\n<li>Di\u015fsiz\/ d\u00fcz<\/li>\n<\/ul>\n<ul>\n<li><strong>\u00c7ift S\u0131ra Silindirik Makaral\u0131 Slewing Rulmanlar\u0131<\/strong><\/li>\n<\/ul>\n<ul>\n<li>D\u0131\u015ftan di\u015fli<\/li>\n<li>\u0130\u00e7ten Di\u015fli<\/li>\n<li>Di\u015fsiz\/ d\u00fcz<\/li>\n<\/ul>\n<ul>\n<li><strong>\u00dc\u00e7 S\u0131ral\u0131 Makaral\u0131 Slewing Rulmanlar\u0131<\/strong><\/li>\n<\/ul>\n<ul>\n<li>D\u0131\u015ftan di\u015fli<\/li>\n<li>\u0130\u00e7ten Di\u015fli<\/li>\n<li>Di\u015fsiz\/ d\u00fcz<\/li>\n<\/ul>\n<ul>\n<li><strong>Kombine silindirik makara\/bilya slewing rulmanlar\u0131<\/strong><\/li>\n<\/ul>\n<ul>\n<li>D\u0131\u015ftan di\u015fli<\/li>\n<li>\u0130\u00e7ten Di\u015fli<\/li>\n<li>Di\u015fsiz\/ d\u00fcz<\/li>\n<\/ul>\n<ul>\n<li><strong>Wire race slewing rulmanlar\u0131<\/strong><\/li>\n<\/ul>\n<ul>\n<li>D\u0131\u015ftan di\u015fli<\/li>\n<li>\u0130\u00e7ten Di\u015fli<\/li>\n<li>Di\u015fsiz\/ d\u00fcz<\/li>\n<\/ul>\n<p>&nbsp;<\/p>\n<p>Rulman fiyatlar\u0131 ve rulmanlar ile ilgili daha fazla bilgi almak i\u00e7in bize ula\u015f\u0131n!<\/p>\n","protected":false},"featured_media":6597,"template":"","meta":{"inline_featured_image":false,"_monsterinsights_skip_tracking":false,"_monsterinsights_sitenote_active":false,"_monsterinsights_sitenote_note":"","_monsterinsights_sitenote_category":0},"product_brand":[],"product_cat":[48],"product_tag":[124],"class_list":{"0":"post-6484","1":"product","2":"type-product","3":"status-publish","4":"has-post-thumbnail","6":"product_cat-bearings","7":"product_tag-slewing-rulmanlari","9":"first","10":"instock","11":"shipping-taxable","12":"product-type-external"},"aioseo_notices":[],"_links":{"self":[{"href":"https:\/\/asdenar.com.tr\/tr\/wp-json\/wp\/v2\/product\/6484","targetHints":{"allow":["GET"]}}],"collection":[{"href":"https:\/\/asdenar.com.tr\/tr\/wp-json\/wp\/v2\/product"}],"about":[{"href":"https:\/\/asdenar.com.tr\/tr\/wp-json\/wp\/v2\/types\/product"}],"wp:featuredmedia":[{"embeddable":true,"href":"https:\/\/asdenar.com.tr\/tr\/wp-json\/wp\/v2\/media\/6597"}],"wp:attachment":[{"href":"https:\/\/asdenar.com.tr\/tr\/wp-json\/wp\/v2\/media?parent=6484"}],"wp:term":[{"taxonomy":"product_brand","embeddable":true,"href":"https:\/\/asdenar.com.tr\/tr\/wp-json\/wp\/v2\/product_brand?post=6484"},{"taxonomy":"product_cat","embeddable":true,"href":"https:\/\/asdenar.com.tr\/tr\/wp-json\/wp\/v2\/product_cat?post=6484"},{"taxonomy":"product_tag","embeddable":true,"href":"https:\/\/asdenar.com.tr\/tr\/wp-json\/wp\/v2\/product_tag?post=6484"}],"curies":[{"name":"wp","href":"https:\/\/api.w.org\/{rel}","templated":true}]}}