{"id":6482,"date":"2024-07-12T14:09:25","date_gmt":"2024-07-12T14:09:25","guid":{"rendered":"https:\/\/asdenar.com.tr\/?post_type=product&#038;p=6482"},"modified":"2024-07-25T16:28:04","modified_gmt":"2024-07-25T16:28:04","slug":"yuksek-sicaklik-rulmanlari","status":"publish","type":"product","link":"https:\/\/asdenar.com.tr\/tr\/urun\/yuksek-sicaklik-rulmanlari\/","title":{"rendered":"Y\u00fcksek S\u0131cakl\u0131k Rulmanlar\u0131"},"content":{"rendered":"<h3><strong>Y\u00fcksek S\u0131cakl\u0131k Rulmanlar\u0131 \u00c7e\u015fitleri<\/strong><\/h3>\n<ul>\n<li>Sabit Bilyal\u0131 Y\u00fcksek S\u0131cakl\u0131k Rulmanlar\u0131<\/li>\n<li>Bombeli Y Y\u00fcksek S\u0131cakl\u0131k Rulmanlar\u0131<\/li>\n<li>Y\u00fcksek S\u0131cakl\u0131klar \u0130\u00e7in Yatakl\u0131 Rulmanlar<\/li>\n<li>Y\u00fcksek S\u0131cakl\u0131klar \u0130\u00e7in D\u00f6k\u00fcm G\u00f6vdeli Yatakl\u0131 Rulmanlar<\/li>\n<\/ul>\n","protected":false},"excerpt":{"rendered":"<h3><strong>Y\u00fcksek S\u0131cakl\u0131k Rulmanlar\u0131 \u00c7e\u015fitleri<\/strong><\/h3>\n<ul>\n<li>Sabit Bilyal\u0131 Y\u00fcksek S\u0131cakl\u0131k Rulmanlar\u0131<\/li>\n<li>Bombeli Y Y\u00fcksek S\u0131cakl\u0131k Rulmanlar\u0131<\/li>\n<li>Y\u00fcksek S\u0131cakl\u0131klar \u0130\u00e7in Yatakl\u0131 Rulmanlar<\/li>\n<li>Y\u00fcksek S\u0131cakl\u0131klar \u0130\u00e7in D\u00f6k\u00fcm G\u00f6vdeli Yatakl\u0131 Rulmanlar<\/li>\n<\/ul>\n<p>Rulman fiyatlar\u0131 ve rulmanlar ile ilgili daha fazla bilgi almak i\u00e7in bize ula\u015f\u0131n!<\/p>\n","protected":false},"featured_media":6251,"template":"","meta":{"inline_featured_image":false,"_monsterinsights_skip_tracking":false,"_monsterinsights_sitenote_active":false,"_monsterinsights_sitenote_note":"","_monsterinsights_sitenote_category":0},"product_brand":[],"product_cat":[48],"product_tag":[122],"class_list":{"0":"post-6482","1":"product","2":"type-product","3":"status-publish","4":"has-post-thumbnail","6":"product_cat-bearings","7":"product_tag-yuksek-sicaklik-rulmanlari","9":"first","10":"instock","11":"shipping-taxable","12":"product-type-external"},"aioseo_notices":[],"_links":{"self":[{"href":"https:\/\/asdenar.com.tr\/tr\/wp-json\/wp\/v2\/product\/6482","targetHints":{"allow":["GET"]}}],"collection":[{"href":"https:\/\/asdenar.com.tr\/tr\/wp-json\/wp\/v2\/product"}],"about":[{"href":"https:\/\/asdenar.com.tr\/tr\/wp-json\/wp\/v2\/types\/product"}],"wp:featuredmedia":[{"embeddable":true,"href":"https:\/\/asdenar.com.tr\/tr\/wp-json\/wp\/v2\/media\/6251"}],"wp:attachment":[{"href":"https:\/\/asdenar.com.tr\/tr\/wp-json\/wp\/v2\/media?parent=6482"}],"wp:term":[{"taxonomy":"product_brand","embeddable":true,"href":"https:\/\/asdenar.com.tr\/tr\/wp-json\/wp\/v2\/product_brand?post=6482"},{"taxonomy":"product_cat","embeddable":true,"href":"https:\/\/asdenar.com.tr\/tr\/wp-json\/wp\/v2\/product_cat?post=6482"},{"taxonomy":"product_tag","embeddable":true,"href":"https:\/\/asdenar.com.tr\/tr\/wp-json\/wp\/v2\/product_tag?post=6482"}],"curies":[{"name":"wp","href":"https:\/\/api.w.org\/{rel}","templated":true}]}}