{"id":6479,"date":"2024-07-12T13:42:08","date_gmt":"2024-07-12T13:42:08","guid":{"rendered":"https:\/\/asdenar.com.tr\/?post_type=product&#038;p=6479"},"modified":"2024-07-24T16:07:30","modified_gmt":"2024-07-24T16:07:30","slug":"silindirik-makarali-rulmanlar","status":"publish","type":"product","link":"https:\/\/asdenar.com.tr\/tr\/urun\/silindirik-makarali-rulmanlar\/","title":{"rendered":"Silindirik Makaral\u0131 Rulmanlar"},"content":{"rendered":"","protected":false},"excerpt":{"rendered":"<h3><strong>Silindirik Makaral\u0131 Rulman \u00c7e\u015fitleri<\/strong><\/h3>\n<ul>\n<li>Tek S\u0131ra Silindirik Makaral\u0131 Rulman<\/li>\n<li>\u00c7ift S\u0131ra Silindirik Makaral\u0131 Rulman<\/li>\n<li>D\u00f6rt S\u0131ra Silindirik Makaral\u0131 Rulman<\/li>\n<li>Kafessiz Silindirik Makaral\u0131 Rulman<\/li>\n<li>Eksenel Silindirik Makaral\u0131 Rulman<\/li>\n<\/ul>\n<p>Rulman fiyatlar\u0131 ve rulmanlar ile ilgili daha fazla bilgi almak i\u00e7in bize ula\u015f\u0131n!<\/p>\n","protected":false},"featured_media":6591,"template":"","meta":{"inline_featured_image":false,"_monsterinsights_skip_tracking":false,"_monsterinsights_sitenote_active":false,"_monsterinsights_sitenote_note":"","_monsterinsights_sitenote_category":0},"product_brand":[],"product_cat":[48],"product_tag":[119],"class_list":{"0":"post-6479","1":"product","2":"type-product","3":"status-publish","4":"has-post-thumbnail","6":"product_cat-bearings","7":"product_tag-silindirik-makarali-rulmanlar","9":"first","10":"instock","11":"shipping-taxable","12":"product-type-external"},"aioseo_notices":[],"_links":{"self":[{"href":"https:\/\/asdenar.com.tr\/tr\/wp-json\/wp\/v2\/product\/6479","targetHints":{"allow":["GET"]}}],"collection":[{"href":"https:\/\/asdenar.com.tr\/tr\/wp-json\/wp\/v2\/product"}],"about":[{"href":"https:\/\/asdenar.com.tr\/tr\/wp-json\/wp\/v2\/types\/product"}],"wp:featuredmedia":[{"embeddable":true,"href":"https:\/\/asdenar.com.tr\/tr\/wp-json\/wp\/v2\/media\/6591"}],"wp:attachment":[{"href":"https:\/\/asdenar.com.tr\/tr\/wp-json\/wp\/v2\/media?parent=6479"}],"wp:term":[{"taxonomy":"product_brand","embeddable":true,"href":"https:\/\/asdenar.com.tr\/tr\/wp-json\/wp\/v2\/product_brand?post=6479"},{"taxonomy":"product_cat","embeddable":true,"href":"https:\/\/asdenar.com.tr\/tr\/wp-json\/wp\/v2\/product_cat?post=6479"},{"taxonomy":"product_tag","embeddable":true,"href":"https:\/\/asdenar.com.tr\/tr\/wp-json\/wp\/v2\/product_tag?post=6479"}],"curies":[{"name":"wp","href":"https:\/\/api.w.org\/{rel}","templated":true}]}}