{"id":5970,"date":"2024-05-08T12:57:54","date_gmt":"2024-05-08T12:57:54","guid":{"rendered":"https:\/\/asdenar.com.tr\/?page_id=5970"},"modified":"2024-05-08T13:02:24","modified_gmt":"2024-05-08T13:02:24","slug":"cerez-politikasi","status":"publish","type":"page","link":"https:\/\/asdenar.com.tr\/tr\/cerez-politikasi\/","title":{"rendered":"\u00c7erez Politikas\u0131"},"content":{"rendered":"\r\n<p>ASDENAR Proje M\u00fc\u015favirlik Mim. M\u00fch. Tek. A.\u015e. \u00c7EREZ AYDINLATMA METN\u0130<\/p>\r\n<p>Bu metin, 6698 say\u0131l\u0131 Ki\u015fisel Verilerin Korunmas\u0131 Kanunu\u2019nun (\u201cKanun\u201d) 10. maddesi ile Ayd\u0131nlatma Y\u00fck\u00fcml\u00fcl\u00fc\u011f\u00fcn\u00fcn Yerine Getirilmesinde Uyulacak Usul ve Esaslar Hakk\u0131nda Tebli\u011f kapsam\u0131nda veri sorumlusu s\u0131fat\u0131yla ASDENAR Proje M\u00fc\u015favirlik Mim. M\u00fch. Tek. A.\u015e. (\u201cASDENAR\u201d) taraf\u0131ndan haz\u0131rlanm\u0131\u015ft\u0131r<\/p>\r\n<p>ASDENAR olarak https:\/\/www.asdenar.com.tr\/ adresli internet sitesi (\u201cSite\u201d) i\u00e7erisinde yer alan baz\u0131 alanlarda birinci ve \u00fc\u00e7\u00fcnc\u00fc taraf \u00e7erezler kullanmaktay\u0131z. Bu \u00c7erez Ayd\u0131nlatma Metni (\u201cAyd\u0131nlatma Metni\u201d), ASDENAR taraf\u0131ndan y\u00f6netilen Site i\u00e7in ge\u00e7erli olup, \u00e7erezler Ayd\u0131nlatma Metni\u2019nde a\u00e7\u0131klanan \u015fekilde kullan\u0131lacakt\u0131r.<\/p>\r\n<p>Bu Ayd\u0131nlatma Metni\u2019nin amac\u0131, internet sitemizde kullan\u0131lan \u00e7erezlerin cihaz\u0131n\u0131za yerle\u015ftirilmesi arac\u0131l\u0131\u011f\u0131yla otomatik yolla elde edilen ki\u015fisel verilerin i\u015flenmesine ili\u015fkin olarak, hangi ama\u00e7larla hangi t\u00fcr \u00e7erezleri kulland\u0131\u011f\u0131m\u0131z\u0131 ve bu \u00e7erezleri nas\u0131l y\u00f6netebilece\u011finiz hakk\u0131nda sizlere bilgi vermektir. \u0130nternet sitemizde kulland\u0131\u011f\u0131m\u0131z zorunlu \u00e7erezler haricindeki \u00e7erezler i\u00e7in kullan\u0131c\u0131lar\u0131n a\u00e7\u0131k r\u0131zalar\u0131 al\u0131nmakta ve kullan\u0131c\u0131lara istedikleri her zaman a\u00e7\u0131k r\u0131zaya ili\u015fkin tercihlerini de\u011fi\u015ftirebilme olana\u011f\u0131 sa\u011flanmaktad\u0131r.<\/p>\r\n<p>Kullan\u0131c\u0131lar, \u00e7erez y\u00f6netim paneli \u00fczerinden internet sitemizde kullan\u0131lan \u00e7erez \u00e7e\u015fitlerini g\u00f6rebilmekte ve zorunlu \u00e7erezler d\u0131\u015f\u0131nda kalan t\u00fcm \u00e7erezler i\u00e7in \u201caktif\u201d veya \u201cinaktif\u201d se\u00e7enekleri ile tercihlerini belirleyebilmektedir. Yine bu panel \u00fczerinden kullan\u0131c\u0131lar tercihlerini her zaman de\u011fi\u015ftirme imkan\u0131na sahiptir.<\/p>\r\n<p><strong>\u00c7erez Nedir?<\/strong><\/p>\r\n<p>\u00c7erezler bir internet sitesi taraf\u0131ndan cihaz\u0131n\u0131zda olu\u015fturulan ve isim-de\u011fer format\u0131nda veri bar\u0131nd\u0131ran k\u00fc\u00e7\u00fck metin dosyalar\u0131d\u0131r. \u00c7erezler, ziyaret etti\u011finiz internet sitesinin cihaz\u0131n\u0131zda bilgi saklamas\u0131n\u0131 ve bu bilgilerin sonraki ziyaretleriniz s\u0131ras\u0131nda kullanmas\u0131n\u0131 m\u00fcmk\u00fcn k\u0131lmaktad\u0131r. Bir internet sitesi taraf\u0131ndan olu\u015fturulan \u00e7erezler siteye eri\u015fim i\u00e7in kulland\u0131\u011f\u0131n\u0131z internet taray\u0131c\u0131s\u0131 taraf\u0131ndan saklanmakta olup \u00e7erezler, ziyaret\u00e7ilere ili\u015fkin isim, cinsiyet veya a\u00e7\u0131k adres gibi ki\u015fisel verileri i\u00e7ermezler. \u00c7erezlerin i\u00e7erdi\u011fi bilgilere ancak ayn\u0131 internet taray\u0131c\u0131s\u0131n\u0131 kullanman\u0131z halinde ve yaln\u0131zca ilgili \u00e7erezi olu\u015fturan internet sitesi https:\/\/www.asdenar.com.tr\/ taraf\u0131ndan eri\u015filebilmektedir.<\/p>\r\n<p>\u00c7erezler g\u00fcn\u00fcm\u00fczde, internet teknolojilerinin \u00f6nemli bir par\u00e7as\u0131 haline gelmi\u015ftir ve temel i\u015flevleri \u00e7evrimi\u00e7i ziyaret\u00e7inin tercihlerinin hat\u0131rlanmas\u0131 ve ba\u011flant\u0131 s\u0131ras\u0131nda cihaz\u0131n tan\u0131nmas\u0131 olup, neredeyse her internet sitesinde \u00e7erez kullan\u0131m\u0131 s\u00f6z konusudur<\/p>\r\n<p><strong>\u00c7erezleri Kim, Nas\u0131l G\u00f6nderir?<\/strong><\/p>\r\n<p>\u00c7erezler, gezintiniz s\u0131ras\u0131nda cihaz\u0131n\u0131zda bulunan internet taray\u0131c\u0131n\u0131z (Chrome, Firefox, Safari, Edge vb.) ile ASDENAR b\u00fcnyesindeki internet sitesi sunucular\u0131 aras\u0131nda kurulan ileti\u015fim vas\u0131tas\u0131yla g\u00f6nderilmektedir.<\/p>\r\n<p><strong>\u00c7erez Tipleri:<\/strong><\/p>\r\n<ul>\r\n<li>Sahipliklerine g\u00f6re:<\/li>\r\n<li>Birinci Taraf \u00c7erezler Do\u011frudan ziyaret edilen web sitesi veya ASDENAR taraf\u0131ndan cihaza yerle\u015ftirilmektedir.<\/li>\r\n<li>\u00dc\u00e7\u00fcnc\u00fc Taraf \u00c7erezler ASDENAR ile i\u015f birli\u011fi i\u00e7erisinde olan, reklam veren veya analitik sistem gibi \u00fc\u00e7\u00fcnc\u00fc bir taraf\u00e7a cihaza yerle\u015ftirilen \u00e7erezlerdir.<\/li>\r\n<li>Aktif oldu\u011fu s\u00fcreye g\u00f6re:<\/li>\r\n<li>Oturum \u00c7erezleri Kullan\u0131c\u0131n\u0131n taray\u0131c\u0131y\u0131 kapatmas\u0131 veya oturumun sona ermesi s\u00fcresine kadar depolanabilecek verileri sa\u011flamaktad\u0131r. K\u0131sa s\u00fcreli \u00e7erezlerdir.<\/li>\r\n<li>Kal\u0131c\u0131 \u00c7erezler \u00c7erezin kullan\u0131c\u0131 taraf\u0131ndan silinme tarihine kadar veya \u00e7erez i\u00e7in belirli son kullanma tarihine kadar s\u00fcr\u00fcc\u00fcde yer alan \u00e7erezlerdir. Kal\u0131c\u0131 \u00e7erezlerin kodlar\u0131nda de\u011fi\u015fken s\u00fcreli, yaz\u0131l\u0131 bir son kullanma tarihi vard\u0131r.<\/li>\r\n<li>Kullan\u0131m ama\u00e7lar\u0131na g\u00f6re:<\/li>\r\n<li>Zorunlu \u00c7erezler Web sitesinde gezinmek ve sitenin g\u00fcvenli alanlar\u0131na eri\u015fim gibi \u00f6zelliklerin kullan\u0131lmas\u0131 i\u00e7in gerekli olan \u00e7erezlerdir.<\/li>\r\n<li>\u0130\u015flevsel (Tercih) \u00c7erezleri Web sitesinde ge\u00e7mi\u015fte yap\u0131lan se\u00e7imlerin (kullan\u0131c\u0131 ad\u0131 bilgisi, parola bilgisi, hangi dilin tercih edildi\u011fi vb.) ne oldu\u011funu hat\u0131rlamas\u0131n\u0131 sa\u011flar. Web sitesine otomatik giri\u015fi sa\u011flayan tercih \u00e7erezleri, i\u015flevsel \u00e7erezler olarak da adland\u0131r\u0131lmaktad\u0131r..<\/li>\r\n<li>\u0130statistik \u00c7erezleri Performans \u00e7erezleri olarak da bilinen istatistik \u00e7erezleri, web sitesinin kullan\u0131m\u0131na ili\u015fkin anonim, istatistiksel veri sa\u011flayan \u00e7erezlerdir. \u0130statistik \u00e7erezleri ile kullan\u0131c\u0131n\u0131n web sitesini nas\u0131l kulland\u0131\u011f\u0131, ziyaret etti\u011fi sayfalar, t\u0131klad\u0131\u011f\u0131 ba\u011flant\u0131lar depolanabilmektedir. Anonim hale getirilen istatistik \u00e7erezleri, web sitesi kullan\u0131c\u0131s\u0131n\u0131 tan\u0131mlamak i\u00e7in kullan\u0131lmamaktad\u0131r. Bu \u00e7erezlerin amac\u0131, web sitesini daha i\u015flevsel hale getirmektir.<\/li>\r\n<li>Pazarlama \u00c7erezleri \u0130lgi alanlar\u0131n\u0131z\u0131n bir profilini olu\u015fturmak ve di\u011fer sitelerdeki alakal\u0131 reklamlar\u0131 g\u00f6stermek amac\u0131yla faaliyet g\u00f6steren firmalar taraf\u0131ndan kullan\u0131labilen \u00e7erezlerdir.<\/li>\r\n<\/ul>\r\n<p><strong>Ki\u015fisel Verilerin Hangi Ama\u00e7larla \u0130\u015flenece\u011fi ve Hukuki Sebepler<\/strong><\/p>\r\n<p><strong>Zorunlu \u00e7erezler<\/strong>, talep etmi\u015f oldu\u011funuz bir bilgi toplumu hizmetinin (log-in olma, form doldurma ve gizlilik tercihlerinin hat\u0131rlanmas\u0131) yerine getirilebilmesi amac\u0131yla kullan\u0131lmaktad\u0131r. Bu \u00e7erezler arac\u0131l\u0131\u011f\u0131yla toplanan ki\u015fisel verileriniz, Kanun\u2019un 5. maddesinin 2. f\u0131kras\u0131n\u0131n (c) bendi \u201cBir s\u00f6zle\u015fmenin kurulmas\u0131 veya ifas\u0131yla do\u011frudan do\u011fruya ilgili olmas\u0131 kayd\u0131yla, s\u00f6zle\u015fmenin taraflar\u0131na ait ki\u015fisel verilerin i\u015flenmesinin gerekli olmas\u0131\u201d veya (f) bendi \u201c\u0130lgili ki\u015finin temel hak ve \u00f6zg\u00fcrl\u00fcklerine zarar vermemek kayd\u0131yla, veri sorumlusunun me\u015fru menfaatleri i\u00e7in veri i\u015flenmesinin zorunlu olmas\u0131\u201d kapsam\u0131nda i\u015flenmektedir.<\/p>\r\n<p><strong>Reklam ve Pazarlama \u00e7erezleri<\/strong>, i\u015f ortaklar\u0131m\u0131z taraf\u0131ndan ilgi alanlar\u0131n\u0131za g\u00f6re profilinizin \u00e7\u0131kar\u0131lmas\u0131 ve size ilgili reklamlar g\u00f6stermek amac\u0131yla kullan\u0131lmaktad\u0131r. Bu \u00e7erezler arac\u0131l\u0131\u011f\u0131yla toplanan ki\u015fisel verileriniz, Kanun\u2019un 5. maddesinin 1. f\u0131kras\u0131 kapsam\u0131nda a\u00e7\u0131k r\u0131zan\u0131z\u0131n al\u0131nmas\u0131 suretiyle i\u015flenmektedir.<\/p>\r\n<p><strong>Performans \/ Analitik \u00e7erezler<\/strong>, internet sitelerinde kullan\u0131c\u0131lar\u0131n davran\u0131\u015flar\u0131n\u0131 analiz etmek amac\u0131yla istatistiki \u00f6l\u00e7\u00fcm\u00fcne imk\u00e2n veren \u00e7erezlerdir. Bu \u00e7erezler, sitenin iyile\u015ftirilmesi i\u00e7in s\u0131kl\u0131kla kullan\u0131lmakta olup, bu duruma reklamlar\u0131n ilgili ki\u015filer \u00fczerindeki etkisinin \u00f6l\u00e7\u00fcm\u00fc de d\u00e2hildir. \u0130nternet sitesi sahipleri taraf\u0131ndan, tekil ziyaret\u00e7ilerin say\u0131s\u0131n\u0131 tahmin etmek, bir internet sayfas\u0131na g\u00f6t\u00fcren en \u00f6nemli arama motoru anahtar kelimelerini tespit etmek veya internet sitesinde gezinme durumunu izlemek i\u00e7in kullan\u0131lmaktad\u0131rlar. Bu \u00e7erezler arac\u0131l\u0131\u011f\u0131yla toplanan ki\u015fisel verileriniz, Kanun\u2019un 5. maddesinin 1. f\u0131kras\u0131 kapsam\u0131nda a\u00e7\u0131k r\u0131zan\u0131z\u0131n al\u0131nmas\u0131 suretiyle i\u015flenmektedir.<\/p>\r\n<p><strong>\u0130\u015flevsel \u00e7erezler<\/strong>, internet sayfam\u0131z\u0131 daha i\u015flevsel k\u0131lmak ve ki\u015fiselle\u015ftirmek (gizlilik tercihleriniz hari\u00e7 olmak \u00fczere di\u011fer tercihlerinizin siteye tekrar girdi\u011finizde hat\u0131rlanmas\u0131n\u0131 sa\u011flamak) ama\u00e7lar\u0131yla kullan\u0131lmaktad\u0131r. Bu \u00e7erezler arac\u0131l\u0131\u011f\u0131yla toplanan ki\u015fisel verileriniz, Kanun\u2019un 5. maddesinin 1. f\u0131kras\u0131 kapsam\u0131nda a\u00e7\u0131k r\u0131zan\u0131z\u0131n al\u0131nmas\u0131 suretiyle i\u015flenmektedir.<\/p>\r\n<p><strong>\u00c7erezler Arac\u0131l\u0131\u011f\u0131yla \u0130\u015flenen Ki\u015fisel Verilerin Aktar\u0131lmas\u0131<\/strong><\/p>\r\n<p>\u00c7erezler arac\u0131l\u0131\u011f\u0131 ile y\u00fcr\u00fct\u00fclen faaliyetlerimiz kapsam\u0131nda ki\u015fisel verileriniz; ASDENAR hizmetlerinin size \u00f6zelle\u015ftirilerek geli\u015ftirilmesi, pazarlama faaliyetlerinin y\u00fcr\u00fct\u00fclebilmesi, i\u015f faaliyetlerinin y\u00fcr\u00fct\u00fclmesi ve denetimi, mal ve hizmet sat\u0131n al\u0131m s\u00fcre\u00e7lerinin y\u00fcr\u00fct\u00fclmesi ama\u00e7lar\u0131 ile tedarik\u00e7ilerimize aktar\u0131lmaktad\u0131r.<\/p>\r\n<p>Ayr\u0131ca yukar\u0131daki tabloda belirtilen istatistik ve pazarlama \u00e7erezlerine onay vermeniz halinde ki\u015fisel verileriniz; saklama ve ar\u015fiv faaliyetlerinin y\u00fcr\u00fct\u00fclmesi amac\u0131yla s\u0131n\u0131rl\u0131 olarak yurt d\u0131\u015f\u0131nda yerle\u015fik \u00fc\u00e7\u00fcnc\u00fc taraf altyap\u0131 sa\u011flay\u0131c\u0131 Google ve Facebook arac\u0131l\u0131\u011f\u0131yla yurt d\u0131\u015f\u0131ndaki sunucularda i\u015flenecektir. Bu kapsamda; taraf\u0131n\u0131za ait ki\u015fisel veriler, a\u00e7\u0131k r\u0131zan\u0131za dayal\u0131 olarak, gerekli teknik ve idari tedbirler al\u0131narak sunucular\u0131 yurt d\u0131\u015f\u0131nda bulunan hizmet sa\u011flay\u0131c\u0131lar taraf\u0131ndan i\u015flenecektir.<\/p>\r\n<p><strong>\u00c7erezlerin Y\u00f6netimi<\/strong><\/p>\r\n<p>\u0130nternet sitemizi kullanabilmek i\u00e7in \u00e7erez kullan\u0131m\u0131 zorunlu de\u011fildir, fakat taray\u0131c\u0131n\u0131z\u0131 \u00e7erezleri kabul etmemeye ayarlaman\u0131z halinde kullan\u0131c\u0131 deneyiminizin kalitesi d\u00fc\u015febilir ve sitelerimizin \u00e7e\u015fitli i\u015flevleri bozulabilir. \u00d6zellikle teknik \u00e7erezler, Site\u2019nin temel i\u015flevlerini yerine getirebilmesini sa\u011flamaktad\u0131r. Teknik \u00e7erezler Site\u2019nin teknik olarak \u00e7al\u0131\u015fmas\u0131n\u0131 tesis etti\u011finden bunlar\u0131 kapatman\u0131z halinde, Site\u2019de baz\u0131 fonksiyonlar\u0131n gere\u011fi gibi \u00e7al\u0131\u015fmamas\u0131 s\u00f6z konusu olabilir.<\/p>\r\n<p>\u00c7erez y\u00f6netim panelinde yer alan \u2018\u2018Tercihleri Y\u00f6net\u2019\u2019 alan\u0131ndan ilgili \u00e7erez t\u00fcrlerine dair butonlar\u0131 tercihinize g\u00f6re a\u00e7\u0131k veya kapal\u0131 konuma getirerek \u201cAyarlar\u0131 Kaydet\u201d veya \u2018\u2018Hepsine \u0130zin Ver\u2019\u2019 butonlar\u0131na t\u0131klayabilir, ayarlar\u0131n\u0131z\u0131 etkin h\u00e2le getirmek i\u00e7in sayfay\u0131 yenileyebilirsiniz.<\/p>\r\n<p>Taray\u0131c\u0131n\u0131z\u0131; \u00e7erezleri t\u00fcm siteler veya belirli siteler i\u00e7in engelleyecek \u015fekilde, \u00e7erez olu\u015fturuldu\u011funda uyar\u0131 verecek \u015fekilde, \u00fc\u00e7\u00fcnc\u00fc taraf \u00e7erezleri engelleyecek \u015fekilde veya t\u00fcm \u00e7erezleri oturum \u00e7erezi gibi sayacak \u015fekilde yap\u0131land\u0131rabilirsiniz. Ek olarak, taray\u0131c\u0131n\u0131z \u00fczerinden \u00e7erezleri silebilir veya taray\u0131c\u0131n\u0131zda saklanan \u00e7erezlerin listesini ve de\u011ferlerini g\u00f6rebilirsiniz. Taray\u0131c\u0131n\u0131z\u0131n \u00e7erez y\u00f6netimi i\u015flevleri hakk\u0131nda detayl\u0131 bilgi i\u00e7in l\u00fctfen a\u015fa\u011f\u0131daki ilgili linke t\u0131klayarak taray\u0131c\u0131n\u0131z\u0131n internet sitesinden bilgi al\u0131n\u0131z.<\/p>\r\n<p>\u00c7erezler ile ilgili daha detayl\u0131 bilgi i\u00e7in, https:\/\/www.aboutcookies.org veya https:\/\/www.youronlinechoices.eu\/ adresini ziyaret edebilir ya da &#8220;Privacy Badger&#8221; uygulamas\u0131n\u0131 kullanabilirsiniz (https:\/\/www.eff.org\/tr\/privacybadger).<\/p>\r\n<p><strong>\u0130lgili Ki\u015filerin Talepleri<\/strong><\/p>\r\n<p>Kanun\u2019un 11. maddesi kapsam\u0131ndaki haklar\u0131n\u0131z ve ki\u015fisel verilerinizin i\u015flenmesi hakk\u0131nda ayr\u0131nt\u0131l\u0131 bilgi i\u00e7in Ayd\u0131nlatma Metni &#8216;ni inceleyebilirsiniz. ASDENAR \u00e7erezlerle ilgili kullan\u0131m \u015fartlar\u0131n\u0131 ve \u00c7erez Ayd\u0131nlatma Metni \u2019ni de\u011fi\u015ftirme hakk\u0131n\u0131 sakl\u0131 tutar.<\/p>","protected":false},"excerpt":{"rendered":"<p>ASDENAR Proje M\u00fc\u015favirlik Mim. M\u00fch. Tek. A.\u015e. \u00c7EREZ AYDINLATMA METN\u0130 Bu metin, 6698 say\u0131l\u0131 Ki\u015fisel Verilerin Korunmas\u0131 Kanunu\u2019nun (\u201cKanun\u201d) 10. maddesi ile Ayd\u0131nlatma Y\u00fck\u00fcml\u00fcl\u00fc\u011f\u00fcn\u00fcn Yerine Getirilmesinde Uyulacak Usul ve Esaslar Hakk\u0131nda Tebli\u011f kapsam\u0131nda veri sorumlusu s\u0131fat\u0131yla ASDENAR Proje M\u00fc\u015favirlik Mim. M\u00fch. Tek. A.\u015e. (\u201cASDENAR\u201d) taraf\u0131ndan haz\u0131rlanm\u0131\u015ft\u0131r ASDENAR olarak https:\/\/www.asdenar.com.tr\/ adresli<\/p>\n","protected":false},"author":2,"featured_media":0,"parent":0,"menu_order":0,"comment_status":"closed","ping_status":"open","template":"","meta":{"inline_featured_image":false,"_monsterinsights_skip_tracking":false,"_monsterinsights_sitenote_active":false,"_monsterinsights_sitenote_note":"","_monsterinsights_sitenote_category":0,"footnotes":""},"class_list":["post-5970","page","type-page","status-publish","hentry"],"aioseo_notices":[],"_links":{"self":[{"href":"https:\/\/asdenar.com.tr\/tr\/wp-json\/wp\/v2\/pages\/5970","targetHints":{"allow":["GET"]}}],"collection":[{"href":"https:\/\/asdenar.com.tr\/tr\/wp-json\/wp\/v2\/pages"}],"about":[{"href":"https:\/\/asdenar.com.tr\/tr\/wp-json\/wp\/v2\/types\/page"}],"author":[{"embeddable":true,"href":"https:\/\/asdenar.com.tr\/tr\/wp-json\/wp\/v2\/users\/2"}],"replies":[{"embeddable":true,"href":"https:\/\/asdenar.com.tr\/tr\/wp-json\/wp\/v2\/comments?post=5970"}],"version-history":[{"count":3,"href":"https:\/\/asdenar.com.tr\/tr\/wp-json\/wp\/v2\/pages\/5970\/revisions"}],"predecessor-version":[{"id":5994,"href":"https:\/\/asdenar.com.tr\/tr\/wp-json\/wp\/v2\/pages\/5970\/revisions\/5994"}],"wp:attachment":[{"href":"https:\/\/asdenar.com.tr\/tr\/wp-json\/wp\/v2\/media?parent=5970"}],"curies":[{"name":"wp","href":"https:\/\/api.w.org\/{rel}","templated":true}]}}