{"id":6502,"date":"2024-07-18T10:16:55","date_gmt":"2024-07-18T10:16:55","guid":{"rendered":"https:\/\/asdenar.com.tr\/?post_type=product&#038;p=6502"},"modified":"2024-07-25T16:21:58","modified_gmt":"2024-07-25T16:21:58","slug":"planet-reduktorler","status":"publish","type":"product","link":"https:\/\/asdenar.com.tr\/ru\/urun\/planet-reduktorler\/","title":{"rendered":"\u041f\u043b\u0430\u043d\u0435\u0442\u0430\u0440\u043d\u044b\u0435 \u0440\u0435\u0434\u0443\u043a\u0442\u043e\u0440\u044b"},"content":{"rendered":"<h2>\u041f\u043b\u0430\u043d\u0435\u0442\u0430\u0440\u043d\u044b\u0435 \u0440\u0435\u0434\u0443\u043a\u0442\u043e\u0440\u044b<\/h2>\n<h3><strong>Planet Red\u00fckt\u00f6r \u00c7e\u015fitleri<\/strong><\/h3>\n<ul>\n<li>Y\u00fcksek Tork Red\u00fckt\u00f6rleri<\/li>\n<li>Yem Karma Red\u00fckt\u00f6rleri<\/li>\n<li>Silo Red\u00fckt\u00f6rleri<\/li>\n<\/ul>\n<p>&nbsp;<\/p>","protected":false},"excerpt":{"rendered":"<div id=\"kategoriler\" class=\"urunler-detay-content\">\n<div class=\"content\">\n<div class=\"liste\">\n<h3><strong>Planet Red\u00fckt\u00f6r \u00c7e\u015fitleri<\/strong><\/h3>\n<ul>\n<li>Y\u00fcksek Tork Red\u00fckt\u00f6rleri<\/li>\n<li>Yem Karma Red\u00fckt\u00f6rleri<\/li>\n<li>Silo Red\u00fckt\u00f6rleri<\/li>\n<\/ul>\n<p>Planet red\u00fckt\u00f6r \u00e7e\u015fitleri, planet red\u00fckt\u00f6r \u00f6l\u00e7\u00fcleri, sat\u0131\u015f\u0131n\u0131 yapt\u0131\u011f\u0131m\u0131z planet red\u00fckt\u00f6r markalar\u0131 ve t\u00fcm di\u011fer \u00fcr\u00fcnler ile ilgili bilgi almak i\u00e7in katalo\u011fumuzu inceleyebilirsiniz.<\/p>\n<p>Planet red\u00fckt\u00f6r fiyatlar\u0131 ve planet red\u00fckt\u00f6rler ile ilgili daha fazla bilgi almak i\u00e7in <a href=\"https:\/\/asdenar.com.tr\/ru\/iletisim\/\">\u0441\u0432\u044f\u0436\u0438\u0442\u0435\u0441\u044c \u0441 \u043d\u0430\u043c\u0438<\/a>!<\/p>\n<\/div>\n<\/div>\n<\/div>","protected":false},"featured_media":6610,"template":"","meta":{"inline_featured_image":false,"_monsterinsights_skip_tracking":false,"_monsterinsights_sitenote_active":false,"_monsterinsights_sitenote_note":"","_monsterinsights_sitenote_category":0},"product_brand":[],"product_cat":[92],"product_tag":[139],"class_list":{"0":"post-6502","1":"product","2":"type-product","3":"status-publish","4":"has-post-thumbnail","6":"product_cat-gear-boxes","7":"product_tag-planet-reduktorler","9":"first","10":"instock","11":"shipping-taxable","12":"product-type-external"},"aioseo_notices":[],"_links":{"self":[{"href":"https:\/\/asdenar.com.tr\/ru\/wp-json\/wp\/v2\/product\/6502","targetHints":{"allow":["GET"]}}],"collection":[{"href":"https:\/\/asdenar.com.tr\/ru\/wp-json\/wp\/v2\/product"}],"about":[{"href":"https:\/\/asdenar.com.tr\/ru\/wp-json\/wp\/v2\/types\/product"}],"wp:featuredmedia":[{"embeddable":true,"href":"https:\/\/asdenar.com.tr\/ru\/wp-json\/wp\/v2\/media\/6610"}],"wp:attachment":[{"href":"https:\/\/asdenar.com.tr\/ru\/wp-json\/wp\/v2\/media?parent=6502"}],"wp:term":[{"taxonomy":"product_brand","embeddable":true,"href":"https:\/\/asdenar.com.tr\/ru\/wp-json\/wp\/v2\/product_brand?post=6502"},{"taxonomy":"product_cat","embeddable":true,"href":"https:\/\/asdenar.com.tr\/ru\/wp-json\/wp\/v2\/product_cat?post=6502"},{"taxonomy":"product_tag","embeddable":true,"href":"https:\/\/asdenar.com.tr\/ru\/wp-json\/wp\/v2\/product_tag?post=6502"}],"curies":[{"name":"wp","href":"https:\/\/api.w.org\/{rel}","templated":true}]}}