{"id":6483,"date":"2024-07-12T14:11:38","date_gmt":"2024-07-12T14:11:38","guid":{"rendered":"https:\/\/asdenar.com.tr\/?post_type=product&#038;p=6483"},"modified":"2024-07-25T16:29:09","modified_gmt":"2024-07-25T16:29:09","slug":"paslanmaz-rulmanlar","status":"publish","type":"product","link":"https:\/\/asdenar.com.tr\/ru\/urun\/paslanmaz-rulmanlar\/","title":{"rendered":"\u041f\u043e\u0434\u0448\u0438\u043f\u043d\u0438\u043a\u0438 \u0438\u0437 \u043d\u0435\u0440\u0436\u0430\u0432\u0435\u044e\u0449\u0435\u0439 \u0441\u0442\u0430\u043b\u0438"},"content":{"rendered":"<h3><strong>Paslanmaz Rulman \u00c7e\u015fitleri<\/strong><\/h3>\n<ul>\n<li>Sabit Bilyal\u0131 Paslanmaz Rulmanlar<\/li>\n<li>G\u0131daya Uygun Paslanmaz Rulmanlar<\/li>\n<li>D\u00f6k\u00fcm G\u00f6vdeli Yatakl\u0131 Paslanmaz Rulmanlar<\/li>\n<\/ul>","protected":false},"excerpt":{"rendered":"<h3><strong>Paslanmaz Rulman \u00c7e\u015fitleri<\/strong><\/h3>\n<ul>\n<li>Sabit Bilyal\u0131 Paslanmaz Rulmanlar<\/li>\n<li>G\u0131daya Uygun Paslanmaz Rulmanlar<\/li>\n<li>D\u00f6k\u00fcm G\u00f6vdeli Yatakl\u0131 Paslanmaz Rulmanlar<\/li>\n<\/ul>\n<p>\u0421\u0432\u044f\u0436\u0438\u0442\u0435\u0441\u044c \u0441 \u043d\u0430\u043c\u0438, \u0447\u0442\u043e\u0431\u044b \u0443\u0437\u043d\u0430\u0442\u044c \u0431\u043e\u043b\u044c\u0448\u0435 \u043e \u0446\u0435\u043d\u0430\u0445 \u043d\u0430 \u043f\u043e\u0434\u0448\u0438\u043f\u043d\u0438\u043a\u0438 \u0438 \u043f\u043e\u0434\u0448\u0438\u043f\u043d\u0438\u043a\u0430\u0445 \u043a\u0430\u0447\u0435\u043d\u0438\u044f!<\/p>","protected":false},"featured_media":6251,"template":"","meta":{"inline_featured_image":false,"_monsterinsights_skip_tracking":false,"_monsterinsights_sitenote_active":false,"_monsterinsights_sitenote_note":"","_monsterinsights_sitenote_category":0},"product_brand":[],"product_cat":[48],"product_tag":[123,154],"class_list":{"0":"post-6483","1":"product","2":"type-product","3":"status-publish","4":"has-post-thumbnail","6":"product_cat-bearings","7":"product_tag-paslanmaz-rulmanlar","8":"product_tag-stainless-steel-bearings","10":"first","11":"instock","12":"shipping-taxable","13":"product-type-external"},"aioseo_notices":[],"_links":{"self":[{"href":"https:\/\/asdenar.com.tr\/ru\/wp-json\/wp\/v2\/product\/6483","targetHints":{"allow":["GET"]}}],"collection":[{"href":"https:\/\/asdenar.com.tr\/ru\/wp-json\/wp\/v2\/product"}],"about":[{"href":"https:\/\/asdenar.com.tr\/ru\/wp-json\/wp\/v2\/types\/product"}],"wp:featuredmedia":[{"embeddable":true,"href":"https:\/\/asdenar.com.tr\/ru\/wp-json\/wp\/v2\/media\/6251"}],"wp:attachment":[{"href":"https:\/\/asdenar.com.tr\/ru\/wp-json\/wp\/v2\/media?parent=6483"}],"wp:term":[{"taxonomy":"product_brand","embeddable":true,"href":"https:\/\/asdenar.com.tr\/ru\/wp-json\/wp\/v2\/product_brand?post=6483"},{"taxonomy":"product_cat","embeddable":true,"href":"https:\/\/asdenar.com.tr\/ru\/wp-json\/wp\/v2\/product_cat?post=6483"},{"taxonomy":"product_tag","embeddable":true,"href":"https:\/\/asdenar.com.tr\/ru\/wp-json\/wp\/v2\/product_tag?post=6483"}],"curies":[{"name":"wp","href":"https:\/\/api.w.org\/{rel}","templated":true}]}}