{"id":6515,"date":"2024-07-18T12:48:02","date_gmt":"2024-07-18T12:48:02","guid":{"rendered":"https:\/\/asdenar.com.tr\/?post_type=product&#038;p=6515"},"modified":"2024-07-25T16:14:53","modified_gmt":"2024-07-25T16:14:53","slug":"ex-proof-atex-motorlar","status":"publish","type":"product","link":"https:\/\/asdenar.com.tr\/en\/urun\/ex-proof-atex-motorlar\/","title":{"rendered":"Ex-Proof (ATEX) Motorlar"},"content":{"rendered":"<h2>Ex-Proof (ATEX) Motorlar<\/h2>\n<h4><strong>Ex-Proof (ATEX) Motor \u00c7e\u015fitleri<\/strong><\/h4>\n<ul>\n<li>Patlamaya Kar\u015f\u0131 Korumal\u0131 Motorlar<\/li>\n<li>Toz Koruma S\u0131n\u0131f\u0131 Ex-Proof Motorlar<\/li>\n<li>Gaz\u00a0Koruma S\u0131n\u0131f\u0131 Ex-Proof Motorlar<\/li>\n<li>Kimyasal\u00a0Koruma S\u0131n\u0131f\u0131 Ex-Proof Motorlar<\/li>\n<\/ul>\n<p>&nbsp;<\/p>\n<p>&nbsp;<\/p>","protected":false},"excerpt":{"rendered":"<h4><strong>Ex-Proof (ATEX) Motor \u00c7e\u015fitleri<\/strong><\/h4>\n<ul>\n<li>Patlamaya Kar\u015f\u0131 Korumal\u0131 Motorlar<\/li>\n<li>Toz Koruma S\u0131n\u0131f\u0131 Ex-Proof Motorlar<\/li>\n<li>Gaz\u00a0Koruma S\u0131n\u0131f\u0131 Ex-Proof Motorlar<\/li>\n<li>Kimyasal\u00a0Koruma S\u0131n\u0131f\u0131 Ex-Proof Motorlar<\/li>\n<\/ul>\n<p>Ex-Proof (ATEX) motor \u00e7e\u015fitleri, Ex-Proof (ATEX) motor \u00f6l\u00e7\u00fcleri, sat\u0131\u015f\u0131n\u0131 yapt\u0131\u011f\u0131m\u0131z Ex-Proof (ATEX) motor markalar\u0131 ve t\u00fcm di\u011fer \u00fcr\u00fcnler ile ilgili bilgi almak i\u00e7in katalo\u011fumuzu inceleyebilirsiniz.<\/p>\n<p>Ex-Proof (ATEX) motor fiyatlar\u0131 ve Ex-Proof (ATEX) motorlar ile ilgili daha fazla bilgi almak i\u00e7in <strong><a href=\"https:\/\/asdenar.com.tr\/en\/iletisim\/\">bize ula\u015f\u0131n!<\/a><\/strong><\/p>","protected":false},"featured_media":6604,"template":"","meta":{"inline_featured_image":false,"_monsterinsights_skip_tracking":false,"_monsterinsights_sitenote_active":false,"_monsterinsights_sitenote_note":"","_monsterinsights_sitenote_category":0},"product_brand":[],"product_cat":[91],"product_tag":[153],"class_list":{"0":"post-6515","1":"product","2":"type-product","3":"status-publish","4":"has-post-thumbnail","6":"product_cat-elektrik-motor","7":"product_tag-ex-proof-atex-motorlar","9":"first","10":"instock","11":"shipping-taxable","12":"product-type-external"},"aioseo_notices":[],"_links":{"self":[{"href":"https:\/\/asdenar.com.tr\/en\/wp-json\/wp\/v2\/product\/6515","targetHints":{"allow":["GET"]}}],"collection":[{"href":"https:\/\/asdenar.com.tr\/en\/wp-json\/wp\/v2\/product"}],"about":[{"href":"https:\/\/asdenar.com.tr\/en\/wp-json\/wp\/v2\/types\/product"}],"wp:featuredmedia":[{"embeddable":true,"href":"https:\/\/asdenar.com.tr\/en\/wp-json\/wp\/v2\/media\/6604"}],"wp:attachment":[{"href":"https:\/\/asdenar.com.tr\/en\/wp-json\/wp\/v2\/media?parent=6515"}],"wp:term":[{"taxonomy":"product_brand","embeddable":true,"href":"https:\/\/asdenar.com.tr\/en\/wp-json\/wp\/v2\/product_brand?post=6515"},{"taxonomy":"product_cat","embeddable":true,"href":"https:\/\/asdenar.com.tr\/en\/wp-json\/wp\/v2\/product_cat?post=6515"},{"taxonomy":"product_tag","embeddable":true,"href":"https:\/\/asdenar.com.tr\/en\/wp-json\/wp\/v2\/product_tag?post=6515"}],"curies":[{"name":"wp","href":"https:\/\/api.w.org\/{rel}","templated":true}]}}