{"id":6512,"date":"2024-07-18T12:42:20","date_gmt":"2024-07-18T12:42:20","guid":{"rendered":"https:\/\/asdenar.com.tr\/?post_type=product&#038;p=6512"},"modified":"2024-07-25T16:17:13","modified_gmt":"2024-07-25T16:17:13","slug":"otomotiv-keceleri-sizdirmazlik-elemanlari","status":"publish","type":"product","link":"https:\/\/asdenar.com.tr\/en\/urun\/otomotiv-keceleri-sizdirmazlik-elemanlari\/","title":{"rendered":"Otomotiv Ke\u00e7eleri ve S\u0131zd\u0131rmazl\u0131k Elemanlar\u0131"},"content":{"rendered":"<h2>Otomotiv Ke\u00e7eleri ve S\u0131zd\u0131rmazl\u0131k Elemanlar\u0131<\/h2>\n<h3><strong>Otomotiv Ke\u00e7eleri ve S\u0131zd\u0131rmazl\u0131k Elemanlar\u0131<\/strong><\/h3>\n<ul>\n<li>Ya\u011f Ke\u00e7eleri<\/li>\n<li>Kaset Porya Ke\u00e7eleri<\/li>\n<li>Subap Ke\u00e7eleri<\/li>\n<li>Tamir Tak\u0131m Kitleri<\/li>\n<li>Motor Tak\u0131m Contalar<\/li>\n<\/ul>\n<p>&nbsp;<\/p>","protected":false},"excerpt":{"rendered":"<h2>Otomotiv Ke\u00e7eleri ve S\u0131zd\u0131rmazl\u0131k Elemanlar\u0131<\/h2>\n<h3><strong>Otomotiv Ke\u00e7eleri ve S\u0131zd\u0131rmazl\u0131k Elemanlar\u0131<\/strong><\/h3>\n<ul>\n<li>Ya\u011f Ke\u00e7eleri<\/li>\n<li>Kaset Porya Ke\u00e7eleri<\/li>\n<li>Subap Ke\u00e7eleri<\/li>\n<li>Tamir Tak\u0131m Kitleri<\/li>\n<li>Motor Tak\u0131m Contalar<\/li>\n<\/ul>\n<p>Otomotiv ke\u00e7eleri ve s\u0131zd\u0131rmazl\u0131k elemanlar\u0131 \u00e7e\u015fitleri, sat\u0131\u015f\u0131n\u0131 yapt\u0131\u011f\u0131m\u0131z otomotiv ke\u00e7eleri ve s\u0131zd\u0131rmazl\u0131k elemanlar\u0131 markalar\u0131 ve t\u00fcm di\u011fer \u00fcr\u00fcnler ile ilgili bilgi almak i\u00e7in katalo\u011fumuzu inceleyebilirsiniz.<\/p>\n<p>Otomotiv ke\u00e7eleri ve s\u0131zd\u0131rmazl\u0131k elemanlar\u0131 fiyatlar\u0131, otomotiv ke\u00e7eleri ve s\u0131zd\u0131rmazl\u0131k elemanlar\u0131 ile ilgili daha fazla bilgi almak i\u00e7in <strong><a href=\"https:\/\/asdenar.com.tr\/en\/iletisim\/\">bize ula\u015f\u0131n!<\/a><\/strong><\/p>","protected":false},"featured_media":6606,"template":"","meta":{"inline_featured_image":false,"_monsterinsights_skip_tracking":false,"_monsterinsights_sitenote_active":false,"_monsterinsights_sitenote_note":"","_monsterinsights_sitenote_category":0},"product_brand":[],"product_cat":[90],"product_tag":[150],"class_list":{"0":"post-6512","1":"product","2":"type-product","3":"status-publish","4":"has-post-thumbnail","6":"product_cat-otomotiv-yedek-parca","7":"product_tag-otomotiv-keceleri-ve-sizdirmazlik-elemanlari","9":"first","10":"instock","11":"shipping-taxable","12":"product-type-external"},"aioseo_notices":[],"_links":{"self":[{"href":"https:\/\/asdenar.com.tr\/en\/wp-json\/wp\/v2\/product\/6512","targetHints":{"allow":["GET"]}}],"collection":[{"href":"https:\/\/asdenar.com.tr\/en\/wp-json\/wp\/v2\/product"}],"about":[{"href":"https:\/\/asdenar.com.tr\/en\/wp-json\/wp\/v2\/types\/product"}],"wp:featuredmedia":[{"embeddable":true,"href":"https:\/\/asdenar.com.tr\/en\/wp-json\/wp\/v2\/media\/6606"}],"wp:attachment":[{"href":"https:\/\/asdenar.com.tr\/en\/wp-json\/wp\/v2\/media?parent=6512"}],"wp:term":[{"taxonomy":"product_brand","embeddable":true,"href":"https:\/\/asdenar.com.tr\/en\/wp-json\/wp\/v2\/product_brand?post=6512"},{"taxonomy":"product_cat","embeddable":true,"href":"https:\/\/asdenar.com.tr\/en\/wp-json\/wp\/v2\/product_cat?post=6512"},{"taxonomy":"product_tag","embeddable":true,"href":"https:\/\/asdenar.com.tr\/en\/wp-json\/wp\/v2\/product_tag?post=6512"}],"curies":[{"name":"wp","href":"https:\/\/api.w.org\/{rel}","templated":true}]}}