{"id":6511,"date":"2024-07-18T11:29:43","date_gmt":"2024-07-18T11:29:43","guid":{"rendered":"https:\/\/asdenar.com.tr\/?post_type=product&#038;p=6511"},"modified":"2024-07-25T16:18:47","modified_gmt":"2024-07-25T16:18:47","slug":"motor-kayis-sistemleri","status":"publish","type":"product","link":"https:\/\/asdenar.com.tr\/en\/urun\/motor-kayis-sistemleri\/","title":{"rendered":"Motor Kay\u0131\u015f Sistemleri"},"content":{"rendered":"<h2>Motor Kay\u0131\u015f Sistemleri<\/h2>\n<h3><strong>Motor Kay\u0131\u015f Sistemleri<\/strong><\/h3>\n<ul>\n<li>Triger Setleri<\/li>\n<li>Triger Kay\u0131\u015flar\u0131<\/li>\n<li>Di\u015fli V Kay\u0131\u015flar<\/li>\n<li>Kanall\u0131 Kay\u0131\u015flar<\/li>\n<li>V Kay\u0131\u015f Setleri<\/li>\n<li>Otomatik Gergi Rulmanlar\u0131<\/li>\n<li>Gergi ve Y\u00f6n Makaralar\u0131<\/li>\n<li>\u015earj Dinamo Rulmanlar\u0131<\/li>\n<li>K\u00fct\u00fckl\u00fc Gergi Rulmanlar\u0131<\/li>\n<li>Su Pompalar\u0131<\/li>\n<li>Krank Kasnaklar\u0131 (Damper)<\/li>\n<li>Fan Termikleri<\/li>\n<\/ul>","protected":false},"excerpt":{"rendered":"<h2>Motor Kay\u0131\u015f Sistemleri<\/h2>\n<h3><strong>Motor Kay\u0131\u015f Sistemleri<\/strong><\/h3>\n<ul>\n<li>Triger Setleri<\/li>\n<li>Triger Kay\u0131\u015flar\u0131<\/li>\n<li>Di\u015fli V Kay\u0131\u015flar<\/li>\n<li>Kanall\u0131 Kay\u0131\u015flar<\/li>\n<li>V Kay\u0131\u015f Setleri<\/li>\n<li>Otomatik Gergi Rulmanlar\u0131<\/li>\n<li>Gergi ve Y\u00f6n Makaralar\u0131<\/li>\n<li>\u015earj Dinamo Rulmanlar\u0131<\/li>\n<li>K\u00fct\u00fckl\u00fc Gergi Rulmanlar\u0131<\/li>\n<li>Su Pompalar\u0131<\/li>\n<li>Krank Kasnaklar\u0131 (Damper)<\/li>\n<li>Fan Termikleri<\/li>\n<\/ul>\n<p>Motor kay\u0131\u015f sistemleri \u00e7e\u015fitleri, sat\u0131\u015f\u0131n\u0131 yapt\u0131\u011f\u0131m\u0131z motor kay\u0131\u015f \u00fcr\u00fcnleri markalar\u0131 ve t\u00fcm di\u011fer \u00fcr\u00fcnler ile ilgili bilgi almak i\u00e7in katalo\u011fumuzu inceleyebilirsiniz.<\/p>\n<p>Motor kay\u0131\u015f sistemleri fiyatlar\u0131 ve motor kay\u0131\u015f sistemleri ile ilgili daha fazla bilgi almak i\u00e7in <strong><a href=\"https:\/\/asdenar.com.tr\/en\/iletisim\/\">bize ula\u015f\u0131n!<\/a><\/strong><\/p>","protected":false},"featured_media":6608,"template":"","meta":{"inline_featured_image":false,"_monsterinsights_skip_tracking":false,"_monsterinsights_sitenote_active":false,"_monsterinsights_sitenote_note":"","_monsterinsights_sitenote_category":0},"product_brand":[],"product_cat":[90],"product_tag":[149],"class_list":{"0":"post-6511","1":"product","2":"type-product","3":"status-publish","4":"has-post-thumbnail","6":"product_cat-otomotiv-yedek-parca","7":"product_tag-motor-kayis-sistemleri","9":"first","10":"instock","11":"shipping-taxable","12":"product-type-external"},"aioseo_notices":[],"_links":{"self":[{"href":"https:\/\/asdenar.com.tr\/en\/wp-json\/wp\/v2\/product\/6511","targetHints":{"allow":["GET"]}}],"collection":[{"href":"https:\/\/asdenar.com.tr\/en\/wp-json\/wp\/v2\/product"}],"about":[{"href":"https:\/\/asdenar.com.tr\/en\/wp-json\/wp\/v2\/types\/product"}],"wp:featuredmedia":[{"embeddable":true,"href":"https:\/\/asdenar.com.tr\/en\/wp-json\/wp\/v2\/media\/6608"}],"wp:attachment":[{"href":"https:\/\/asdenar.com.tr\/en\/wp-json\/wp\/v2\/media?parent=6511"}],"wp:term":[{"taxonomy":"product_brand","embeddable":true,"href":"https:\/\/asdenar.com.tr\/en\/wp-json\/wp\/v2\/product_brand?post=6511"},{"taxonomy":"product_cat","embeddable":true,"href":"https:\/\/asdenar.com.tr\/en\/wp-json\/wp\/v2\/product_cat?post=6511"},{"taxonomy":"product_tag","embeddable":true,"href":"https:\/\/asdenar.com.tr\/en\/wp-json\/wp\/v2\/product_tag?post=6511"}],"curies":[{"name":"wp","href":"https:\/\/api.w.org\/{rel}","templated":true}]}}