{"id":6510,"date":"2024-07-18T11:22:55","date_gmt":"2024-07-18T11:22:55","guid":{"rendered":"https:\/\/asdenar.com.tr\/?post_type=product&#038;p=6510"},"modified":"2024-07-25T16:17:45","modified_gmt":"2024-07-25T16:17:45","slug":"otomotiv-tekerlek-rulmanlari","status":"publish","type":"product","link":"https:\/\/asdenar.com.tr\/en\/urun\/otomotiv-tekerlek-rulmanlari\/","title":{"rendered":"Otomotiv Tekerlek Rulmanlar\u0131"},"content":{"rendered":"<h2>Otomotiv Tekerlek Rulmanlar\u0131<\/h2>\n<h3><strong>Otomotiv Tekerlek Rulman\u0131 \u00c7e\u015fitleri<\/strong><\/h3>\n<ul>\n<li>Poryal\u0131 Rulmanlar<\/li>\n<li>\u00c7ift S\u0131ra Bilyal\u0131 ve \u00c7ift S\u0131ra Konik Rulmanlar<\/li>\n<li>Konik Inch Rulmanlar<\/li>\n<\/ul>","protected":false},"excerpt":{"rendered":"<h2>Otomotiv Tekerlek Rulmanlar\u0131<\/h2>\n<h3><strong>Otomotiv Tekerlek Rulman\u0131 \u00c7e\u015fitleri<\/strong><\/h3>\n<ul>\n<li>Poryal\u0131 Rulmanlar<\/li>\n<li>\u00c7ift S\u0131ra Bilyal\u0131 ve \u00c7ift S\u0131ra Konik Rulmanlar<\/li>\n<li>Konik Inch Rulmanlar<\/li>\n<\/ul>\n<p>Otomotiv tekerlek rulman\u0131 \u00e7e\u015fitleri, otomotiv tekerlek rulman\u0131 \u00f6l\u00e7\u00fcleri, sat\u0131\u015f\u0131n\u0131 yapt\u0131\u011f\u0131m\u0131z otomotiv tekerlek rulman\u0131 markalar\u0131 ve t\u00fcm di\u011fer \u00fcr\u00fcnler ile ilgili bilgi almak i\u00e7in katalo\u011fumuzu inceleyebilirsiniz.<\/p>\n<p>Otomotiv tekerlek rulman\u0131 fiyatlar\u0131 ve otomotiv tekerlek rulmanlar\u0131 ile ilgili daha fazla bilgi almak i\u00e7in <strong><a href=\"https:\/\/asdenar.com.tr\/en\/iletisim\/\">bize ula\u015f\u0131n!<\/a><\/strong><\/p>","protected":false},"featured_media":6607,"template":"","meta":{"inline_featured_image":false,"_monsterinsights_skip_tracking":false,"_monsterinsights_sitenote_active":false,"_monsterinsights_sitenote_note":"","_monsterinsights_sitenote_category":0},"product_brand":[],"product_cat":[90],"product_tag":[148],"class_list":{"0":"post-6510","1":"product","2":"type-product","3":"status-publish","4":"has-post-thumbnail","6":"product_cat-otomotiv-yedek-parca","7":"product_tag-otomotiv-tekerlek-rulmanlari","9":"first","10":"instock","11":"shipping-taxable","12":"product-type-external"},"aioseo_notices":[],"_links":{"self":[{"href":"https:\/\/asdenar.com.tr\/en\/wp-json\/wp\/v2\/product\/6510","targetHints":{"allow":["GET"]}}],"collection":[{"href":"https:\/\/asdenar.com.tr\/en\/wp-json\/wp\/v2\/product"}],"about":[{"href":"https:\/\/asdenar.com.tr\/en\/wp-json\/wp\/v2\/types\/product"}],"wp:featuredmedia":[{"embeddable":true,"href":"https:\/\/asdenar.com.tr\/en\/wp-json\/wp\/v2\/media\/6607"}],"wp:attachment":[{"href":"https:\/\/asdenar.com.tr\/en\/wp-json\/wp\/v2\/media?parent=6510"}],"wp:term":[{"taxonomy":"product_brand","embeddable":true,"href":"https:\/\/asdenar.com.tr\/en\/wp-json\/wp\/v2\/product_brand?post=6510"},{"taxonomy":"product_cat","embeddable":true,"href":"https:\/\/asdenar.com.tr\/en\/wp-json\/wp\/v2\/product_cat?post=6510"},{"taxonomy":"product_tag","embeddable":true,"href":"https:\/\/asdenar.com.tr\/en\/wp-json\/wp\/v2\/product_tag?post=6510"}],"curies":[{"name":"wp","href":"https:\/\/api.w.org\/{rel}","templated":true}]}}