{"id":6509,"date":"2024-07-18T11:13:27","date_gmt":"2024-07-18T11:13:27","guid":{"rendered":"https:\/\/asdenar.com.tr\/?post_type=product&#038;p=6509"},"modified":"2024-07-24T16:32:20","modified_gmt":"2024-07-24T16:32:20","slug":"aktuatorler","status":"publish","type":"product","link":"https:\/\/asdenar.com.tr\/en\/urun\/aktuatorler\/","title":{"rendered":"Actuators"},"content":{"rendered":"<h2>Actuators<\/h2>\n<h3><strong>Akt\u00fcat\u00f6r \u00c7e\u015fitleri<\/strong><\/h3>\n<ul>\n<li>CAHB Serisi<\/li>\n<li>CAHM Serisi<\/li>\n<li>CASM-32\/40\/63 Serileri<\/li>\n<li>CASM-100 Serisi<\/li>\n<li>CAT&amp;CAR Serileri<\/li>\n<li>CEMC Serisi<\/li>\n<li>ECOMAG Serisi<\/li>\n<li>LEMC Serisi<\/li>\n<li>MATRIX Serisi<\/li>\n<li>Runner Serisi<\/li>\n<li>SRSA Serisi<\/li>\n<\/ul>","protected":false},"excerpt":{"rendered":"<h2>Actuators<\/h2>\n<h3><strong>Akt\u00fcat\u00f6r \u00c7e\u015fitleri<\/strong><\/h3>\n<ul>\n<li>CAHB Serisi<\/li>\n<li>CAHM Serisi<\/li>\n<li>CASM-32\/40\/63 Serileri<\/li>\n<li>CASM-100 Serisi<\/li>\n<li>CAT&amp;CAR Serileri<\/li>\n<li>CEMC Serisi<\/li>\n<li>ECOMAG Serisi<\/li>\n<li>LEMC Serisi<\/li>\n<li>MATRIX Serisi<\/li>\n<li>Runner Serisi<\/li>\n<li>SRSA Serisi<\/li>\n<\/ul>\n<p>Akt\u00fcat\u00f6r \u00e7e\u015fitleri, akt\u00fcat\u00f6r \u00f6l\u00e7\u00fcleri, sat\u0131\u015f\u0131n\u0131 yapt\u0131\u011f\u0131m\u0131z akt\u00fcat\u00f6r markalar\u0131 ve t\u00fcm di\u011fer \u00fcr\u00fcnler ile ilgili bilgi almak i\u00e7in katalo\u011fumuzu inceleyebilirsiniz.<\/p>\n<p>Akt\u00fcat\u00f6r fiyatlar\u0131 ve akt\u00fcat\u00f6rler ile ilgili daha fazla bilgi almak i\u00e7in <strong><a href=\"https:\/\/asdenar.com.tr\/en\/iletisim\/\">bize ula\u015f\u0131n!<\/a><\/strong><\/p>","protected":false},"featured_media":6592,"template":"","meta":{"inline_featured_image":false,"_monsterinsights_skip_tracking":false,"_monsterinsights_sitenote_active":false,"_monsterinsights_sitenote_note":"","_monsterinsights_sitenote_category":0},"product_brand":[],"product_cat":[66],"product_tag":[147],"class_list":{"0":"post-6509","1":"product","2":"type-product","3":"status-publish","4":"has-post-thumbnail","6":"product_cat-lineer-hareket","7":"product_tag-aktuatorler","9":"first","10":"instock","11":"shipping-taxable","12":"product-type-external"},"aioseo_notices":[],"_links":{"self":[{"href":"https:\/\/asdenar.com.tr\/en\/wp-json\/wp\/v2\/product\/6509","targetHints":{"allow":["GET"]}}],"collection":[{"href":"https:\/\/asdenar.com.tr\/en\/wp-json\/wp\/v2\/product"}],"about":[{"href":"https:\/\/asdenar.com.tr\/en\/wp-json\/wp\/v2\/types\/product"}],"wp:featuredmedia":[{"embeddable":true,"href":"https:\/\/asdenar.com.tr\/en\/wp-json\/wp\/v2\/media\/6592"}],"wp:attachment":[{"href":"https:\/\/asdenar.com.tr\/en\/wp-json\/wp\/v2\/media?parent=6509"}],"wp:term":[{"taxonomy":"product_brand","embeddable":true,"href":"https:\/\/asdenar.com.tr\/en\/wp-json\/wp\/v2\/product_brand?post=6509"},{"taxonomy":"product_cat","embeddable":true,"href":"https:\/\/asdenar.com.tr\/en\/wp-json\/wp\/v2\/product_cat?post=6509"},{"taxonomy":"product_tag","embeddable":true,"href":"https:\/\/asdenar.com.tr\/en\/wp-json\/wp\/v2\/product_tag?post=6509"}],"curies":[{"name":"wp","href":"https:\/\/api.w.org\/{rel}","templated":true}]}}