{"id":6503,"date":"2024-07-18T10:50:14","date_gmt":"2024-07-18T10:50:14","guid":{"rendered":"https:\/\/asdenar.com.tr\/?post_type=product&#038;p=6503"},"modified":"2024-07-25T16:19:44","modified_gmt":"2024-07-25T16:19:44","slug":"varyatorler","status":"publish","type":"product","link":"https:\/\/asdenar.com.tr\/en\/urun\/varyatorler\/","title":{"rendered":"Speed Variators"},"content":{"rendered":"<h2>Speed Variators<\/h2>\n<h3><strong>Varyat\u00f6r \u00c7e\u015fitleri<\/strong><\/h3>\n<ul>\n<li>De\u011fi\u015fken H\u0131zl\u0131 Red\u00fckt\u00f6rler<\/li>\n<li>\u00c7ift Y\u00f6nl\u00fc Red\u00fckt\u00f6rler<\/li>\n<\/ul>\n<p>Varyat\u00f6r \u00e7e\u015fitleri, varyat\u00f6r \u00f6l\u00e7\u00fcleri, sat\u0131\u015f\u0131n\u0131 yapt\u0131\u011f\u0131m\u0131z varyat\u00f6r markalar\u0131 ve t\u00fcm di\u011fer \u00fcr\u00fcnler ile ilgili bilgi almak i\u00e7in katalo\u011fumuzu inceleyebilirsiniz.<\/p>\n<p>Varyat\u00f6r fiyatlar\u0131 ve varyat\u00f6rler ile ilgili daha fazla bilgi almak i\u00e7in<\/p>\n<p>&nbsp;<\/p>\n<p>&nbsp;<\/p>","protected":false},"excerpt":{"rendered":"<div id=\"kategoriler\" class=\"urunler-detay-content\">\n<div class=\"content\">\n<div class=\"liste\">\n<h3><strong>Varyat\u00f6r \u00c7e\u015fitleri<\/strong><\/h3>\n<p>&nbsp;<\/p>\n<ul>\n<li>De\u011fi\u015fken H\u0131zl\u0131 Red\u00fckt\u00f6rler<\/li>\n<li>\u00c7ift Y\u00f6nl\u00fc Red\u00fckt\u00f6rler<\/li>\n<\/ul>\n<p>Varyat\u00f6r \u00e7e\u015fitleri, varyat\u00f6r \u00f6l\u00e7\u00fcleri, sat\u0131\u015f\u0131n\u0131 yapt\u0131\u011f\u0131m\u0131z varyat\u00f6r markalar\u0131 ve t\u00fcm di\u011fer \u00fcr\u00fcnler ile ilgili bilgi almak i\u00e7in katalo\u011fumuzu inceleyebilirsiniz.<\/p>\n<p>Varyat\u00f6r fiyatlar\u0131 ve varyat\u00f6rler ile ilgili daha fazla bilgi almak i\u00e7in <a href=\"https:\/\/asdenar.com.tr\/en\/iletisim\/\">bize ula\u015f\u0131n<\/a>!<\/p>\n<\/div>\n<\/div>\n<\/div>","protected":false},"featured_media":6609,"template":"","meta":{"inline_featured_image":false,"_monsterinsights_skip_tracking":false,"_monsterinsights_sitenote_active":false,"_monsterinsights_sitenote_note":"","_monsterinsights_sitenote_category":0},"product_brand":[],"product_cat":[92],"product_tag":[140],"class_list":{"0":"post-6503","1":"product","2":"type-product","3":"status-publish","4":"has-post-thumbnail","6":"product_cat-gear-boxes","7":"product_tag-varyatorler","9":"first","10":"instock","11":"shipping-taxable","12":"product-type-external"},"aioseo_notices":[],"_links":{"self":[{"href":"https:\/\/asdenar.com.tr\/en\/wp-json\/wp\/v2\/product\/6503","targetHints":{"allow":["GET"]}}],"collection":[{"href":"https:\/\/asdenar.com.tr\/en\/wp-json\/wp\/v2\/product"}],"about":[{"href":"https:\/\/asdenar.com.tr\/en\/wp-json\/wp\/v2\/types\/product"}],"wp:featuredmedia":[{"embeddable":true,"href":"https:\/\/asdenar.com.tr\/en\/wp-json\/wp\/v2\/media\/6609"}],"wp:attachment":[{"href":"https:\/\/asdenar.com.tr\/en\/wp-json\/wp\/v2\/media?parent=6503"}],"wp:term":[{"taxonomy":"product_brand","embeddable":true,"href":"https:\/\/asdenar.com.tr\/en\/wp-json\/wp\/v2\/product_brand?post=6503"},{"taxonomy":"product_cat","embeddable":true,"href":"https:\/\/asdenar.com.tr\/en\/wp-json\/wp\/v2\/product_cat?post=6503"},{"taxonomy":"product_tag","embeddable":true,"href":"https:\/\/asdenar.com.tr\/en\/wp-json\/wp\/v2\/product_tag?post=6503"}],"curies":[{"name":"wp","href":"https:\/\/api.w.org\/{rel}","templated":true}]}}