{"id":6499,"date":"2024-07-18T10:11:54","date_gmt":"2024-07-18T10:11:54","guid":{"rendered":"https:\/\/asdenar.com.tr\/?post_type=product&#038;p=6499"},"modified":"2024-07-25T16:23:29","modified_gmt":"2024-07-25T16:23:29","slug":"saft-montajli-reduktorler","status":"publish","type":"product","link":"https:\/\/asdenar.com.tr\/en\/urun\/saft-montajli-reduktorler\/","title":{"rendered":"Shaft Mounted Gearboxes"},"content":{"rendered":"<h2>Shaft Mounted Gearboxes<\/h2>\n<h3><strong>\u015eaft Montajl\u0131 Red\u00fckt\u00f6r \u00c7e\u015fitleri<\/strong><\/h3>\n<ul>\n<li>Konvey\u00f6r Red\u00fckt\u00f6rleri<\/li>\n<li>Delik Milli Red\u00fckt\u00f6rler<\/li>\n<li>Armut Tip Red\u00fckl\u00f6rler<\/li>\n<\/ul>\n<p>&nbsp;<\/p>\n<p>&nbsp;<\/p>\n<p>&nbsp;<\/p>\n<p>&nbsp;<\/p>","protected":false},"excerpt":{"rendered":"<div id=\"kategoriler\" class=\"urunler-detay-content\">\n<div class=\"content\">\n<div class=\"liste\">\n<h3><strong>\u015eaft Montajl\u0131 Red\u00fckt\u00f6r \u00c7e\u015fitleri<\/strong><\/h3>\n<ul>\n<li>Konvey\u00f6r Red\u00fckt\u00f6rleri<\/li>\n<li>Delik Milli Red\u00fckt\u00f6rler<\/li>\n<li>Armut Tip Red\u00fckl\u00f6rler<\/li>\n<\/ul>\n<p>\u015eaft montajl\u0131 red\u00fckt\u00f6r \u00e7e\u015fitleri, \u015faft montajl\u0131 red\u00fckt\u00f6r \u00f6l\u00e7\u00fcleri, sat\u0131\u015f\u0131n\u0131 yapt\u0131\u011f\u0131m\u0131z \u015faft montajl\u0131 red\u00fckt\u00f6r markalar\u0131 ve t\u00fcm di\u011fer \u00fcr\u00fcnler ile ilgili bilgi almak i\u00e7in katalo\u011fumuzu inceleyebilirsiniz.<\/p>\n<p>\u015eaft montajl\u0131 red\u00fckt\u00f6r fiyatlar\u0131 ve \u015faft montajl\u0131 red\u00fckt\u00f6rler ile ilgili daha fazla bilgi almak i\u00e7in <a href=\"https:\/\/asdenar.com.tr\/en\/iletisim\/\">bize ula\u015f\u0131n<\/a>!<\/p>\n<\/div>\n<\/div>\n<\/div>","protected":false},"featured_media":6613,"template":"","meta":{"inline_featured_image":false,"_monsterinsights_skip_tracking":false,"_monsterinsights_sitenote_active":false,"_monsterinsights_sitenote_note":"","_monsterinsights_sitenote_category":0},"product_brand":[],"product_cat":[92],"product_tag":[136],"class_list":{"0":"post-6499","1":"product","2":"type-product","3":"status-publish","4":"has-post-thumbnail","6":"product_cat-gear-boxes","7":"product_tag-saft-montajli-reduktorler","9":"first","10":"instock","11":"shipping-taxable","12":"product-type-external"},"aioseo_notices":[],"_links":{"self":[{"href":"https:\/\/asdenar.com.tr\/en\/wp-json\/wp\/v2\/product\/6499","targetHints":{"allow":["GET"]}}],"collection":[{"href":"https:\/\/asdenar.com.tr\/en\/wp-json\/wp\/v2\/product"}],"about":[{"href":"https:\/\/asdenar.com.tr\/en\/wp-json\/wp\/v2\/types\/product"}],"wp:featuredmedia":[{"embeddable":true,"href":"https:\/\/asdenar.com.tr\/en\/wp-json\/wp\/v2\/media\/6613"}],"wp:attachment":[{"href":"https:\/\/asdenar.com.tr\/en\/wp-json\/wp\/v2\/media?parent=6499"}],"wp:term":[{"taxonomy":"product_brand","embeddable":true,"href":"https:\/\/asdenar.com.tr\/en\/wp-json\/wp\/v2\/product_brand?post=6499"},{"taxonomy":"product_cat","embeddable":true,"href":"https:\/\/asdenar.com.tr\/en\/wp-json\/wp\/v2\/product_cat?post=6499"},{"taxonomy":"product_tag","embeddable":true,"href":"https:\/\/asdenar.com.tr\/en\/wp-json\/wp\/v2\/product_tag?post=6499"}],"curies":[{"name":"wp","href":"https:\/\/api.w.org\/{rel}","templated":true}]}}