{"id":6496,"date":"2024-07-17T15:52:54","date_gmt":"2024-07-17T15:52:54","guid":{"rendered":"https:\/\/asdenar.com.tr\/?post_type=product&#038;p=6496"},"modified":"2024-07-24T16:30:12","modified_gmt":"2024-07-24T16:30:12","slug":"kremayerler","status":"publish","type":"product","link":"https:\/\/asdenar.com.tr\/en\/urun\/kremayerler\/","title":{"rendered":"Racks and Pinions"},"content":{"rendered":"<h2>Racks and Pinions<\/h2>\n<h3><strong>Kremayer \u00c7e\u015fitleri<\/strong><\/h3>\n<ul>\n<li>D\u00fcz Pinyon Di\u015fli ve Kremayerler<\/li>\n<li>Helis Pinyon Di\u015fli ve Kremayerler<\/li>\n<\/ul>\n<p>&nbsp;<\/p>\n<p>&nbsp;<\/p>","protected":false},"excerpt":{"rendered":"<div id=\"kategoriler\" class=\"urunler-detay-content\">\n<div class=\"content\">\n<div class=\"liste\">\n<h3><strong>Kremayer \u00c7e\u015fitleri<\/strong><\/h3>\n<ul>\n<li>D\u00fcz Pinyon Di\u015fli ve Kremayerler<\/li>\n<li>Helis Pinyon Di\u015fli ve Kremayerler<\/li>\n<\/ul>\n<p>Kremayer \u00e7e\u015fitleri, kremayer \u00f6l\u00e7\u00fcleri, sat\u0131\u015f\u0131n\u0131 yapt\u0131\u011f\u0131m\u0131z kremayer markalar\u0131 ve t\u00fcm di\u011fer \u00fcr\u00fcnler ile ilgili bilgi almak i\u00e7in katalo\u011fumuzu inceleyebilirsiniz.<\/p>\n<p>Kremayer fiyatlar\u0131 ve kremayerler ile ilgili daha fazla bilgi almak i\u00e7in <a href=\"https:\/\/asdenar.com.tr\/en\/iletisim\/\">bize ula\u015f\u0131n<\/a>!<\/p>\n<\/div>\n<\/div>\n<\/div>","protected":false},"featured_media":6602,"template":"","meta":{"inline_featured_image":false,"_monsterinsights_skip_tracking":false,"_monsterinsights_sitenote_active":false,"_monsterinsights_sitenote_note":"","_monsterinsights_sitenote_category":0},"product_brand":[],"product_cat":[18],"product_tag":[134],"class_list":{"0":"post-6496","1":"product","2":"type-product","3":"status-publish","4":"has-post-thumbnail","6":"product_cat-guc-aktarim","7":"product_tag-kremayerler","9":"first","10":"instock","11":"shipping-taxable","12":"product-type-external"},"aioseo_notices":[],"_links":{"self":[{"href":"https:\/\/asdenar.com.tr\/en\/wp-json\/wp\/v2\/product\/6496","targetHints":{"allow":["GET"]}}],"collection":[{"href":"https:\/\/asdenar.com.tr\/en\/wp-json\/wp\/v2\/product"}],"about":[{"href":"https:\/\/asdenar.com.tr\/en\/wp-json\/wp\/v2\/types\/product"}],"wp:featuredmedia":[{"embeddable":true,"href":"https:\/\/asdenar.com.tr\/en\/wp-json\/wp\/v2\/media\/6602"}],"wp:attachment":[{"href":"https:\/\/asdenar.com.tr\/en\/wp-json\/wp\/v2\/media?parent=6496"}],"wp:term":[{"taxonomy":"product_brand","embeddable":true,"href":"https:\/\/asdenar.com.tr\/en\/wp-json\/wp\/v2\/product_brand?post=6496"},{"taxonomy":"product_cat","embeddable":true,"href":"https:\/\/asdenar.com.tr\/en\/wp-json\/wp\/v2\/product_cat?post=6496"},{"taxonomy":"product_tag","embeddable":true,"href":"https:\/\/asdenar.com.tr\/en\/wp-json\/wp\/v2\/product_tag?post=6496"}],"curies":[{"name":"wp","href":"https:\/\/api.w.org\/{rel}","templated":true}]}}