{"id":6492,"date":"2024-07-17T15:36:57","date_gmt":"2024-07-17T15:36:57","guid":{"rendered":"https:\/\/asdenar.com.tr\/?post_type=product&#038;p=6492"},"modified":"2024-07-24T16:21:37","modified_gmt":"2024-07-24T16:21:37","slug":"kaplinler","status":"publish","type":"product","link":"https:\/\/asdenar.com.tr\/en\/urun\/kaplinler\/","title":{"rendered":"Couplings"},"content":{"rendered":"<h2>Couplings<\/h2>\n<h3><strong>Kaplin \u00c7e\u015fitleri<\/strong><\/h3>\n<ul>\n<li>RAPTOR Elastik Kaplinler<\/li>\n<li>Ayakl\u0131 Tip Kaplinler (A, B, H)<\/li>\n<li>DK Di\u015fli Kaplinler (BOWEX)<\/li>\n<li>Y\u0131ld\u0131z (ROTEX) Kaplinler<\/li>\n<li>Pimli Kaplinler (REVOLEX)<\/li>\n<li>Bo\u015fluksuz Servo Kaplinler\n<ul>\n<li>ROTEX GS Serisi<\/li>\n<li>TOOLFLEX Metal K\u00f6r\u00fckl\u00fc<\/li>\n<li>RADEX-NC Lamelli<\/li>\n<\/ul>\n<\/li>\n<li>\u00c7elik Lamelli Kaplinler\n<ul>\n<li>RADEX-N<\/li>\n<li>RIGIFLEX-N<\/li>\n<\/ul>\n<\/li>\n<li>\u00c7elik Di\u015fli Kaplinler\n<ul>\n<li>GEAREX<\/li>\n<li>DGF<\/li>\n<\/ul>\n<\/li>\n<li>\u00c7elik Yayl\u0131 Kaplinler (GRID)<\/li>\n<\/ul>","protected":false},"excerpt":{"rendered":"<div id=\"kategoriler\" class=\"urunler-detay-content\">\n<div class=\"content\">\n<div class=\"liste\">\n<h3><strong>Kaplin \u00c7e\u015fitleri<\/strong><\/h3>\n<ul>\n<li>RAPTOR Elastik Kaplinler<\/li>\n<li>Ayakl\u0131 Tip Kaplinler (A, B, H)<\/li>\n<li>DK Di\u015fli Kaplinler (BOWEX)<\/li>\n<li>Y\u0131ld\u0131z (ROTEX) Kaplinler<\/li>\n<li>Pimli Kaplinler (REVOLEX)<\/li>\n<li>Bo\u015fluksuz Servo Kaplinler\n<ul>\n<li>ROTEX GS Serisi<\/li>\n<li>TOOLFLEX Metal K\u00f6r\u00fckl\u00fc<\/li>\n<li>RADEX-NC Lamelli<\/li>\n<\/ul>\n<\/li>\n<li>\u00c7elik Lamelli Kaplinler\n<ul>\n<li>RADEX-N<\/li>\n<li>RIGIFLEX-N<\/li>\n<\/ul>\n<\/li>\n<li>\u00c7elik Di\u015fli Kaplinler\n<ul>\n<li>GEAREX<\/li>\n<li>DGF<\/li>\n<\/ul>\n<\/li>\n<li>\u00c7elik Yayl\u0131 Kaplinler (GRID)<\/li>\n<\/ul>\n<p>Kaplin \u00e7e\u015fitleri, kaplin \u00f6l\u00e7\u00fcleri, sat\u0131\u015f\u0131n\u0131 yapt\u0131\u011f\u0131m\u0131z kaplin markalar\u0131 ve t\u00fcm di\u011fer \u00fcr\u00fcnler ile ilgili bilgi almak i\u00e7in katalo\u011fumuzu inceleyebilirsiniz.<\/p>\n<p>Kaplin fiyatlar\u0131 ve kaplinler ile ilgili daha fazla bilgi almak i\u00e7in <a href=\"https:\/\/asdenar.com.tr\/en\/iletisim\/\">bize ula\u015f\u0131n<\/a>!<\/p>\n<\/div>\n<\/div>\n<\/div>","protected":false},"featured_media":6590,"template":"","meta":{"inline_featured_image":false,"_monsterinsights_skip_tracking":false,"_monsterinsights_sitenote_active":false,"_monsterinsights_sitenote_note":"","_monsterinsights_sitenote_category":0},"product_brand":[],"product_cat":[18],"product_tag":[130],"class_list":{"0":"post-6492","1":"product","2":"type-product","3":"status-publish","4":"has-post-thumbnail","6":"product_cat-guc-aktarim","7":"product_tag-kaplinler","9":"first","10":"instock","11":"shipping-taxable","12":"product-type-external"},"aioseo_notices":[],"_links":{"self":[{"href":"https:\/\/asdenar.com.tr\/en\/wp-json\/wp\/v2\/product\/6492","targetHints":{"allow":["GET"]}}],"collection":[{"href":"https:\/\/asdenar.com.tr\/en\/wp-json\/wp\/v2\/product"}],"about":[{"href":"https:\/\/asdenar.com.tr\/en\/wp-json\/wp\/v2\/types\/product"}],"wp:featuredmedia":[{"embeddable":true,"href":"https:\/\/asdenar.com.tr\/en\/wp-json\/wp\/v2\/media\/6590"}],"wp:attachment":[{"href":"https:\/\/asdenar.com.tr\/en\/wp-json\/wp\/v2\/media?parent=6492"}],"wp:term":[{"taxonomy":"product_brand","embeddable":true,"href":"https:\/\/asdenar.com.tr\/en\/wp-json\/wp\/v2\/product_brand?post=6492"},{"taxonomy":"product_cat","embeddable":true,"href":"https:\/\/asdenar.com.tr\/en\/wp-json\/wp\/v2\/product_cat?post=6492"},{"taxonomy":"product_tag","embeddable":true,"href":"https:\/\/asdenar.com.tr\/en\/wp-json\/wp\/v2\/product_tag?post=6492"}],"curies":[{"name":"wp","href":"https:\/\/api.w.org\/{rel}","templated":true}]}}