{"id":6491,"date":"2024-07-17T15:33:26","date_gmt":"2024-07-17T15:33:26","guid":{"rendered":"https:\/\/asdenar.com.tr\/?post_type=product&#038;p=6491"},"modified":"2024-07-24T16:24:16","modified_gmt":"2024-07-24T16:24:16","slug":"zincir-disliler","status":"publish","type":"product","link":"https:\/\/asdenar.com.tr\/en\/urun\/zincir-disliler\/","title":{"rendered":"Sprockets"},"content":{"rendered":"<h3><strong>Zincir Di\u015fli \u00c7e\u015fitleri<\/strong><\/h3>\n<ul>\n<li>Standart Zincir Di\u015fliler (Form-B)<\/li>\n<li>\u00d6zel \u0130malat Zincir Di\u015fliler<\/li>\n<\/ul>","protected":false},"excerpt":{"rendered":"<div id=\"kategoriler\" class=\"urunler-detay-content\">\n<div class=\"content\">\n<div class=\"liste\">\n<h3><strong>Zincir Di\u015fli \u00c7e\u015fitleri<\/strong><\/h3>\n<ul>\n<li>Standart Zincir Di\u015fliler (Form-B)<\/li>\n<li>\u00d6zel \u0130malat Zincir Di\u015fliler<\/li>\n<\/ul>\n<p>Zincir di\u015fli \u00e7e\u015fitleri, zincir di\u015fli \u00f6l\u00e7\u00fcleri, sat\u0131\u015f\u0131n\u0131 yapt\u0131\u011f\u0131m\u0131z zincir di\u015fli markalar\u0131 ve t\u00fcm di\u011fer \u00fcr\u00fcnler ile ilgili bilgi almak i\u00e7in katalo\u011fumuzu inceleyebilirsiniz.<\/p>\n<p>Zincir di\u015fli fiyatlar\u0131 ve zincir di\u015flilar ile ilgili daha fazla bilgi almak i\u00e7in <a href=\"https:\/\/asdenar.com.tr\/en\/iletisim\/\">bize ula\u015f\u0131n<\/a>!<\/p>\n<\/div>\n<\/div>\n<\/div>","protected":false},"featured_media":6601,"template":"","meta":{"inline_featured_image":false,"_monsterinsights_skip_tracking":false,"_monsterinsights_sitenote_active":false,"_monsterinsights_sitenote_note":"","_monsterinsights_sitenote_category":0},"product_brand":[],"product_cat":[18],"product_tag":[129],"class_list":{"0":"post-6491","1":"product","2":"type-product","3":"status-publish","4":"has-post-thumbnail","6":"product_cat-guc-aktarim","7":"product_tag-zincir-disliler","9":"first","10":"instock","11":"shipping-taxable","12":"product-type-external"},"aioseo_notices":[],"_links":{"self":[{"href":"https:\/\/asdenar.com.tr\/en\/wp-json\/wp\/v2\/product\/6491","targetHints":{"allow":["GET"]}}],"collection":[{"href":"https:\/\/asdenar.com.tr\/en\/wp-json\/wp\/v2\/product"}],"about":[{"href":"https:\/\/asdenar.com.tr\/en\/wp-json\/wp\/v2\/types\/product"}],"wp:featuredmedia":[{"embeddable":true,"href":"https:\/\/asdenar.com.tr\/en\/wp-json\/wp\/v2\/media\/6601"}],"wp:attachment":[{"href":"https:\/\/asdenar.com.tr\/en\/wp-json\/wp\/v2\/media?parent=6491"}],"wp:term":[{"taxonomy":"product_brand","embeddable":true,"href":"https:\/\/asdenar.com.tr\/en\/wp-json\/wp\/v2\/product_brand?post=6491"},{"taxonomy":"product_cat","embeddable":true,"href":"https:\/\/asdenar.com.tr\/en\/wp-json\/wp\/v2\/product_cat?post=6491"},{"taxonomy":"product_tag","embeddable":true,"href":"https:\/\/asdenar.com.tr\/en\/wp-json\/wp\/v2\/product_tag?post=6491"}],"curies":[{"name":"wp","href":"https:\/\/api.w.org\/{rel}","templated":true}]}}