{"id":6489,"date":"2024-07-17T15:23:06","date_gmt":"2024-07-17T15:23:06","guid":{"rendered":"https:\/\/asdenar.com.tr\/?post_type=product&#038;p=6489"},"modified":"2024-07-24T16:26:58","modified_gmt":"2024-07-24T16:26:58","slug":"konik-burclar","status":"publish","type":"product","link":"https:\/\/asdenar.com.tr\/en\/urun\/konik-burclar\/","title":{"rendered":"Tapered Bushes"},"content":{"rendered":"<h3><strong>Konik Bur\u00e7 \u00c7e\u015fitleri<\/strong><\/h3>\n<ul>\n<li>Taper Bushes Series 1008 to 8065<\/li>\n<\/ul>\n<p>You can review our catalog to get information about taper bushing types, taper bushing sizes, taper bushing brands we sell and all other products.<\/p>","protected":false},"excerpt":{"rendered":"<div class=\"urun-detay-title\">\n<h2>Tapered Bushes<\/h2>\n<\/div>\n<div id=\"kategoriler\" class=\"urunler-detay-content\">\n<div class=\"content\">\n<p><img decoding=\"async\" class=\"mainphoto img-responsive hideimage\" src=\"https:\/\/unluteknik.com\/thumb.php?src=dosya\/konik-burclar..jpg&amp;size=250x250\" alt=\"Konik Bur\u00e7lar\" \/><\/p>\n<div class=\"liste\">\n<p>&nbsp;<\/p>\n<h3><strong>Konik Bur\u00e7 \u00c7e\u015fitleri<\/strong><\/h3>\n<ul>\n<li>Taper Bushes Series 1008 to 8065<\/li>\n<\/ul>\n<p>You can review our catalog to get information about taper bushing types, taper bushing sizes, taper bushing brands we sell and all other products.<\/p>\n<p>Konik bur\u00e7 fiyatlar\u0131 ve konik bur\u00e7lar ile ilgili daha fazla bilgi almak i\u00e7in <a href=\"https:\/\/asdenar.com.tr\/en\/iletisim\/\">bize ula\u015f\u0131n<\/a>!<\/p>\n<\/div>\n<\/div>\n<\/div>","protected":false},"featured_media":6259,"template":"","meta":{"inline_featured_image":false,"_monsterinsights_skip_tracking":false,"_monsterinsights_sitenote_active":false,"_monsterinsights_sitenote_note":"","_monsterinsights_sitenote_category":0},"product_brand":[],"product_cat":[18],"product_tag":[78],"class_list":{"0":"post-6489","1":"product","2":"type-product","3":"status-publish","4":"has-post-thumbnail","6":"product_cat-guc-aktarim","7":"product_tag-konik-burclar","9":"first","10":"instock","11":"shipping-taxable","12":"product-type-external"},"aioseo_notices":[],"_links":{"self":[{"href":"https:\/\/asdenar.com.tr\/en\/wp-json\/wp\/v2\/product\/6489","targetHints":{"allow":["GET"]}}],"collection":[{"href":"https:\/\/asdenar.com.tr\/en\/wp-json\/wp\/v2\/product"}],"about":[{"href":"https:\/\/asdenar.com.tr\/en\/wp-json\/wp\/v2\/types\/product"}],"wp:featuredmedia":[{"embeddable":true,"href":"https:\/\/asdenar.com.tr\/en\/wp-json\/wp\/v2\/media\/6259"}],"wp:attachment":[{"href":"https:\/\/asdenar.com.tr\/en\/wp-json\/wp\/v2\/media?parent=6489"}],"wp:term":[{"taxonomy":"product_brand","embeddable":true,"href":"https:\/\/asdenar.com.tr\/en\/wp-json\/wp\/v2\/product_brand?post=6489"},{"taxonomy":"product_cat","embeddable":true,"href":"https:\/\/asdenar.com.tr\/en\/wp-json\/wp\/v2\/product_cat?post=6489"},{"taxonomy":"product_tag","embeddable":true,"href":"https:\/\/asdenar.com.tr\/en\/wp-json\/wp\/v2\/product_tag?post=6489"}],"curies":[{"name":"wp","href":"https:\/\/api.w.org\/{rel}","templated":true}]}}