{"id":6477,"date":"2024-07-12T13:39:37","date_gmt":"2024-07-12T13:39:37","guid":{"rendered":"https:\/\/asdenar.com.tr\/?post_type=product&#038;p=6477"},"modified":"2024-07-24T16:06:36","modified_gmt":"2024-07-24T16:06:36","slug":"kuresel-makarali-rulmanlar","status":"publish","type":"product","link":"https:\/\/asdenar.com.tr\/en\/urun\/kuresel-makarali-rulmanlar\/","title":{"rendered":"Spherical Roller Bearings"},"content":{"rendered":"","protected":false},"excerpt":{"rendered":"<h3>K\u00fcresel Makaral\u0131 Rulman \u00c7e\u015fitleri<\/h3>\n<p>Tek S\u0131ra K\u00fcresel Makaral\u0131 Rulman<br \/>\n\u00c7ift S\u0131ra K\u00fcresel Makaral\u0131 Rulman<br \/>\nKapakl\u0131 K\u00fcresel Makaral\u0131 Rulman<br \/>\nVibrasyon Rulmanlar\u0131<br \/>\nMan\u015fonlu K\u00fcresel Makaral\u0131 Rulman<br \/>\n\u00c7ift Par\u00e7a K\u00fcresel Makaral\u0131 Rulman<br \/>\nMontaja Haz\u0131r Makaral\u0131 Rulman Yataklar\u0131<\/p>\n<p>Contact us to get more information about bearing prices and bearings!<\/p>","protected":false},"featured_media":6598,"template":"","meta":{"inline_featured_image":false,"_monsterinsights_skip_tracking":false,"_monsterinsights_sitenote_active":false,"_monsterinsights_sitenote_note":"","_monsterinsights_sitenote_category":0},"product_brand":[],"product_cat":[48],"product_tag":[118],"class_list":{"0":"post-6477","1":"product","2":"type-product","3":"status-publish","4":"has-post-thumbnail","6":"product_cat-bearings","7":"product_tag-kuresel-makarali-rulmanlar","9":"first","10":"instock","11":"shipping-taxable","12":"product-type-external"},"aioseo_notices":[],"_links":{"self":[{"href":"https:\/\/asdenar.com.tr\/en\/wp-json\/wp\/v2\/product\/6477","targetHints":{"allow":["GET"]}}],"collection":[{"href":"https:\/\/asdenar.com.tr\/en\/wp-json\/wp\/v2\/product"}],"about":[{"href":"https:\/\/asdenar.com.tr\/en\/wp-json\/wp\/v2\/types\/product"}],"wp:featuredmedia":[{"embeddable":true,"href":"https:\/\/asdenar.com.tr\/en\/wp-json\/wp\/v2\/media\/6598"}],"wp:attachment":[{"href":"https:\/\/asdenar.com.tr\/en\/wp-json\/wp\/v2\/media?parent=6477"}],"wp:term":[{"taxonomy":"product_brand","embeddable":true,"href":"https:\/\/asdenar.com.tr\/en\/wp-json\/wp\/v2\/product_brand?post=6477"},{"taxonomy":"product_cat","embeddable":true,"href":"https:\/\/asdenar.com.tr\/en\/wp-json\/wp\/v2\/product_cat?post=6477"},{"taxonomy":"product_tag","embeddable":true,"href":"https:\/\/asdenar.com.tr\/en\/wp-json\/wp\/v2\/product_tag?post=6477"}],"curies":[{"name":"wp","href":"https:\/\/api.w.org\/{rel}","templated":true}]}}