{"id":6270,"date":"2024-05-07T16:03:35","date_gmt":"2024-05-07T16:03:35","guid":{"rendered":"https:\/\/asdenar.com.tr\/?post_type=product&#038;p=6270"},"modified":"2024-07-18T10:55:01","modified_gmt":"2024-07-18T10:55:01","slug":"lineer-araba-ve-kizaklar","status":"publish","type":"product","link":"https:\/\/asdenar.com.tr\/en\/urun\/lineer-araba-ve-kizaklar\/","title":{"rendered":"Profile Rail Guides"},"content":{"rendered":"<h2>Profile Rail Guides<\/h2>\n<h3><strong>Lineer Araba ve K\u0131zak \u00c7e\u015fitleri<\/strong><\/h3>\n<ul>\n<li>LLT Series Profile Rail Slides and Trolleys<\/li>\n<li>LLR Serisi Profil Rayl\u0131 K\u0131zak ve Arabalar (Paslanmaz Se\u00e7ene\u011fi)<\/li>\n<li>LLM Series Miniature Profile Rail Guides and Trolleys<\/li>\n<\/ul>","protected":false},"excerpt":{"rendered":"<h2>Profile Rail Guides<\/h2>\n<h3><strong>Lineer Araba ve K\u0131zak \u00c7e\u015fitleri<\/strong><\/h3>\n<ul>\n<li>LLT Series Profile Rail Slides and Trolleys<\/li>\n<li>LLR Serisi Profil Rayl\u0131 K\u0131zak ve Arabalar (Paslanmaz Se\u00e7ene\u011fi)<\/li>\n<li>LLM Series Miniature Profile Rail Guides and Trolleys<\/li>\n<\/ul>\n<p>You can review our catalog to get information about linear car and slide types, linear car and slide sizes, linear car and slide brands we sell and all other products.<\/p>\n<p>Lineer araba ve k\u0131zak fiyatlar\u0131 ve lineer araba ve k\u0131zaklar ile ilgili daha fazla bilgi almak i\u00e7in <strong><a href=\"https:\/\/asdenar.com.tr\/en\/iletisim\/\">bize ula\u015f\u0131n!<\/a><\/strong><\/p>","protected":false},"featured_media":6267,"template":"","meta":{"inline_featured_image":false,"_monsterinsights_skip_tracking":false,"_monsterinsights_sitenote_active":false,"_monsterinsights_sitenote_note":"","_monsterinsights_sitenote_category":0},"product_brand":[],"product_cat":[66],"product_tag":[141],"class_list":{"0":"post-6270","1":"product","2":"type-product","3":"status-publish","4":"has-post-thumbnail","6":"product_cat-lineer-hareket","7":"product_tag-lineer-araba-ve-kizaklar","9":"first","10":"instock","11":"shipping-taxable","12":"product-type-external"},"aioseo_notices":[],"_links":{"self":[{"href":"https:\/\/asdenar.com.tr\/en\/wp-json\/wp\/v2\/product\/6270","targetHints":{"allow":["GET"]}}],"collection":[{"href":"https:\/\/asdenar.com.tr\/en\/wp-json\/wp\/v2\/product"}],"about":[{"href":"https:\/\/asdenar.com.tr\/en\/wp-json\/wp\/v2\/types\/product"}],"wp:featuredmedia":[{"embeddable":true,"href":"https:\/\/asdenar.com.tr\/en\/wp-json\/wp\/v2\/media\/6267"}],"wp:attachment":[{"href":"https:\/\/asdenar.com.tr\/en\/wp-json\/wp\/v2\/media?parent=6270"}],"wp:term":[{"taxonomy":"product_brand","embeddable":true,"href":"https:\/\/asdenar.com.tr\/en\/wp-json\/wp\/v2\/product_brand?post=6270"},{"taxonomy":"product_cat","embeddable":true,"href":"https:\/\/asdenar.com.tr\/en\/wp-json\/wp\/v2\/product_cat?post=6270"},{"taxonomy":"product_tag","embeddable":true,"href":"https:\/\/asdenar.com.tr\/en\/wp-json\/wp\/v2\/product_tag?post=6270"}],"curies":[{"name":"wp","href":"https:\/\/api.w.org\/{rel}","templated":true}]}}