{"id":3,"date":"2024-04-24T10:09:33","date_gmt":"2024-04-24T10:09:33","guid":{"rendered":"http:\/\/cs364\/cgi\/addon_GT.cgi?s=GT::WP::Install::Cpanel+%28polardis%29+-+127.0.0.1+%5Bnocaller%5D\/?page_id=3"},"modified":"2024-05-08T13:05:23","modified_gmt":"2024-05-08T13:05:23","slug":"gizlilik-politikasi","status":"publish","type":"page","link":"https:\/\/asdenar.com.tr\/en\/gizlilik-politikasi\/","title":{"rendered":"Privacy Policy"},"content":{"rendered":"<p>All information you enter to become a member of our site will not be shared with third party companies or individuals.<\/p>\r\n<p>All information you enter through our site's contact forms will not be shared with third party companies or individuals.<\/p>\r\n<p>Our site may sometimes send campaign information, information about new products, and promotional information to its customers and members. Our members can make any choice about whether or not to receive such information while becoming a member, and this choice can be changed in the account information section after logging in.<\/p>\r\n<p>Only you can access and change all the information you provide when becoming a member. If you keep your member login information secure, it is not possible for others to access or change information about you.\u00a0<\/p>\r\n<p>The buyer is personally responsible for any improper use, objections and any financial losses and penalties that may arise in his or her or third party credit card transactions on asdenar.com.tr.<\/p>","protected":false},"excerpt":{"rendered":"<p>Sitemize \u00fcye olmak i\u00e7in girmi\u015f oldu\u011funuz t\u00fcm bilgiler, \u00a03. parti firma veya ki\u015filerle payla\u015f\u0131lmayacakt\u0131r. Sitemiz ileti\u015fim formlar\u0131ndan girmi\u015f oldu\u011funuz t\u00fcm bilgiler, \u00a03. parti firma veya ki\u015filerle payla\u015f\u0131lmayacakt\u0131r. Sitemiz baz\u0131 d\u00f6nemlerde m\u00fc\u015fterilerine ve \u00fcyelerine kampanya bilgileri, yeni \u00fcr\u00fcnler hakk\u0131nda bilgiler, promosyon bilgileri g\u00f6nderebilir. \u00dcyelerimiz bu gibi bilgileri al\u0131p almama konusunda her<\/p>","protected":false},"author":2,"featured_media":0,"parent":0,"menu_order":0,"comment_status":"closed","ping_status":"open","template":"","meta":{"inline_featured_image":false,"_monsterinsights_skip_tracking":false,"_monsterinsights_sitenote_active":false,"_monsterinsights_sitenote_note":"","_monsterinsights_sitenote_category":0,"footnotes":""},"class_list":["post-3","page","type-page","status-publish","hentry"],"aioseo_notices":[],"_links":{"self":[{"href":"https:\/\/asdenar.com.tr\/en\/wp-json\/wp\/v2\/pages\/3","targetHints":{"allow":["GET"]}}],"collection":[{"href":"https:\/\/asdenar.com.tr\/en\/wp-json\/wp\/v2\/pages"}],"about":[{"href":"https:\/\/asdenar.com.tr\/en\/wp-json\/wp\/v2\/types\/page"}],"author":[{"embeddable":true,"href":"https:\/\/asdenar.com.tr\/en\/wp-json\/wp\/v2\/users\/2"}],"replies":[{"embeddable":true,"href":"https:\/\/asdenar.com.tr\/en\/wp-json\/wp\/v2\/comments?post=3"}],"version-history":[{"count":2,"href":"https:\/\/asdenar.com.tr\/en\/wp-json\/wp\/v2\/pages\/3\/revisions"}],"predecessor-version":[{"id":5998,"href":"https:\/\/asdenar.com.tr\/en\/wp-json\/wp\/v2\/pages\/3\/revisions\/5998"}],"wp:attachment":[{"href":"https:\/\/asdenar.com.tr\/en\/wp-json\/wp\/v2\/media?parent=3"}],"curies":[{"name":"wp","href":"https:\/\/api.w.org\/{rel}","templated":true}]}}